{"id":19462,"date":"2021-08-24T15:54:36","date_gmt":"2021-08-24T13:54:36","guid":{"rendered":"https:\/\/www.go4dogs.de\/?post_type=product&#038;p=19462"},"modified":"2025-12-20T13:13:15","modified_gmt":"2025-12-20T11:13:15","slug":"anny-x-mantelgeschirr-fun-atlantic-schwarz-schwarz","status":"publish","type":"product","link":"https:\/\/www.go4dogs.de\/?product=anny-x-mantelgeschirr-fun-atlantic-schwarz-schwarz","title":{"rendered":"Anny X-Mantelgeschirr Fun Atlantic schwarz\/schwarz"},"content":{"rendered":"<h3><span style=\"font-family: Georgia,Palatino; font-size: 12pt;\">Das Mantelgeschirr Fun Atlantic ist Geschirr und Mantel in einem und sch\u00fctzt Ihren Hund vor Wind und Regen! <\/span><\/h3>\n<p><span style=\"font-family: Georgia,Palatino; font-size: 12pt;\">Komfort-Fakten f\u00fcr Ihren Hund:<\/span><\/p>\n<p><span style=\"font-family: Georgia,Palatino; font-size: 12pt;\">&#8211; Geschirr und Mantel in einem! <\/span><br \/>\n<span style=\"font-family: Georgia,Palatino; font-size: 12pt;\">&#8211; strapazierf\u00e4higes Au\u00dfengewebe mit wasserdichtem Futter <\/span><br \/>\n<span style=\"font-family: Georgia,Palatino; font-size: 12pt;\">&#8211; neuartige, von oben \u00fcberlappende Verschlusstechnik garantiert hohe Wasserdichtigkeit <\/span><br \/>\n<span style=\"font-family: Georgia,Palatino; font-size: 12pt;\">&#8211; ergonomische Form f\u00fcr eine perfekte Anpassung an den K\u00f6rper <\/span><br \/>\n<span style=\"font-family: Georgia,Palatino; font-size: 12pt;\">&#8211; zwei Steckschnallen f\u00fcr einen schnellen Einstieg <\/span><br \/>\n<span style=\"font-family: Georgia,Palatino; font-size: 12pt;\">&#8211; verstellbar im Hals- und Brustbereich <\/span><br \/>\n<span style=\"font-family: Georgia,Palatino; font-size: 12pt;\">&#8211; Kordelzug im Mantelkragen f\u00fcr die Weitenverstellung im Halsbereich <\/span><br \/>\n<span style=\"font-family: Georgia,Palatino; font-size: 12pt;\">&#8211; Haltegriff auf dem R\u00fccken &#8211; verstellbare Beinschlaufen <\/span><br \/>\n<span style=\"font-family: Georgia,Palatino; font-size: 12pt;\">&#8211; europ\u00e4isches Produkt <\/span><br \/>\n<span style=\"font-family: Georgia,Palatino; font-size: 12pt;\">&#8211; erh\u00e4ltlich in 14 Gr\u00f6\u00dfen <\/span><\/p>\n<hr \/>\n<div class=\"product-attributes\"><\/div>\n<div id=\"tab1-name\" class=\"panel panel-default\">\n<div class=\"panel-heading\" data-target=\"#tab1-name\" data-parent=\"#article-tabs\">\n<h3 class=\"panel-title\">Pflegehinweise<\/h3>\n<\/div>\n<div class=\"panel-body\">\n<div class=\"tab-content-wrapper\">\n<p>Wir empfehlen eine Maschinenw\u00e4sche bei 30\u00b0C Schonwaschgang, geringe Schleudertouren (800 Umdrehungen), geringe Trommelf\u00fcllung, kein Weichsp\u00fcler, einen W\u00e4schesack und keinen Trockner.<\/p>\n<p><strong>Bitte legen Sie das Geschirr zum Trocknen nicht auf die Heizung!<\/strong><\/p>\n<\/div>\n<\/div>\n<\/div>\n<div id=\"tab2-name\" class=\"panel panel-default\">\n<div class=\"panel-heading\" data-target=\"#tab2-name\" data-parent=\"#article-tabs\">\n<h3 class=\"panel-title\">Messanleitung und Masstabelle<\/h3>\n<\/div>\n<div class=\"panel-body\">\n<div class=\"tab-content-wrapper\">\n<p>So ermitteln Sie die richtigen Ma\u00dfe f\u00fcr unsere Brustgeschirre: siehe Ma\u00dftabelle und Messanleitung\u00a0in den Fotos!<\/p>\n<p>Die Bruststegl\u00e4nge k\u00f6nnen Sie bei Ihrem Hund ganz einfach messen:<br \/>\nLegen Sie das Ma\u00dfband am Beginn des Brustbeines an und f\u00fchren es zwischen den Vorderbeinen hindurch nach hinten.<br \/>\nSollten Sie vorher die Gr\u00f6\u00dfe S in Erw\u00e4gung gezogen haben, dann m\u00fcssten die 23cm hinter der breitesten Stelle des Brustkorbes und vor dem letzten Rippenbogen enden.<\/p>\n<\/div>\n<\/div>\n<\/div>\n","protected":false},"excerpt":{"rendered":"<p>Das Mantelgeschirr Fun Atlantic ist Geschirr und Mantel in einem und sch\u00fctzt Ihren Hund vor Wind und Regen! Komfort-Fakten f\u00fcr Ihren Hund: &#8211; Geschirr und Mantel in einem! &#8211; strapazierf\u00e4higes Au\u00dfengewebe mit wasserdichtem Futter &#8211; neuartige, von oben \u00fcberlappende Verschlusstechnik garantiert hohe Wasserdichtigkeit &#8211; ergonomische Form f\u00fcr eine perfekte Anpassung an den K\u00f6rper &#8211; zwei [&hellip;]<\/p>\n","protected":false},"featured_media":19477,"comment_status":"closed","ping_status":"closed","template":"","meta":[],"product_brand":[],"product_cat":[209],"product_tag":[],"class_list":{"0":"post-19462","1":"product","2":"type-product","3":"status-publish","4":"has-post-thumbnail","6":"product_cat-mantel-geschirre","7":"tm-no-options","9":"first","10":"instock","11":"sale","12":"taxable","13":"shipping-taxable","14":"product-type-variable"},"supplier_id":null,"supplier_sku":"","barcode":null,"atum_controlled":true,"out_stock_date":null,"out_stock_threshold":null,"inheritable":false,"inbound_stock":0,"stock_on_hold":0,"sold_today":1,"sales_last_days":1,"reserved_stock":0,"customer_returns":0,"warehouse_damage":0,"lost_in_post":0,"other_logs":0,"out_stock_days":null,"lost_sales":0,"has_location":false,"update_date":"2025-11-27T10:09:54","atum_locations":[],"atum_stock_status":"instock","restock_status":false,"low_stock_amount":"","sales_update_date":"2024-10-26T06:56:26","calc_backorders":null,"jetpack_sharing_enabled":true,"_links":{"self":[{"href":"https:\/\/www.go4dogs.de\/index.php?rest_route=\/wp\/v2\/product\/19462","targetHints":{"allow":["GET"]}}],"collection":[{"href":"https:\/\/www.go4dogs.de\/index.php?rest_route=\/wp\/v2\/product"}],"about":[{"href":"https:\/\/www.go4dogs.de\/index.php?rest_route=\/wp\/v2\/types\/product"}],"replies":[{"embeddable":true,"href":"https:\/\/www.go4dogs.de\/index.php?rest_route=%2Fwp%2Fv2%2Fcomments&post=19462"}],"wp:featuredmedia":[{"embeddable":true,"href":"https:\/\/www.go4dogs.de\/index.php?rest_route=\/wp\/v2\/media\/19477"}],"wp:attachment":[{"href":"https:\/\/www.go4dogs.de\/index.php?rest_route=%2Fwp%2Fv2%2Fmedia&parent=19462"}],"wp:term":[{"taxonomy":"product_brand","embeddable":true,"href":"https:\/\/www.go4dogs.de\/index.php?rest_route=%2Fwp%2Fv2%2Fproduct_brand&post=19462"},{"taxonomy":"product_cat","embeddable":true,"href":"https:\/\/www.go4dogs.de\/index.php?rest_route=%2Fwp%2Fv2%2Fproduct_cat&post=19462"},{"taxonomy":"product_tag","embeddable":true,"href":"https:\/\/www.go4dogs.de\/index.php?rest_route=%2Fwp%2Fv2%2Fproduct_tag&post=19462"}],"curies":[{"name":"wp","href":"https:\/\/api.w.org\/{rel}","templated":true}]}}