{"id":19426,"date":"2021-08-05T17:05:17","date_gmt":"2021-08-05T15:05:17","guid":{"rendered":"https:\/\/www.go4dogs.de\/?post_type=product&#038;p=19426"},"modified":"2024-11-13T21:00:27","modified_gmt":"2024-11-13T19:00:27","slug":"schleckmatte-lickimat-buddy","status":"publish","type":"product","link":"https:\/\/www.go4dogs.de\/?product=schleckmatte-lickimat-buddy","title":{"rendered":"Schleckmatte LickiMat Buddy"},"content":{"rendered":"<h2>Schleckmatte LickiMat<\/h2>\n<p>Wir Hundehalter wissen, unsere Hunde lecken f\u00fcr Ihr Leben gern.<\/p>\n<p>Die Schleckmatte LickiMat wird daher im Handumdrehen das neue Lieblingsspielzeug deines Hundes werden:<\/p>\n<ul>\n<li>Silikonmatte mit Vertiefungen<\/li>\n<li>mit Leberwurst, Joghurt, K\u00e4se oder sonstigen Leckereien bestreichen<\/li>\n<li>im K\u00fchlschrank oder Gefrierfach fest werden lassen<\/li>\n<li>und los geht der Leckspa\u00df<\/li>\n<li>besonders im Sommer sehr erfrischend<\/li>\n<\/ul>\n<p>Auch ideal als Anti-Schling-Napf f\u00fcr sehr kleine Hunde geeignet.<\/p>\n<p>Gr\u00f6\u00dfe 20x20cm<\/p>\n","protected":false},"excerpt":{"rendered":"<p>Schleckmatte LickiMat Wir Hundehalter wissen, unsere Hunde lecken f\u00fcr Ihr Leben gern. Die Schleckmatte LickiMat wird daher im Handumdrehen das neue Lieblingsspielzeug deines Hundes werden: Silikonmatte mit Vertiefungen mit Leberwurst, Joghurt, K\u00e4se oder sonstigen Leckereien bestreichen im K\u00fchlschrank oder Gefrierfach fest werden lassen und los geht der Leckspa\u00df besonders im Sommer sehr erfrischend Auch ideal [&hellip;]<\/p>\n","protected":false},"featured_media":19433,"comment_status":"closed","ping_status":"closed","template":"","meta":[],"product_brand":[],"product_cat":[219,254],"product_tag":[],"class_list":{"0":"post-19426","1":"product","2":"type-product","3":"status-publish","4":"has-post-thumbnail","6":"product_cat-zum-beschaeftigen","7":"product_cat-naepfe-2","8":"tm-no-options","10":"first","11":"instock","12":"taxable","13":"shipping-taxable","14":"product-type-variable"},"supplier_id":null,"supplier_sku":"","barcode":null,"atum_controlled":true,"out_stock_date":null,"out_stock_threshold":null,"inheritable":false,"inbound_stock":null,"stock_on_hold":null,"sold_today":null,"sales_last_days":null,"reserved_stock":null,"customer_returns":null,"warehouse_damage":null,"lost_in_post":null,"other_logs":null,"out_stock_days":null,"lost_sales":null,"has_location":null,"update_date":"2024-11-13T19:00:29","atum_locations":[],"atum_stock_status":"instock","restock_status":false,"low_stock_amount":"","sales_update_date":null,"calc_backorders":null,"jetpack_sharing_enabled":true,"_links":{"self":[{"href":"https:\/\/www.go4dogs.de\/index.php?rest_route=\/wp\/v2\/product\/19426","targetHints":{"allow":["GET"]}}],"collection":[{"href":"https:\/\/www.go4dogs.de\/index.php?rest_route=\/wp\/v2\/product"}],"about":[{"href":"https:\/\/www.go4dogs.de\/index.php?rest_route=\/wp\/v2\/types\/product"}],"replies":[{"embeddable":true,"href":"https:\/\/www.go4dogs.de\/index.php?rest_route=%2Fwp%2Fv2%2Fcomments&post=19426"}],"wp:featuredmedia":[{"embeddable":true,"href":"https:\/\/www.go4dogs.de\/index.php?rest_route=\/wp\/v2\/media\/19433"}],"wp:attachment":[{"href":"https:\/\/www.go4dogs.de\/index.php?rest_route=%2Fwp%2Fv2%2Fmedia&parent=19426"}],"wp:term":[{"taxonomy":"product_brand","embeddable":true,"href":"https:\/\/www.go4dogs.de\/index.php?rest_route=%2Fwp%2Fv2%2Fproduct_brand&post=19426"},{"taxonomy":"product_cat","embeddable":true,"href":"https:\/\/www.go4dogs.de\/index.php?rest_route=%2Fwp%2Fv2%2Fproduct_cat&post=19426"},{"taxonomy":"product_tag","embeddable":true,"href":"https:\/\/www.go4dogs.de\/index.php?rest_route=%2Fwp%2Fv2%2Fproduct_tag&post=19426"}],"curies":[{"name":"wp","href":"https:\/\/api.w.org\/{rel}","templated":true}]}}