{"id":19356,"date":"2021-08-01T20:55:30","date_gmt":"2021-08-01T18:55:30","guid":{"rendered":"https:\/\/www.go4dogs.de\/?post_type=product&#038;p=19356"},"modified":"2024-11-13T20:27:12","modified_gmt":"2024-11-13T18:27:12","slug":"west-paw-seaflex-snorkl","status":"publish","type":"product","link":"https:\/\/www.go4dogs.de\/?product=west-paw-seaflex-snorkl","title":{"rendered":"West Paw Seaflex Snorkl"},"content":{"rendered":"<h2>Seaflex Snorkl<\/h2>\n<article class=\"info-left__description info-left__description--content\"><img decoding=\"async\" class=\"info-left__logo\" title=\"\" src=\"https:\/\/uploads.zoobio.de\/resize\/brands\/2016\/03\/31\/56fd00b75cc4e_200x200.png\" alt=\"West Paw\" \/>Lust auf Meer? Dann ist das <strong>West Paw Seaflex Snorkl Smaragd<\/strong>\u00a0die perfekte Wahl! Das schwimmf\u00e4hige Spielzeug eignet sich f\u00fcr ausgelassene Apportieraction und z\u00fcgellose Zerrspielereien gleicherma\u00dfen gut, wobei vor allem Hunde mit hohem Energielevel voll auf ihre Kosten kommen d\u00fcrften. Doch das ist l\u00e4ngst nicht alles: zur Herstellung wird ein Gemisch aus Zogoflex und recyceltem Plastikmaterial verwendet, welches sonst in unseren Ozeanen gelandet w\u00e4re.<\/p>\n<table class=\"techdata\" border=\"0\" cellspacing=\"0\" cellpadding=\"0\">\n<tbody>\n<tr>\n<td class=\"spec\">Eigenschaften<\/td>\n<td class=\"val\">\n<ul>\n<li>Hundespielzeug zum Zerren und Apportieren<\/li>\n<li>interaktives Spielvergn\u00fcgen f\u00fcr lebhafte Hunde<\/li>\n<li>schwimmf\u00e4hig<\/li>\n<li>hergestellt aus Seaflex (Gemisch aus recyceltem Plastik und Zogoflex)<\/li>\n<li>ungiftig<\/li>\n<li>frei von BPA, Phthalaten und Latex<\/li>\n<li>hergestellt in den USA<\/li>\n<\/ul>\n<\/td>\n<\/tr>\n<\/tbody>\n<\/table>\n<\/article>\n","protected":false},"excerpt":{"rendered":"<p>West Paw Bumi<\/p>\n","protected":false},"featured_media":19360,"comment_status":"closed","ping_status":"closed","template":"","meta":[],"product_brand":[],"product_cat":[218],"product_tag":[],"class_list":{"0":"post-19356","1":"product","2":"type-product","3":"status-publish","4":"has-post-thumbnail","6":"product_cat-zum-werfen-zerren-jagen","7":"tm-no-options","9":"first","10":"instock","11":"taxable","12":"shipping-taxable","13":"purchasable","14":"product-type-variable"},"supplier_id":null,"supplier_sku":"","barcode":null,"atum_controlled":true,"out_stock_date":null,"out_stock_threshold":null,"inheritable":true,"inbound_stock":0,"stock_on_hold":0,"sold_today":null,"sales_last_days":null,"reserved_stock":0,"customer_returns":0,"warehouse_damage":0,"lost_in_post":0,"other_logs":0,"out_stock_days":null,"lost_sales":null,"has_location":false,"update_date":"2024-11-13T18:27:15","atum_locations":[],"atum_stock_status":"instock","restock_status":false,"low_stock_amount":"","sales_update_date":"2024-05-21T09:00:30","calc_backorders":null,"jetpack_sharing_enabled":true,"_links":{"self":[{"href":"https:\/\/www.go4dogs.de\/index.php?rest_route=\/wp\/v2\/product\/19356","targetHints":{"allow":["GET"]}}],"collection":[{"href":"https:\/\/www.go4dogs.de\/index.php?rest_route=\/wp\/v2\/product"}],"about":[{"href":"https:\/\/www.go4dogs.de\/index.php?rest_route=\/wp\/v2\/types\/product"}],"replies":[{"embeddable":true,"href":"https:\/\/www.go4dogs.de\/index.php?rest_route=%2Fwp%2Fv2%2Fcomments&post=19356"}],"wp:featuredmedia":[{"embeddable":true,"href":"https:\/\/www.go4dogs.de\/index.php?rest_route=\/wp\/v2\/media\/19360"}],"wp:attachment":[{"href":"https:\/\/www.go4dogs.de\/index.php?rest_route=%2Fwp%2Fv2%2Fmedia&parent=19356"}],"wp:term":[{"taxonomy":"product_brand","embeddable":true,"href":"https:\/\/www.go4dogs.de\/index.php?rest_route=%2Fwp%2Fv2%2Fproduct_brand&post=19356"},{"taxonomy":"product_cat","embeddable":true,"href":"https:\/\/www.go4dogs.de\/index.php?rest_route=%2Fwp%2Fv2%2Fproduct_cat&post=19356"},{"taxonomy":"product_tag","embeddable":true,"href":"https:\/\/www.go4dogs.de\/index.php?rest_route=%2Fwp%2Fv2%2Fproduct_tag&post=19356"}],"curies":[{"name":"wp","href":"https:\/\/api.w.org\/{rel}","templated":true}]}}