{"id":19214,"date":"2021-06-26T21:45:32","date_gmt":"2021-06-26T19:45:32","guid":{"rendered":"https:\/\/www.go4dogs.de\/?post_type=product&#038;p=19214"},"modified":"2024-12-01T21:01:12","modified_gmt":"2024-12-01T19:01:12","slug":"dokas-huehnerherzen-22g","status":"publish","type":"product","link":"https:\/\/www.go4dogs.de\/?product=dokas-huehnerherzen-22g","title":{"rendered":"Dokas H\u00fchnerherzen, 22g"},"content":{"rendered":"<p><strong>Der pure Snack<\/strong><\/p>\n<p>Als Snack sind die gefriergetrockneten H\u00fchnerherzen die ideale Erg\u00e4nzung im t\u00e4glichen Ern\u00e4hrungsplan und hei\u00df begehrt von jedem Vierbeiner. Durch die schonende Gefriertrocknung bleiben der Geschmack und die N\u00e4hrstoffe zu 100% erhalten. Nat\u00fcrlich! Lecker! Einzigartig!<\/p>\n<p>Rohprotein: 69,9 %<br \/>\nRohfaser: 0,5 %<br \/>\nRohfett: 19,7 %<br \/>\nRohasche: 6,9 %<br \/>\nFeuchtigkeit: 3,8 %<br \/>\nEnergie: 457 kcal\/100g; 1913 kJ\/100g<\/p>\n<p>Die Berechnung der Energie erfolgte nach DIN EN 16967:2017.<\/p>\n<p>Erg\u00e4nzungsfuttermittel f\u00fcr Hunde.<br \/>\nZusammensetzung: 99,5% H\u00fchnerherzen, 0,5% Mannan-Oligosaccharide<\/p>\n<p>Als Belohnung zwischen den \u00fcblichen Mahlzeiten. Reduzierung der t\u00e4glichen Futtermenge nach Bedarf (Siehe Energieangabe). Stets ausreichend Trinkwasser bereitstellen. Nach Anbruch bitte k\u00fchl und trocken lagern. Frischebeutel verschlie\u00dfen und Inhalt bald verf\u00fcttern. Der im Beutel befindliche Absorber dient der Frische des Produktes und ist nicht zum Verzehr geeignet. Den Snack unter Aufsicht f\u00fcttern.<\/p>\n<p>Tipp: So gerne wir unsere Heimtiere auch belohnen, es sollte immer in Ma\u00dfen erfolgen.<\/p>\n","protected":false},"excerpt":{"rendered":"<p>Der pure Snack Als Snack sind die gefriergetrockneten H\u00fchnerherzen die ideale Erg\u00e4nzung im t\u00e4glichen Ern\u00e4hrungsplan und hei\u00df begehrt von jedem Vierbeiner. Durch die schonende Gefriertrocknung bleiben der Geschmack und die N\u00e4hrstoffe zu 100% erhalten. Nat\u00fcrlich! Lecker! Einzigartig! Rohprotein: 69,9 % Rohfaser: 0,5 % Rohfett: 19,7 % Rohasche: 6,9 % Feuchtigkeit: 3,8 % Energie: 457 kcal\/100g; [&hellip;]<\/p>\n","protected":false},"featured_media":19215,"comment_status":"closed","ping_status":"closed","template":"","meta":[],"product_brand":[],"product_cat":[211],"product_tag":[],"class_list":{"0":"post-19214","1":"product","2":"type-product","3":"status-publish","4":"has-post-thumbnail","6":"product_cat-leckerlies-von-dokas","7":"tm-no-options","9":"first","10":"instock","11":"taxable","12":"shipping-taxable","13":"product-type-simple"},"supplier_id":null,"supplier_sku":"","barcode":null,"atum_controlled":true,"out_stock_date":null,"out_stock_threshold":null,"inheritable":false,"inbound_stock":0,"stock_on_hold":0,"sold_today":0,"sales_last_days":0,"reserved_stock":0,"customer_returns":0,"warehouse_damage":0,"lost_in_post":0,"other_logs":0,"out_stock_days":0,"lost_sales":0,"has_location":false,"update_date":"2024-12-01T19:01:16","atum_locations":[],"atum_stock_status":"instock","restock_status":false,"low_stock_amount":"","sales_update_date":"2023-11-25T06:20:42","calc_backorders":null,"jetpack_sharing_enabled":true,"_links":{"self":[{"href":"https:\/\/www.go4dogs.de\/index.php?rest_route=\/wp\/v2\/product\/19214","targetHints":{"allow":["GET"]}}],"collection":[{"href":"https:\/\/www.go4dogs.de\/index.php?rest_route=\/wp\/v2\/product"}],"about":[{"href":"https:\/\/www.go4dogs.de\/index.php?rest_route=\/wp\/v2\/types\/product"}],"replies":[{"embeddable":true,"href":"https:\/\/www.go4dogs.de\/index.php?rest_route=%2Fwp%2Fv2%2Fcomments&post=19214"}],"wp:featuredmedia":[{"embeddable":true,"href":"https:\/\/www.go4dogs.de\/index.php?rest_route=\/wp\/v2\/media\/19215"}],"wp:attachment":[{"href":"https:\/\/www.go4dogs.de\/index.php?rest_route=%2Fwp%2Fv2%2Fmedia&parent=19214"}],"wp:term":[{"taxonomy":"product_brand","embeddable":true,"href":"https:\/\/www.go4dogs.de\/index.php?rest_route=%2Fwp%2Fv2%2Fproduct_brand&post=19214"},{"taxonomy":"product_cat","embeddable":true,"href":"https:\/\/www.go4dogs.de\/index.php?rest_route=%2Fwp%2Fv2%2Fproduct_cat&post=19214"},{"taxonomy":"product_tag","embeddable":true,"href":"https:\/\/www.go4dogs.de\/index.php?rest_route=%2Fwp%2Fv2%2Fproduct_tag&post=19214"}],"curies":[{"name":"wp","href":"https:\/\/api.w.org\/{rel}","templated":true}]}}