{"id":18957,"date":"2021-05-19T19:09:45","date_gmt":"2021-05-19T17:09:45","guid":{"rendered":"https:\/\/www.go4dogs.de\/?post_type=product&#038;p=18957"},"modified":"2024-11-13T20:27:12","modified_gmt":"2024-11-13T18:27:12","slug":"west-paw-dog-echo-rumbl","status":"publish","type":"product","link":"https:\/\/www.go4dogs.de\/?product=west-paw-dog-echo-rumbl","title":{"rendered":"West Paw Dog Echo Rumbl"},"content":{"rendered":"<h2>Rumbl<\/h2>\n<article class=\"info-left__description info-left__description--content\"><img decoding=\"async\" class=\"info-left__logo\" title=\"\" src=\"https:\/\/uploads.zoobio.de\/resize\/brands\/2016\/03\/31\/56fd00b75cc4e_200x200.png\" alt=\"West Paw\" \/><\/p>\n<p>Lust auf ein leckeres Spielerlebnis? Dann ist der\u00a0<strong>West Paw Dog Echo Rumbl <\/strong>\u00a0die richtige Wahl! Der sprunghafte Spielball l\u00e4sst sich mit den Lieblingssnacks Ihres vierbeinigen Freundes bef\u00fcllen und wirkt dank langsamer Futterausgabe einem hastigen Schlingen entgegen. Das Hundespielzeug ist selbstverst\u00e4ndlich absolut ungiftig und frei von BPA, Latex und Phthalaten. Sie k\u00f6nnen es bei Bedarf ganz einfach in der Sp\u00fclmaschine reinigen.<\/p>\n<ul>\n<li>\n<table class=\"techdata\" border=\"0\" cellspacing=\"0\" cellpadding=\"0\">\n<tbody>\n<tr>\n<td class=\"spec\">Eigenschaften<\/td>\n<td class=\"val\">\n<ul>\n<li>motivierendes Intelligenzspielzeug f\u00fcr Hunde<\/li>\n<li>l\u00e4sst sich mit Leckerlis und Trockenfutter bef\u00fcllen<\/li>\n<li>sprunghaft<\/li>\n<li>sp\u00fclmaschinenfest<\/li>\n<li>ungiftig<\/li>\n<li>ohne Latex, Phthalate und BPA (Bisphenol-A)<\/li>\n<\/ul>\n<\/td>\n<\/tr>\n<\/tbody>\n<\/table>\n<\/li>\n<li><\/li>\n<\/ul>\n<table border=\"1\" cellspacing=\"1\" cellpadding=\"1\">\n<tbody>\n<tr>\n<td><strong>Gr\u00f6\u00dfe<\/strong><\/td>\n<td><strong>Ma\u00dfe<\/strong><\/td>\n<\/tr>\n<tr>\n<td>S<\/td>\n<td>ca. 8 cm<\/td>\n<\/tr>\n<tr>\n<td>L<\/td>\n<td>ca. 10 cm<\/td>\n<\/tr>\n<\/tbody>\n<\/table>\n<p><strong>Varianten:<\/strong><\/p>\n<ul>\n<li>Lila, Gr\u00fcn, Orange<\/li>\n<\/ul>\n<\/article>\n","protected":false},"excerpt":{"rendered":"<p>West Paw Bumi<\/p>\n","protected":false},"featured_media":18964,"comment_status":"closed","ping_status":"closed","template":"","meta":[],"product_brand":[],"product_cat":[218,219],"product_tag":[],"class_list":{"0":"post-18957","1":"product","2":"type-product","3":"status-publish","4":"has-post-thumbnail","6":"product_cat-zum-werfen-zerren-jagen","7":"product_cat-zum-beschaeftigen","8":"tm-no-options","10":"first","11":"instock","12":"taxable","13":"shipping-taxable","14":"product-type-variable"},"supplier_id":null,"supplier_sku":"","barcode":null,"atum_controlled":true,"out_stock_date":null,"out_stock_threshold":null,"inheritable":false,"inbound_stock":0,"stock_on_hold":0,"sold_today":0,"sales_last_days":3,"reserved_stock":0,"customer_returns":0,"warehouse_damage":0,"lost_in_post":0,"other_logs":0,"out_stock_days":null,"lost_sales":0,"has_location":false,"update_date":"2024-11-13T18:27:15","atum_locations":[],"atum_stock_status":"instock","restock_status":false,"low_stock_amount":"","sales_update_date":"2024-05-21T09:05:31","calc_backorders":null,"jetpack_sharing_enabled":true,"_links":{"self":[{"href":"https:\/\/www.go4dogs.de\/index.php?rest_route=\/wp\/v2\/product\/18957","targetHints":{"allow":["GET"]}}],"collection":[{"href":"https:\/\/www.go4dogs.de\/index.php?rest_route=\/wp\/v2\/product"}],"about":[{"href":"https:\/\/www.go4dogs.de\/index.php?rest_route=\/wp\/v2\/types\/product"}],"replies":[{"embeddable":true,"href":"https:\/\/www.go4dogs.de\/index.php?rest_route=%2Fwp%2Fv2%2Fcomments&post=18957"}],"wp:featuredmedia":[{"embeddable":true,"href":"https:\/\/www.go4dogs.de\/index.php?rest_route=\/wp\/v2\/media\/18964"}],"wp:attachment":[{"href":"https:\/\/www.go4dogs.de\/index.php?rest_route=%2Fwp%2Fv2%2Fmedia&parent=18957"}],"wp:term":[{"taxonomy":"product_brand","embeddable":true,"href":"https:\/\/www.go4dogs.de\/index.php?rest_route=%2Fwp%2Fv2%2Fproduct_brand&post=18957"},{"taxonomy":"product_cat","embeddable":true,"href":"https:\/\/www.go4dogs.de\/index.php?rest_route=%2Fwp%2Fv2%2Fproduct_cat&post=18957"},{"taxonomy":"product_tag","embeddable":true,"href":"https:\/\/www.go4dogs.de\/index.php?rest_route=%2Fwp%2Fv2%2Fproduct_tag&post=18957"}],"curies":[{"name":"wp","href":"https:\/\/api.w.org\/{rel}","templated":true}]}}