{"id":18951,"date":"2021-05-19T18:50:20","date_gmt":"2021-05-19T16:50:20","guid":{"rendered":"https:\/\/www.go4dogs.de\/?post_type=product&#038;p=18951"},"modified":"2024-11-15T12:43:48","modified_gmt":"2024-11-15T10:43:48","slug":"planet-dog-orbee-tuff-fetch-ball-mit-seil","status":"publish","type":"product","link":"https:\/\/www.go4dogs.de\/?product=planet-dog-orbee-tuff-fetch-ball-mit-seil","title":{"rendered":"Planet Dog Orbee-Tuff Fetch Ball mit Seil"},"content":{"rendered":"<p>Egal ob an Land oder im Wasser: mit dem schwimmf\u00e4higen\u00a0<strong>Planet Dog Orbee-Tuff Fetch Ball mit Seil<\/strong>\u00a0k\u00f6nnen Sie Ihrem vierbeinigen Wildfang ein besonders actiongeladenes Spielvergn\u00fcgen bieten. Ausgestattet mit einem praktischen Wurfseil l\u00e4sst sich der farbenfrohe Hundeball weit schleudern, so dass sich Ihr tierischer Freund beim Apportieren ordentlich auspowern kann. Auch zum Zerren und Kauen ist das vielseitige Hundespielzeug bestens geeignet.<\/p>\n<h2>MATERIAL UND EIGENSCHAFTEN<\/h2>\n<table class=\"techdata\" border=\"0\" cellspacing=\"0\" cellpadding=\"0\">\n<tbody>\n<tr>\n<td class=\"spec\">Material<\/td>\n<td class=\"val\">Orbee-Tuff\u00ae<\/td>\n<\/tr>\n<tr>\n<td class=\"spec\">Farbe<\/td>\n<td class=\"val\">gr\u00fcn oder pink<\/td>\n<\/tr>\n<tr>\n<td class=\"spec\">Gr\u00f6\u00dfe<\/td>\n<td class=\"val\">7,5 cm<\/td>\n<\/tr>\n<tr>\n<td class=\"spec\">Eigenschaften<\/td>\n<td class=\"val\">\n<ul>\n<li>robustes Hundespielzeug zum Kauen, Werfen und Apportieren<\/li>\n<li>inklusive Seil zum Schleudern und Zerren<\/li>\n<li>farbenfrohes Design<\/li>\n<li>angenehmer Minz-Duft<\/li>\n<li>schwimmf\u00e4higes Wasserspielzeug<\/li>\n<li>geeignet f\u00fcr aggressive Kauer<\/li>\n<li>hergestellt aus dem patentierten Orbee Tuff Material<\/li>\n<li>ungiftig und schadstofffrei<\/li>\n<li>Made in the USA<\/li>\n<\/ul>\n<\/td>\n<\/tr>\n<\/tbody>\n<\/table>\n<h2>PLANET DOG ORBEE-TUFF FETCH BALL MIT SEIL<\/h2>\n<p>Mit ihrem farbenfrohen Fetch Ball liefern Planet Dog ein spannendes Apportierspielzeug f\u00fcr Hunde mit ausgepr\u00e4gtem Zerr- und Kaubed\u00fcrfnis. Der in Rosarot und Hundewiesengr\u00fcn erh\u00e4ltliche Wurfball verf\u00fcgt \u00fcber ein integriertes Seil zum weiten Werfen und einfachen Tragen. Auch eine vergn\u00fcgliche Runde interaktives Tauziehen ist problemlos m\u00f6glich. Hergestellt aus dem hauseigenen Orbee Tuff ist der toughe Hundeball geradezu pr\u00e4destiniert als Kauspielzeug. Sein angenehmer Minzduft sorgt dabei f\u00fcr ein sinnliches Kauvergn\u00fcgen. Dank seiner schwimmf\u00e4higen Eigenschaften l\u00e4sst er sich sogar im Wasser verwenden. Sollte das Meer oder der n\u00e4chste Badesee dabei gerade nicht in Reichweite sein, k\u00f6nnen Sie Ihrer vierbeinigen Wasserratte nat\u00fcrlich auch mit einem kompakten\u00a0Planschbecken\u00a0zu einem feuchtfr\u00f6hlichen Abenteuer verhelfen.<\/p>\n<p>&nbsp;<\/p>\n","protected":false},"excerpt":{"rendered":"<p>Egal ob an Land oder im Wasser: mit dem schwimmf\u00e4higen\u00a0Planet Dog Orbee-Tuff Fetch Ball mit Seil\u00a0k\u00f6nnen Sie Ihrem vierbeinigen Wildfang ein besonders actiongeladenes Spielvergn\u00fcgen bieten. Ausgestattet mit einem praktischen Wurfseil l\u00e4sst sich der farbenfrohe Hundeball weit schleudern, so dass sich Ihr tierischer Freund beim Apportieren ordentlich auspowern kann. Auch zum Zerren und Kauen ist das [&hellip;]<\/p>\n","protected":false},"featured_media":18954,"comment_status":"closed","ping_status":"closed","template":"","meta":[],"product_brand":[],"product_cat":[218],"product_tag":[],"class_list":{"0":"post-18951","1":"product","2":"type-product","3":"status-publish","4":"has-post-thumbnail","6":"product_cat-zum-werfen-zerren-jagen","7":"tm-no-options","9":"first","10":"instock","11":"taxable","12":"shipping-taxable","13":"product-type-variable"},"supplier_id":null,"supplier_sku":"","barcode":null,"atum_controlled":true,"out_stock_date":null,"out_stock_threshold":null,"inheritable":false,"inbound_stock":0,"stock_on_hold":2,"sold_today":2,"sales_last_days":2,"reserved_stock":0,"customer_returns":0,"warehouse_damage":0,"lost_in_post":0,"other_logs":0,"out_stock_days":null,"lost_sales":0,"has_location":false,"update_date":"2024-11-15T10:43:51","atum_locations":[],"atum_stock_status":"instock","restock_status":false,"low_stock_amount":"","sales_update_date":"2024-05-21T09:05:32","calc_backorders":null,"jetpack_sharing_enabled":true,"_links":{"self":[{"href":"https:\/\/www.go4dogs.de\/index.php?rest_route=\/wp\/v2\/product\/18951","targetHints":{"allow":["GET"]}}],"collection":[{"href":"https:\/\/www.go4dogs.de\/index.php?rest_route=\/wp\/v2\/product"}],"about":[{"href":"https:\/\/www.go4dogs.de\/index.php?rest_route=\/wp\/v2\/types\/product"}],"replies":[{"embeddable":true,"href":"https:\/\/www.go4dogs.de\/index.php?rest_route=%2Fwp%2Fv2%2Fcomments&post=18951"}],"wp:featuredmedia":[{"embeddable":true,"href":"https:\/\/www.go4dogs.de\/index.php?rest_route=\/wp\/v2\/media\/18954"}],"wp:attachment":[{"href":"https:\/\/www.go4dogs.de\/index.php?rest_route=%2Fwp%2Fv2%2Fmedia&parent=18951"}],"wp:term":[{"taxonomy":"product_brand","embeddable":true,"href":"https:\/\/www.go4dogs.de\/index.php?rest_route=%2Fwp%2Fv2%2Fproduct_brand&post=18951"},{"taxonomy":"product_cat","embeddable":true,"href":"https:\/\/www.go4dogs.de\/index.php?rest_route=%2Fwp%2Fv2%2Fproduct_cat&post=18951"},{"taxonomy":"product_tag","embeddable":true,"href":"https:\/\/www.go4dogs.de\/index.php?rest_route=%2Fwp%2Fv2%2Fproduct_tag&post=18951"}],"curies":[{"name":"wp","href":"https:\/\/api.w.org\/{rel}","templated":true}]}}