{"id":18864,"date":"2021-05-02T20:53:26","date_gmt":"2021-05-02T18:53:26","guid":{"rendered":"https:\/\/www.go4dogs.de\/?post_type=product&#038;p=18864"},"modified":"2025-06-24T16:32:05","modified_gmt":"2025-06-24T14:32:05","slug":"wolters-plueschhund","status":"publish","type":"product","link":"https:\/\/www.go4dogs.de\/?product=wolters-plueschhund","title":{"rendered":"WOLTERS Pl\u00fcschhund"},"content":{"rendered":"<div class=\"h3 product-detail-description-title\">\n<div class=\"product-detail-description-text col-lg-6\">\n<div class=\"h3 product-detail-description-title\">Pl\u00fcschhund<\/div>\n<h4>DEN WIRD DEIN HUND GARANTIERT LIEBHABEN<\/h4>\n<h5>Treuer Blick, putzige Schlappohren, flauschiges Fell &#8211; wer m\u00f6chte diesen s\u00fc\u00dfen Pl\u00fcschkameraden nicht als Freund haben.<\/h5>\n<div>Ob zum Kuscheln im K\u00f6rbchen oder als Spielbegleiter auf Reisen &#8211; der Pl\u00fcschhund ist zu allem bereit. Sein Fell besteht aus weichem Polyester, gef\u00fcllt ist er mit Polywatte. Um den Jagdtrieb des Hundes nicht zu f\u00f6rdern, verzichten wir bei all unseren Spielzeugen f\u00fcr Hunde komplett auf Quietsche.<\/div>\n<div><\/div>\n<div>Zudem sind keine verschluckbaren Kleinteile, wie Knopfaugen vern\u00e4ht. Gut zu wissen: Wir produzieren aus \u00dcberzeugung all unsere Spielzeuge ohne Quietsche. Wenn ein Hund zum Beispiel ein potenzielles Beutetier jagt und dieses stetig Ger\u00e4usche von sich gibt, denkt der Hund, das Tier ist noch nicht erlegt und l\u00e4sst nicht von dem Beutetier ab.<\/div>\n<div><\/div>\n<div>\u00dcbersetzt auf ein Zusammentreffen von zwei Hunden hei\u00dft das, dass wenn beim Spiel dein Hund einen anderen Hund versehentlich bei\u00dft, quietscht oder jault dieser auf. Ein Signal f\u00fcr den anderen Hund, abzulassen und das gemeinsame Spiel zu beenden. So verzichten wir bewusst auf quietschende Ger\u00e4uschmacher, damit der Jagdinstinkt des Hundes nicht unn\u00f6tig geweckt bzw. auf Dauer sogar verst\u00e4rkt wird.<\/div>\n<div><\/div>\n<div class=\"product-detail-properties\">\n<div class=\"row product-detail-properties-container mt-3\">\n<div class=\"col-12\">\n<table class=\"table table-striped product-detail-properties-table\">\n<tbody>\n<tr class=\"properties-row\">\n<th class=\"properties-label\">Farbe:<\/th>\n<td class=\"properties-value\">braun oder beige<\/td>\n<\/tr>\n<tr class=\"properties-row\">\n<th class=\"properties-label\">Kategorie:<\/th>\n<td class=\"properties-value\">Hundespielzeug<\/td>\n<\/tr>\n<tr class=\"properties-row\">\n<th class=\"properties-label\">Material:<\/th>\n<td class=\"properties-value\">Polyester<\/td>\n<\/tr>\n<tr class=\"properties-row\">\n<th class=\"properties-label\">Produkttyp:<\/th>\n<td class=\"properties-value\">Kuschelspielzeug<\/td>\n<\/tr>\n<\/tbody>\n<\/table>\n<\/div>\n<\/div>\n<\/div>\n<\/div>\n<div class=\"product-detail-description-text col-lg-6\">\n<div class=\"product-details-badges\"><img fetchpriority=\"high\" decoding=\"async\" class=\"\" src=\"https:\/\/www.wolters-cat-dog.de\/bundles\/heptacomwolterscatdogtheme\/img\/icons\/product-badge-11-without-squeaks.svg\" alt=\"Ohne Quietsche\" width=\"393\" height=\"393\" \/><\/div>\n<div class=\"product-details-tip\">\n<h4>REINIGUNGS-TIPP:<\/h4>\n<p>Der Pl\u00fcschhund ist im Schonwaschgang bei 30 Grad waschbar und sollte luftgetrocknet und nicht in den Trockner gegeben werden.<\/p>\n<\/div>\n<div class=\"product-details-details mt-4\">\n<h4>PRODUKTDETAILS<\/h4>\n<ul>\n<li>Zum Spielen, Apportieren oder Kuscheln<\/li>\n<li>Ohne verschluckbare Kleinteile, wie aufgen\u00e4hte Knopfaugen<\/li>\n<li>Ohne Quietsche<\/li>\n<li>Kuschelig weich, pl\u00fcschig<\/li>\n<li>100% Polyester<\/li>\n<li>Waschbar<\/li>\n<\/ul>\n<\/div>\n<\/div>\n<\/div>\n","protected":false},"excerpt":{"rendered":"<p>Pl\u00fcschhund DEN WIRD DEIN HUND GARANTIERT LIEBHABEN Treuer Blick, putzige Schlappohren, flauschiges Fell &#8211; wer m\u00f6chte diesen s\u00fc\u00dfen Pl\u00fcschkameraden nicht als Freund haben. Ob zum Kuscheln im K\u00f6rbchen oder als Spielbegleiter auf Reisen &#8211; der Pl\u00fcschhund ist zu allem bereit. Sein Fell besteht aus weichem Polyester, gef\u00fcllt ist er mit Polywatte. Um den Jagdtrieb des [&hellip;]<\/p>\n","protected":false},"featured_media":18871,"comment_status":"closed","ping_status":"closed","template":"","meta":[],"product_brand":[],"product_cat":[220,271],"product_tag":[],"class_list":{"0":"post-18864","1":"product","2":"type-product","3":"status-publish","4":"has-post-thumbnail","6":"product_cat-zum-kuscheln","7":"product_cat-wolters","8":"tm-no-options","10":"first","11":"outofstock","12":"taxable","13":"shipping-taxable","14":"product-type-variable"},"supplier_id":null,"supplier_sku":"","barcode":null,"atum_controlled":true,"out_stock_date":null,"out_stock_threshold":null,"inheritable":true,"inbound_stock":0,"stock_on_hold":3,"sold_today":2,"sales_last_days":2,"reserved_stock":0,"customer_returns":0,"warehouse_damage":0,"lost_in_post":0,"other_logs":0,"out_stock_days":null,"lost_sales":0,"has_location":false,"update_date":"2025-06-24T14:34:27","atum_locations":[],"atum_stock_status":"instock","restock_status":false,"low_stock_amount":"","sales_update_date":"2024-02-01T09:05:04","calc_backorders":null,"jetpack_sharing_enabled":true,"_links":{"self":[{"href":"https:\/\/www.go4dogs.de\/index.php?rest_route=\/wp\/v2\/product\/18864","targetHints":{"allow":["GET"]}}],"collection":[{"href":"https:\/\/www.go4dogs.de\/index.php?rest_route=\/wp\/v2\/product"}],"about":[{"href":"https:\/\/www.go4dogs.de\/index.php?rest_route=\/wp\/v2\/types\/product"}],"replies":[{"embeddable":true,"href":"https:\/\/www.go4dogs.de\/index.php?rest_route=%2Fwp%2Fv2%2Fcomments&post=18864"}],"wp:featuredmedia":[{"embeddable":true,"href":"https:\/\/www.go4dogs.de\/index.php?rest_route=\/wp\/v2\/media\/18871"}],"wp:attachment":[{"href":"https:\/\/www.go4dogs.de\/index.php?rest_route=%2Fwp%2Fv2%2Fmedia&parent=18864"}],"wp:term":[{"taxonomy":"product_brand","embeddable":true,"href":"https:\/\/www.go4dogs.de\/index.php?rest_route=%2Fwp%2Fv2%2Fproduct_brand&post=18864"},{"taxonomy":"product_cat","embeddable":true,"href":"https:\/\/www.go4dogs.de\/index.php?rest_route=%2Fwp%2Fv2%2Fproduct_cat&post=18864"},{"taxonomy":"product_tag","embeddable":true,"href":"https:\/\/www.go4dogs.de\/index.php?rest_route=%2Fwp%2Fv2%2Fproduct_tag&post=18864"}],"curies":[{"name":"wp","href":"https:\/\/api.w.org\/{rel}","templated":true}]}}