{"id":18857,"date":"2021-05-02T20:36:39","date_gmt":"2021-05-02T18:36:39","guid":{"rendered":"https:\/\/www.go4dogs.de\/?post_type=product&#038;p=18857"},"modified":"2025-11-29T16:40:19","modified_gmt":"2025-11-29T14:40:19","slug":"designed-by-lotte-hundespielzeug","status":"publish","type":"product","link":"https:\/\/www.go4dogs.de\/?product=designed-by-lotte-hundespielzeug","title":{"rendered":"Designed by Lotte Hundespielzeug"},"content":{"rendered":"<p>Unsere Empfehlung f\u00fcr vierbeinige Hobby-F\u00f6rster! Bei dem\u00a0<strong>Designed by Lotte Hundespielzeug<\/strong>\u00a0handelt es sich um ein zauberhaftes Quartett an kuscheligen und quietschfidelen Waldbewohnern, die Ihren Hund per eingebautem Squeaker zu ausgelassenen Jagdspielen animieren und im Anschluss eine gem\u00fctliche Schulter zum Ankuscheln bieten.<\/p>\n<table class=\"techdata\" border=\"0\" cellspacing=\"0\" cellpadding=\"0\">\n<tbody>\n<tr>\n<td class=\"spec\">Eigenschaften<\/td>\n<td class=\"val\">\n<ul>\n<li>farbenfrohes Hundespielzeug zum Apportieren und Kuscheln<\/li>\n<li>integrierter Squeaker erzeugt animierende Quietschger\u00e4usche<\/li>\n<li>weiche Oberfl\u00e4chenstruktur<\/li>\n<li>authentisches Design<\/li>\n<li>erh\u00e4ltlich in 4 verschiedenen Ausf\u00fchrungen<\/li>\n<li>ohne verschluckbare Kleinteile<\/li>\n<\/ul>\n<\/td>\n<\/tr>\n<\/tbody>\n<\/table>\n<h2>DESIGNED BY LOTTE HUNDESPIELZEUG WALDTIERE<\/h2>\n<p>B\u00e4rchen Lema, Eule Ully, Fuchs Vido und Waschb\u00e4r Licra hei\u00dfen diese fr\u00f6hlichen Spie\u00dfgesellen, die durch ihr detailverliebtes und authentisches Design ihren realen Vorbildern in Nichts nachstehen und unsere h\u00fcndischen Freunde zu ausgelassenen Jagd- und Fangspielereien einladen. F\u00fcr den n\u00f6tigen Anreiz sorgt dabei neben ihrem tierisch guten Erscheinungsbild vor allem auch der eingebaute Squeaker, der sich im Inneren ihres B\u00e4uchleins verbirgt und beim Abtasten motivierende Quietscht\u00f6ne erzeugt. Dank ihres weichen Stoffmantels f\u00fchlen sie sich im Maul Ihres vierbeinigen Spielkameraden besonders angenehm und sind dadurch auch als bes\u00e4nftigende Kuscheltiere f\u00fcr lange Autofahrten bestens geeignet.<\/p>\n","protected":false},"excerpt":{"rendered":"<p>Unsere Empfehlung f\u00fcr vierbeinige Hobby-F\u00f6rster! Bei dem\u00a0Designed by Lotte Hundespielzeug\u00a0handelt es sich um ein zauberhaftes Quartett an kuscheligen und quietschfidelen Waldbewohnern, die Ihren Hund per eingebautem Squeaker zu ausgelassenen Jagdspielen animieren und im Anschluss eine gem\u00fctliche Schulter zum Ankuscheln bieten. Eigenschaften farbenfrohes Hundespielzeug zum Apportieren und Kuscheln integrierter Squeaker erzeugt animierende Quietschger\u00e4usche weiche Oberfl\u00e4chenstruktur authentisches [&hellip;]<\/p>\n","protected":false},"featured_media":18863,"comment_status":"closed","ping_status":"closed","template":"","meta":[],"product_brand":[],"product_cat":[220],"product_tag":[],"class_list":{"0":"post-18857","1":"product","2":"type-product","3":"status-publish","4":"has-post-thumbnail","6":"product_cat-zum-kuscheln","7":"tm-no-options","9":"first","10":"instock","11":"sale","12":"taxable","13":"shipping-taxable","14":"product-type-variable"},"supplier_id":null,"supplier_sku":"","barcode":null,"atum_controlled":true,"out_stock_date":null,"out_stock_threshold":null,"inheritable":true,"inbound_stock":0,"stock_on_hold":0,"sold_today":null,"sales_last_days":null,"reserved_stock":0,"customer_returns":0,"warehouse_damage":0,"lost_in_post":0,"other_logs":0,"out_stock_days":null,"lost_sales":null,"has_location":false,"update_date":"2025-03-21T10:44:07","atum_locations":[],"atum_stock_status":"instock","restock_status":false,"low_stock_amount":"","sales_update_date":"2024-02-01T09:05:04","calc_backorders":null,"jetpack_sharing_enabled":true,"_links":{"self":[{"href":"https:\/\/www.go4dogs.de\/index.php?rest_route=\/wp\/v2\/product\/18857","targetHints":{"allow":["GET"]}}],"collection":[{"href":"https:\/\/www.go4dogs.de\/index.php?rest_route=\/wp\/v2\/product"}],"about":[{"href":"https:\/\/www.go4dogs.de\/index.php?rest_route=\/wp\/v2\/types\/product"}],"replies":[{"embeddable":true,"href":"https:\/\/www.go4dogs.de\/index.php?rest_route=%2Fwp%2Fv2%2Fcomments&post=18857"}],"wp:featuredmedia":[{"embeddable":true,"href":"https:\/\/www.go4dogs.de\/index.php?rest_route=\/wp\/v2\/media\/18863"}],"wp:attachment":[{"href":"https:\/\/www.go4dogs.de\/index.php?rest_route=%2Fwp%2Fv2%2Fmedia&parent=18857"}],"wp:term":[{"taxonomy":"product_brand","embeddable":true,"href":"https:\/\/www.go4dogs.de\/index.php?rest_route=%2Fwp%2Fv2%2Fproduct_brand&post=18857"},{"taxonomy":"product_cat","embeddable":true,"href":"https:\/\/www.go4dogs.de\/index.php?rest_route=%2Fwp%2Fv2%2Fproduct_cat&post=18857"},{"taxonomy":"product_tag","embeddable":true,"href":"https:\/\/www.go4dogs.de\/index.php?rest_route=%2Fwp%2Fv2%2Fproduct_tag&post=18857"}],"curies":[{"name":"wp","href":"https:\/\/api.w.org\/{rel}","templated":true}]}}