{"id":18631,"date":"2021-03-03T16:58:55","date_gmt":"2021-03-03T14:58:55","guid":{"rendered":"https:\/\/www.go4dogs.de\/?post_type=product&#038;p=18631"},"modified":"2024-11-12T18:21:16","modified_gmt":"2024-11-12T16:21:16","slug":"tauprodukt-henry","status":"publish","type":"product","link":"https:\/\/www.go4dogs.de\/?product=tauprodukt-henry","title":{"rendered":"Tauprodukt Henry"},"content":{"rendered":"<p><strong>Unser beliebtes Tauprodukt &#8220;Henry&#8221;!<\/strong><\/p>\n<ul>\n<li>verstellbare F\u00fchrleine in 2m-L\u00e4nge mit drei verstellbaren Ringen<\/li>\n<li>F\u00fchrleine in 1,20m-L\u00e4nge mit Handschlaufe<\/li>\n<li>Retrieverleine mit verstellbarem Halsung \u2013 die mitwachsende Leine. Durch die Knoten ist eine Verstellung auf die Halsgr\u00f6\u00dfe eures Hundes m\u00f6glich. Ideal auch f\u00fcr Welpen \u2013 die Leine w\u00e4chst mit dem heranwachsenden Hund mit<\/li>\n<li>Halsband in fixer L\u00e4nge, 2faches Tau (16mm oder 20mm Halsbandbreite) mit Ring und Karabiner<\/li>\n<\/ul>\n<p>W\u00e4hle in den Optionen deine Karabinerart und die Farbe deiner Beschl\u00e4ge. Abweichende L\u00e4ngen bitte vorab erfragen!<\/p>\n<p>Waschbar in der Waschmaschine bei 30 Grad. Ein W\u00e4sches\u00e4ckchen empfehlen wir dir.<\/p>\n<p>Diese Produkte werden nach deiner Bestellung speziell f\u00fcr dich per Hand gefertigt. Sie sind daher von der R\u00fcckgabe ausgeschlossen.<\/p>\n<p>&nbsp;<\/p>\n","protected":false},"excerpt":{"rendered":"<p>Unser beliebtes Tauprodukt &#8220;Henry&#8221;! verstellbare F\u00fchrleine in 2m-L\u00e4nge mit drei verstellbaren Ringen F\u00fchrleine in 1,20m-L\u00e4nge mit Handschlaufe Retrieverleine mit verstellbarem Halsung \u2013 die mitwachsende Leine. Durch die Knoten ist eine Verstellung auf die Halsgr\u00f6\u00dfe eures Hundes m\u00f6glich. Ideal auch f\u00fcr Welpen \u2013 die Leine w\u00e4chst mit dem heranwachsenden Hund mit Halsband in fixer L\u00e4nge, 2faches [&hellip;]<\/p>\n","protected":false},"featured_media":18628,"comment_status":"closed","ping_status":"closed","template":"","meta":[],"product_brand":[],"product_cat":[253],"product_tag":[],"class_list":{"0":"post-18631","1":"product","2":"type-product","3":"status-publish","4":"has-post-thumbnail","6":"product_cat-deine-tauleinen","7":"tm-has-options","9":"first","10":"instock","11":"taxable","12":"shipping-taxable","13":"product-type-simple"},"supplier_id":null,"supplier_sku":"","barcode":null,"atum_controlled":true,"out_stock_date":null,"out_stock_threshold":null,"inheritable":false,"inbound_stock":null,"stock_on_hold":null,"sold_today":null,"sales_last_days":null,"reserved_stock":null,"customer_returns":null,"warehouse_damage":null,"lost_in_post":null,"other_logs":null,"out_stock_days":null,"lost_sales":null,"has_location":null,"update_date":"2024-11-12T16:21:25","atum_locations":[],"atum_stock_status":"instock","restock_status":false,"low_stock_amount":"","sales_update_date":null,"calc_backorders":null,"jetpack_sharing_enabled":true,"_links":{"self":[{"href":"https:\/\/www.go4dogs.de\/index.php?rest_route=\/wp\/v2\/product\/18631","targetHints":{"allow":["GET"]}}],"collection":[{"href":"https:\/\/www.go4dogs.de\/index.php?rest_route=\/wp\/v2\/product"}],"about":[{"href":"https:\/\/www.go4dogs.de\/index.php?rest_route=\/wp\/v2\/types\/product"}],"replies":[{"embeddable":true,"href":"https:\/\/www.go4dogs.de\/index.php?rest_route=%2Fwp%2Fv2%2Fcomments&post=18631"}],"wp:featuredmedia":[{"embeddable":true,"href":"https:\/\/www.go4dogs.de\/index.php?rest_route=\/wp\/v2\/media\/18628"}],"wp:attachment":[{"href":"https:\/\/www.go4dogs.de\/index.php?rest_route=%2Fwp%2Fv2%2Fmedia&parent=18631"}],"wp:term":[{"taxonomy":"product_brand","embeddable":true,"href":"https:\/\/www.go4dogs.de\/index.php?rest_route=%2Fwp%2Fv2%2Fproduct_brand&post=18631"},{"taxonomy":"product_cat","embeddable":true,"href":"https:\/\/www.go4dogs.de\/index.php?rest_route=%2Fwp%2Fv2%2Fproduct_cat&post=18631"},{"taxonomy":"product_tag","embeddable":true,"href":"https:\/\/www.go4dogs.de\/index.php?rest_route=%2Fwp%2Fv2%2Fproduct_tag&post=18631"}],"curies":[{"name":"wp","href":"https:\/\/api.w.org\/{rel}","templated":true}]}}