{"id":18558,"date":"2021-02-18T12:55:47","date_gmt":"2021-02-18T10:55:47","guid":{"rendered":"https:\/\/www.go4dogs.de\/?post_type=product&#038;p=18558"},"modified":"2025-11-22T10:43:06","modified_gmt":"2025-11-22T08:43:06","slug":"cloud7-hundemantel-brooklyn-reflective","status":"publish","type":"product","link":"https:\/\/www.go4dogs.de\/?product=cloud7-hundemantel-brooklyn-reflective","title":{"rendered":"Cloud7 Hundemantel Brooklyn Reflective"},"content":{"rendered":"<p>Ein Hunde Wintermantel mit bequemer Passform, warm mit Fleece gef\u00fcttert und vollendet mit einem stark wasserabweisenden, reflektierenden Stoff. In vielen Gr\u00f6\u00dfen als Hundemantel f\u00fcr kleine und gro\u00dfe Hunde erh\u00e4ltlich.<\/p>\n<ul class=\"description-checklist\">\n<li class=\"description-checklist-item\">warmer Hundemantel mit Fleece und Bauchschutz<\/li>\n<li class=\"description-checklist-item\">Sicherheit durch reflektierenden Stoff<\/li>\n<li class=\"description-checklist-item\">einfaches An- und Ausziehen dank Klettverschluss<\/li>\n<li class=\"description-checklist-item\">st\u00f6rt nicht in der Bewegung<\/li>\n<li class=\"description-checklist-item\">Rei\u00dfverschluss f\u00fcr Geschirrtr\u00e4ger<\/li>\n<li class=\"description-checklist-item\">in der Waschmaschine waschbar<\/li>\n<li class=\"description-checklist-item\">zeitloses &amp; schlichtes Design<\/li>\n<\/ul>\n<p>Er spendet Hunden mit wenig Unterfell, Hunden in der Stadt und \u00e4lteren Hunden mit Gelenkproblemen W\u00e4rme an Bauch, R\u00fccken und Nieren; alles bei maximaler Bewegungsfreiheit. Der praktische Gummizug sorgt daf\u00fcr, dass beim Spielen und Rennen nichts verrutscht. Dank Rei\u00dfverschluss am R\u00fccken ist der Wintermantel ideal f\u00fcr Hunde mit Geschirr. Das mehrfach mit Preisen ausgezeichnete, cleane Design der warmen Hundejacke f\u00fcr den Winter ist zudem stark wasserabweisend und winddicht.<\/p>\n<p>Materialien:<\/p>\n<div class=\"second-description-cat\"><span class=\"second-description-cat-title\">Au\u00dfenmaterial:<\/span>57% Glas, 20% Polyurethan, 23% Polyester<\/div>\n<div class=\"second-description-cat\"><span class=\"second-description-cat-title\">Innenfutter: <\/span>Viskose-, Polyestermix<\/div>\n<div><\/div>\n<div class=\"second-description-title\">Pflege:<\/div>\n<p>Bei 30 Grad Feinw\u00e4sche oder Wollwachgang mit einem milden Waschmittel waschen und tropfnass aufh\u00e4ngen. Nicht chemisch reinigen oder im W\u00e4schetrockner trocknen.<\/p>\n","protected":false},"excerpt":{"rendered":"<p>Ein Hunde Wintermantel mit bequemer Passform, warm mit Fleece gef\u00fcttert und vollendet mit einem stark wasserabweisenden, reflektierenden Stoff. In vielen Gr\u00f6\u00dfen als Hundemantel f\u00fcr kleine und gro\u00dfe Hunde erh\u00e4ltlich. warmer Hundemantel mit Fleece und Bauchschutz Sicherheit durch reflektierenden Stoff einfaches An- und Ausziehen dank Klettverschluss st\u00f6rt nicht in der Bewegung Rei\u00dfverschluss f\u00fcr Geschirrtr\u00e4ger in der [&hellip;]<\/p>\n","protected":false},"featured_media":18569,"comment_status":"closed","ping_status":"closed","template":"","meta":[],"product_brand":[],"product_cat":[230,270,334],"product_tag":[],"class_list":{"0":"post-18558","1":"product","2":"type-product","3":"status-publish","4":"has-post-thumbnail","6":"product_cat-maentel-bademaentel-pullover","7":"product_cat-cloud7","8":"product_cat-cloud7-maentel","9":"tm-no-options","11":"first","12":"instock","13":"sale","14":"taxable","15":"shipping-taxable","16":"product-type-variable"},"supplier_id":null,"supplier_sku":"","barcode":null,"atum_controlled":true,"out_stock_date":null,"out_stock_threshold":null,"inheritable":true,"inbound_stock":0,"stock_on_hold":0,"sold_today":0,"sales_last_days":0,"reserved_stock":0,"customer_returns":0,"warehouse_damage":0,"lost_in_post":0,"other_logs":0,"out_stock_days":null,"lost_sales":0,"has_location":false,"update_date":"2025-01-09T14:44:26","atum_locations":[],"atum_stock_status":"instock","restock_status":false,"low_stock_amount":"","sales_update_date":"2025-01-09T14:44:26","calc_backorders":null,"jetpack_sharing_enabled":true,"_links":{"self":[{"href":"https:\/\/www.go4dogs.de\/index.php?rest_route=\/wp\/v2\/product\/18558","targetHints":{"allow":["GET"]}}],"collection":[{"href":"https:\/\/www.go4dogs.de\/index.php?rest_route=\/wp\/v2\/product"}],"about":[{"href":"https:\/\/www.go4dogs.de\/index.php?rest_route=\/wp\/v2\/types\/product"}],"replies":[{"embeddable":true,"href":"https:\/\/www.go4dogs.de\/index.php?rest_route=%2Fwp%2Fv2%2Fcomments&post=18558"}],"wp:featuredmedia":[{"embeddable":true,"href":"https:\/\/www.go4dogs.de\/index.php?rest_route=\/wp\/v2\/media\/18569"}],"wp:attachment":[{"href":"https:\/\/www.go4dogs.de\/index.php?rest_route=%2Fwp%2Fv2%2Fmedia&parent=18558"}],"wp:term":[{"taxonomy":"product_brand","embeddable":true,"href":"https:\/\/www.go4dogs.de\/index.php?rest_route=%2Fwp%2Fv2%2Fproduct_brand&post=18558"},{"taxonomy":"product_cat","embeddable":true,"href":"https:\/\/www.go4dogs.de\/index.php?rest_route=%2Fwp%2Fv2%2Fproduct_cat&post=18558"},{"taxonomy":"product_tag","embeddable":true,"href":"https:\/\/www.go4dogs.de\/index.php?rest_route=%2Fwp%2Fv2%2Fproduct_tag&post=18558"}],"curies":[{"name":"wp","href":"https:\/\/api.w.org\/{rel}","templated":true}]}}