{"id":18524,"date":"2021-02-07T19:49:43","date_gmt":"2021-02-07T17:49:43","guid":{"rendered":"https:\/\/www.go4dogs.de\/?post_type=product&#038;p=18524"},"modified":"2025-11-28T16:04:11","modified_gmt":"2025-11-28T14:04:11","slug":"schmuddelschnute-beanie-grau","status":"publish","type":"product","link":"https:\/\/www.go4dogs.de\/?product=schmuddelschnute-beanie-grau","title":{"rendered":"Schmuddelschnute Beanie Grau"},"content":{"rendered":"<p>Die schicken M\u00fctzen von Schmuddelschnute sind ein echter Hingucker und runden jedes Outfit perfekt ab. Sie eignen sich toll f\u00fcr Spazierg\u00e4nge mit euren Fellnasen oder f\u00fcr ein Stadbummel. Die M\u00fctzen bieten durch ihr sehr weiches Material ein sch\u00f6nes Tragegef\u00fchl und passen sich jedem Kopf perfekt an. Durch den hohen Anteil an Baumwolle halten Sie sch\u00f6n warm. Der Beanie ist in einer Einheitsgr\u00f6\u00dfe und so f\u00fcr jeden Kopf geeignet.<\/p>\n<p>&nbsp;<\/p>\n<p>Material: 80 % Baumwolle , 20% Acryl<\/p>\n<p>Pflege: Handw\u00e4sche<\/p>\n","protected":false},"excerpt":{"rendered":"<p>Die schicken M\u00fctzen von Schmuddelschnute sind ein echter Hingucker und runden jedes Outfit perfekt ab. Sie eignen sich toll f\u00fcr Spazierg\u00e4nge mit euren Fellnasen oder f\u00fcr ein Stadbummel. Die M\u00fctzen bieten durch ihr sehr weiches Material ein sch\u00f6nes Tragegef\u00fchl und passen sich jedem Kopf perfekt an. Durch den hohen Anteil an Baumwolle halten Sie sch\u00f6n [&hellip;]<\/p>\n","protected":false},"featured_media":18525,"comment_status":"closed","ping_status":"closed","template":"","meta":[],"product_brand":[],"product_cat":[272],"product_tag":[],"class_list":{"0":"post-18524","1":"product","2":"type-product","3":"status-publish","4":"has-post-thumbnail","6":"product_cat-schmuddelschnute","7":"tm-no-options","9":"first","10":"instock","11":"sale","12":"taxable","13":"shipping-taxable","14":"product-type-simple"},"supplier_id":null,"supplier_sku":"","barcode":null,"atum_controlled":true,"out_stock_date":null,"out_stock_threshold":null,"inheritable":false,"inbound_stock":0,"stock_on_hold":0,"sold_today":0,"sales_last_days":0,"reserved_stock":0,"customer_returns":0,"warehouse_damage":0,"lost_in_post":0,"other_logs":0,"out_stock_days":0,"lost_sales":0,"has_location":false,"update_date":"2025-11-28T14:04:14","atum_locations":[],"atum_stock_status":"instock","restock_status":false,"low_stock_amount":"","sales_update_date":"2023-12-02T13:55:42","calc_backorders":null,"jetpack_sharing_enabled":true,"_links":{"self":[{"href":"https:\/\/www.go4dogs.de\/index.php?rest_route=\/wp\/v2\/product\/18524","targetHints":{"allow":["GET"]}}],"collection":[{"href":"https:\/\/www.go4dogs.de\/index.php?rest_route=\/wp\/v2\/product"}],"about":[{"href":"https:\/\/www.go4dogs.de\/index.php?rest_route=\/wp\/v2\/types\/product"}],"replies":[{"embeddable":true,"href":"https:\/\/www.go4dogs.de\/index.php?rest_route=%2Fwp%2Fv2%2Fcomments&post=18524"}],"wp:featuredmedia":[{"embeddable":true,"href":"https:\/\/www.go4dogs.de\/index.php?rest_route=\/wp\/v2\/media\/18525"}],"wp:attachment":[{"href":"https:\/\/www.go4dogs.de\/index.php?rest_route=%2Fwp%2Fv2%2Fmedia&parent=18524"}],"wp:term":[{"taxonomy":"product_brand","embeddable":true,"href":"https:\/\/www.go4dogs.de\/index.php?rest_route=%2Fwp%2Fv2%2Fproduct_brand&post=18524"},{"taxonomy":"product_cat","embeddable":true,"href":"https:\/\/www.go4dogs.de\/index.php?rest_route=%2Fwp%2Fv2%2Fproduct_cat&post=18524"},{"taxonomy":"product_tag","embeddable":true,"href":"https:\/\/www.go4dogs.de\/index.php?rest_route=%2Fwp%2Fv2%2Fproduct_tag&post=18524"}],"curies":[{"name":"wp","href":"https:\/\/api.w.org\/{rel}","templated":true}]}}