{"id":18479,"date":"2021-02-07T19:09:57","date_gmt":"2021-02-07T17:09:57","guid":{"rendered":"https:\/\/www.go4dogs.de\/?post_type=product&#038;p=18479"},"modified":"2025-11-28T16:04:09","modified_gmt":"2025-11-28T14:04:09","slug":"schmuddelschnute-leckerlibuedel-schwarz","status":"publish","type":"product","link":"https:\/\/www.go4dogs.de\/?product=schmuddelschnute-leckerlibuedel-schwarz","title":{"rendered":"Schmuddelschnute Leckerlib\u00fcdel Schwarz"},"content":{"rendered":"<p>Der &#8220;Leckerlib\u00fcdel&#8221; von Schmuddelschnute ist aus recycelten PET Flaschen, sehr robust und wasserabweisend. Der B\u00fcdel kommt mit drei Adaptern f\u00fcr viele verschiedene Tragem\u00f6glichkeiten. Der &#8220;Leckerlib\u00fcdel&#8221; hat ein gro\u00dfes Hauptfach und zwei weitere Innentaschen mit Rei\u00dfverschl\u00fcssen. Auf der R\u00fcckseite befindet sich ein Fach f\u00fcr dein Handy und eine weiteres Fach f\u00fcr die Kotbeutel. <span class=\"s1\">Ein magnetischer Verschluss sorgt daf\u00fcr, dass die Leckerli stets griffbereit sind. Ob f\u00fcr euere gemeinsames Training oder die t\u00e4gliche Gassirunde: der Leckerlib\u00fcdel ist der perfekte Begleiter.<\/span><\/p>\n<p>&nbsp;<\/p>\n<p><span class=\"s1\"><strong>Features:<\/strong><\/span><\/p>\n<div class=\"gap-top-1 gap-bottom-1\">\n<ul class=\"paragraph ul-align-left\">\n<li><strong>Material recycelte PET Flaschen<\/strong><\/li>\n<li><strong>Magnetverschluss<\/strong><\/li>\n<li><strong>Drei Adapter ( Trageriemen, Schlaufe, Clip)<\/strong><\/li>\n<li><strong>Wasserabweisend<\/strong><\/li>\n<li><strong>Ma\u00dfe\u00a0 17 x 15 x 3 cm<br \/>\n<\/strong><\/li>\n<li><strong>Gewicht: 150g<\/strong><\/li>\n<li><strong>Zwei Innenf\u00e4cher mit Reisverschluss<\/strong><\/li>\n<li><strong>Handyfach<\/strong><\/li>\n<li><strong>Kotbeutelfach<\/strong><\/li>\n<\/ul>\n<\/div>\n<p>&nbsp;<\/p>\n<p>&nbsp;<\/p>\n<p><strong>Pflegehinweis<\/strong><\/p>\n<p>Bitte stecke den Leckerlib\u00fcdel auf keinen Fall in die Waschmaschine. Reinige schmutzige Stellen stattdessen mit lauwarmen Wasser mit milder Seife und einem Schwamm\/ weiche B\u00fcrste. Trockne den Beutel, an einem gut bel\u00fcfteten Ort, wo er nicht direktem Sonnenlicht ausgesetzt ist.<\/p>\n","protected":false},"excerpt":{"rendered":"<p>Der &#8220;Leckerlib\u00fcdel&#8221; von Schmuddelschnute ist aus recycelten PET Flaschen, sehr robust und wasserabweisend. Der B\u00fcdel kommt mit drei Adaptern f\u00fcr viele verschiedene Tragem\u00f6glichkeiten. Der &#8220;Leckerlib\u00fcdel&#8221; hat ein gro\u00dfes Hauptfach und zwei weitere Innentaschen mit Rei\u00dfverschl\u00fcssen. Auf der R\u00fcckseite befindet sich ein Fach f\u00fcr dein Handy und eine weiteres Fach f\u00fcr die Kotbeutel. Ein magnetischer Verschluss [&hellip;]<\/p>\n","protected":false},"featured_media":18476,"comment_status":"closed","ping_status":"closed","template":"","meta":[],"product_brand":[],"product_cat":[227,272],"product_tag":[],"class_list":{"0":"post-18479","1":"product","2":"type-product","3":"status-publish","4":"has-post-thumbnail","6":"product_cat-leckerliebeutel","7":"product_cat-schmuddelschnute","8":"tm-no-options","10":"first","11":"instock","12":"sale","13":"taxable","14":"shipping-taxable","15":"product-type-simple"},"supplier_id":null,"supplier_sku":"","barcode":null,"atum_controlled":true,"out_stock_date":null,"out_stock_threshold":null,"inheritable":false,"inbound_stock":0,"stock_on_hold":1,"sold_today":0,"sales_last_days":0,"reserved_stock":0,"customer_returns":0,"warehouse_damage":0,"lost_in_post":0,"other_logs":0,"out_stock_days":0,"lost_sales":0,"has_location":false,"update_date":"2025-11-28T14:04:13","atum_locations":[],"atum_stock_status":"instock","restock_status":false,"low_stock_amount":"","sales_update_date":"2023-12-02T13:55:10","calc_backorders":null,"jetpack_sharing_enabled":true,"_links":{"self":[{"href":"https:\/\/www.go4dogs.de\/index.php?rest_route=\/wp\/v2\/product\/18479","targetHints":{"allow":["GET"]}}],"collection":[{"href":"https:\/\/www.go4dogs.de\/index.php?rest_route=\/wp\/v2\/product"}],"about":[{"href":"https:\/\/www.go4dogs.de\/index.php?rest_route=\/wp\/v2\/types\/product"}],"replies":[{"embeddable":true,"href":"https:\/\/www.go4dogs.de\/index.php?rest_route=%2Fwp%2Fv2%2Fcomments&post=18479"}],"wp:featuredmedia":[{"embeddable":true,"href":"https:\/\/www.go4dogs.de\/index.php?rest_route=\/wp\/v2\/media\/18476"}],"wp:attachment":[{"href":"https:\/\/www.go4dogs.de\/index.php?rest_route=%2Fwp%2Fv2%2Fmedia&parent=18479"}],"wp:term":[{"taxonomy":"product_brand","embeddable":true,"href":"https:\/\/www.go4dogs.de\/index.php?rest_route=%2Fwp%2Fv2%2Fproduct_brand&post=18479"},{"taxonomy":"product_cat","embeddable":true,"href":"https:\/\/www.go4dogs.de\/index.php?rest_route=%2Fwp%2Fv2%2Fproduct_cat&post=18479"},{"taxonomy":"product_tag","embeddable":true,"href":"https:\/\/www.go4dogs.de\/index.php?rest_route=%2Fwp%2Fv2%2Fproduct_tag&post=18479"}],"curies":[{"name":"wp","href":"https:\/\/api.w.org\/{rel}","templated":true}]}}