{"id":1844,"date":"2017-02-18T10:26:42","date_gmt":"2017-02-18T08:26:42","guid":{"rendered":"http:\/\/www.go4dogs.de\/?post_type=product&#038;p=1844"},"modified":"2024-12-01T20:57:27","modified_gmt":"2024-12-01T18:57:27","slug":"kong-classic","status":"publish","type":"product","link":"https:\/\/www.go4dogs.de\/?product=kong-classic","title":{"rendered":"Kong Classic"},"content":{"rendered":"<p>Der KONG Classic ist seit mehr als 40 Jahren der Klassiker in Sachen Hundespielzeug. Unser unwiderstehliches Hundespielzeug aus rotem Naturkautschuk ist perfekt daf\u00fcr geeignet, den nat\u00fcrlichen Kaudrang Ihres Hundes zu befriedigen.<\/p>\n<ul>\n<li class=\"share-this\">\u00a0Ideal zum Bef\u00fcllen mit KONG Leckerchen<\/li>\n<li class=\"share-this\">Springt und h\u00fcpft v\u00f6llig unvorhersehbar, ideal f\u00fcr Apportierspiele<\/li>\n<li class=\"share-this\">Von Tier\u00e4rzten, Hundetrainern und Hundefreunden auf der ganzen Welt empfohlen<\/li>\n<li class=\"share-this\">Hergestellt in den USA<\/li>\n<li class=\"share-this\">In\u00a0f\u00fcnf Gr\u00f6\u00dfen erh\u00e4ltlich: Klein, Mittel, Gro\u00df, Extragro\u00df und Extra-Extragro\u00df<\/li>\n<\/ul>\n<div class=\"product-attributes\"><\/div>\n<p>dogpoint-Tipp: bef\u00fcllt den Kong mit Nassfutter oder etwas anderem Fl\u00fcssigen\/Halbfl\u00fcssigen, dann ab ins Gefrierfach und gefroren zum Hund. Das Rauslecken des Eises ist eine langwierige Besch\u00e4ftigung, extrem auslastend und perfekt f\u00fcrs Training (Warten lernen, Alleine bleiben, Besch\u00e4ftigung im Restaurant oder bei Freunden).<\/p>\n","protected":false},"excerpt":{"rendered":"<p>Kong Classic<\/p>\n","protected":false},"featured_media":1141,"comment_status":"closed","ping_status":"closed","template":"","meta":[],"product_brand":[],"product_cat":[219],"product_tag":[],"class_list":{"0":"post-1844","1":"product","2":"type-product","3":"status-publish","4":"has-post-thumbnail","6":"product_cat-zum-beschaeftigen","7":"tm-no-options","9":"first","10":"instock","11":"taxable","12":"shipping-taxable","13":"product-type-variable"},"supplier_id":null,"supplier_sku":"","barcode":null,"atum_controlled":true,"out_stock_date":null,"out_stock_threshold":null,"inheritable":false,"inbound_stock":0,"stock_on_hold":0,"sold_today":null,"sales_last_days":null,"reserved_stock":0,"customer_returns":0,"warehouse_damage":0,"lost_in_post":0,"other_logs":0,"out_stock_days":null,"lost_sales":null,"has_location":false,"update_date":"2024-12-01T18:57:29","atum_locations":[],"atum_stock_status":"instock","restock_status":false,"low_stock_amount":"","sales_update_date":"2023-01-14T16:32:29","calc_backorders":null,"jetpack_sharing_enabled":true,"_links":{"self":[{"href":"https:\/\/www.go4dogs.de\/index.php?rest_route=\/wp\/v2\/product\/1844","targetHints":{"allow":["GET"]}}],"collection":[{"href":"https:\/\/www.go4dogs.de\/index.php?rest_route=\/wp\/v2\/product"}],"about":[{"href":"https:\/\/www.go4dogs.de\/index.php?rest_route=\/wp\/v2\/types\/product"}],"replies":[{"embeddable":true,"href":"https:\/\/www.go4dogs.de\/index.php?rest_route=%2Fwp%2Fv2%2Fcomments&post=1844"}],"wp:featuredmedia":[{"embeddable":true,"href":"https:\/\/www.go4dogs.de\/index.php?rest_route=\/wp\/v2\/media\/1141"}],"wp:attachment":[{"href":"https:\/\/www.go4dogs.de\/index.php?rest_route=%2Fwp%2Fv2%2Fmedia&parent=1844"}],"wp:term":[{"taxonomy":"product_brand","embeddable":true,"href":"https:\/\/www.go4dogs.de\/index.php?rest_route=%2Fwp%2Fv2%2Fproduct_brand&post=1844"},{"taxonomy":"product_cat","embeddable":true,"href":"https:\/\/www.go4dogs.de\/index.php?rest_route=%2Fwp%2Fv2%2Fproduct_cat&post=1844"},{"taxonomy":"product_tag","embeddable":true,"href":"https:\/\/www.go4dogs.de\/index.php?rest_route=%2Fwp%2Fv2%2Fproduct_tag&post=1844"}],"curies":[{"name":"wp","href":"https:\/\/api.w.org\/{rel}","templated":true}]}}