{"id":18247,"date":"2020-12-25T22:19:32","date_gmt":"2020-12-25T20:19:32","guid":{"rendered":"https:\/\/www.go4dogs.de\/?post_type=product&#038;p=18247"},"modified":"2025-11-28T20:12:29","modified_gmt":"2025-11-28T18:12:29","slug":"wolters-doppelnapf-meshidai","status":"publish","type":"product","link":"https:\/\/www.go4dogs.de\/?product=wolters-doppelnapf-meshidai","title":{"rendered":"WOLTERS Doppelnapf Meshidai"},"content":{"rendered":"<div class=\"h3 product-detail-description-title\">Meshidai<\/div>\n<h4>HUNDE-FUTTERBAR F\u00dcR FEINSCHMECKER<\/h4>\n<h5>Doppelnapf<\/h5>\n<div>F\u00fcr alle Liebhaber einer klaren Designlinie in Schwarz und Wei\u00df ist unser Meshidai Napf-Serie die perfekt Hunde-Futterstation. Das Gestell besteht aus einer fundierten MDF-Platte. Die herausnehmbaren, eckigen Futterschalen sind aus 100% Keramik gefertigt. Die erh\u00f6hte Position der Futterbar erm\u00f6glicht eine komfortable Fressposition f\u00fcr den Vierbeiner und ist somit optimal f\u00fcr Hunde mit Arthritis oder Muskel- und Gelenkproblemen.<\/div>\n<div><\/div>\n<div>Zudem steht die Futterstation sehr stabil und bietet festen Halt durch kleine Silikonpunkte an der Unterseite. Sie eignet sich optimal f\u00fcr Wasser sowie Nass- oder Trockenfutter. Sollte mal ein Napf kaputt gehen, ist das kein Problem, du erh\u00e4ltst bei uns Ersatzn\u00e4pfe f\u00fcr alle Gestellgr\u00f6\u00dfen.<\/div>\n<div><\/div>\n<div>\n<div class=\"product-details-tip\">\n<h4>REINIGUNGS-TIPP:<\/h4>\n<p>Wir empfehlen die Gestell-Oberfl\u00e4che der Futterbar stets trocken zu halten. Zur Reinigung nutze bitte ein feuchtes, nicht zu nasses Tuch. Um das Holz vor dem Aufquellen zu sch\u00fctzen, bitte den Korpus trocken nachwischen. Der Korpus sollte zudem nicht auf einem feuchten oder nassen Untergrund stehen. Um etwaige Verf\u00e4rbungen des Fu\u00dfbodenbelages zu verhindern, achte bitte stets auf einen trockenen Untergrund. Die Futterschalen sind f\u00fcr Sp\u00fclmaschinen geeignet.<\/p>\n<\/div>\n<div class=\"product-details-details mt-4\">\n<h4>PRODUKTDETAILS<\/h4>\n<ul>\n<li>Erh\u00f6hter Futternapf, dadurch entsteht eine komfortable Fressposition f\u00fcr den Hund<\/li>\n<li>Optimal f\u00fcr Wasser, Nass- oder Trockenfutter<\/li>\n<li>Optimal f\u00fcr Hunde mit Arthritis, Muskel- und Gelenkproblemen<\/li>\n<li>Passende N\u00e4pfe f\u00fcr alle Hundegr\u00f6\u00dfen<\/li>\n<li>Sehr stabil, fester Halt durch kleine Silkonpunkte<\/li>\n<li>Futterschalen aus 100% Keramik, herausnehmbar<\/li>\n<li>Ersatzn\u00e4pfe sind separat erh\u00e4ltlich<\/li>\n<li>Gestell aus funierter MDF-Platte<\/li>\n<li>Futterschalen f\u00fcr Sp\u00fclmaschinen geeignet<\/li>\n<\/ul>\n<p>Farbe: schwarz<br \/>\nMaterial: Keramik, MDF-Platte<\/p>\n<\/div>\n<\/div>\n","protected":false},"excerpt":{"rendered":"<p>Meshidai HUNDE-FUTTERBAR F\u00dcR FEINSCHMECKER Doppelnapf F\u00fcr alle Liebhaber einer klaren Designlinie in Schwarz und Wei\u00df ist unser Meshidai Napf-Serie die perfekt Hunde-Futterstation. Das Gestell besteht aus einer fundierten MDF-Platte. Die herausnehmbaren, eckigen Futterschalen sind aus 100% Keramik gefertigt. Die erh\u00f6hte Position der Futterbar erm\u00f6glicht eine komfortable Fressposition f\u00fcr den Vierbeiner und ist somit optimal f\u00fcr [&hellip;]<\/p>\n","protected":false},"featured_media":18245,"comment_status":"closed","ping_status":"closed","template":"","meta":[],"product_brand":[],"product_cat":[254,271],"product_tag":[],"class_list":{"0":"post-18247","1":"product","2":"type-product","3":"status-publish","4":"has-post-thumbnail","6":"product_cat-naepfe-2","7":"product_cat-wolters","8":"tm-no-options","10":"first","11":"instock","12":"taxable","13":"shipping-taxable","14":"purchasable","15":"product-type-variable"},"supplier_id":null,"supplier_sku":"","barcode":null,"atum_controlled":true,"out_stock_date":null,"out_stock_threshold":null,"inheritable":true,"inbound_stock":0,"stock_on_hold":0,"sold_today":0,"sales_last_days":0,"reserved_stock":0,"customer_returns":0,"warehouse_damage":0,"lost_in_post":0,"other_logs":0,"out_stock_days":null,"lost_sales":0,"has_location":false,"update_date":"2024-11-12T07:52:12","atum_locations":[],"atum_stock_status":"outofstock","restock_status":false,"low_stock_amount":"","sales_update_date":"2022-12-15T08:32:07","calc_backorders":null,"jetpack_sharing_enabled":true,"_links":{"self":[{"href":"https:\/\/www.go4dogs.de\/index.php?rest_route=\/wp\/v2\/product\/18247","targetHints":{"allow":["GET"]}}],"collection":[{"href":"https:\/\/www.go4dogs.de\/index.php?rest_route=\/wp\/v2\/product"}],"about":[{"href":"https:\/\/www.go4dogs.de\/index.php?rest_route=\/wp\/v2\/types\/product"}],"replies":[{"embeddable":true,"href":"https:\/\/www.go4dogs.de\/index.php?rest_route=%2Fwp%2Fv2%2Fcomments&post=18247"}],"wp:featuredmedia":[{"embeddable":true,"href":"https:\/\/www.go4dogs.de\/index.php?rest_route=\/wp\/v2\/media\/18245"}],"wp:attachment":[{"href":"https:\/\/www.go4dogs.de\/index.php?rest_route=%2Fwp%2Fv2%2Fmedia&parent=18247"}],"wp:term":[{"taxonomy":"product_brand","embeddable":true,"href":"https:\/\/www.go4dogs.de\/index.php?rest_route=%2Fwp%2Fv2%2Fproduct_brand&post=18247"},{"taxonomy":"product_cat","embeddable":true,"href":"https:\/\/www.go4dogs.de\/index.php?rest_route=%2Fwp%2Fv2%2Fproduct_cat&post=18247"},{"taxonomy":"product_tag","embeddable":true,"href":"https:\/\/www.go4dogs.de\/index.php?rest_route=%2Fwp%2Fv2%2Fproduct_tag&post=18247"}],"curies":[{"name":"wp","href":"https:\/\/api.w.org\/{rel}","templated":true}]}}