{"id":18228,"date":"2020-12-25T18:29:56","date_gmt":"2020-12-25T16:29:56","guid":{"rendered":"https:\/\/www.go4dogs.de\/?post_type=product&#038;p=18228"},"modified":"2025-10-30T13:07:24","modified_gmt":"2025-10-30T11:07:24","slug":"cloud7-leckerlitasche-calgary-camel","status":"publish","type":"product","link":"https:\/\/www.go4dogs.de\/?product=cloud7-leckerlitasche-calgary-camel","title":{"rendered":"Cloud7 Leckerlitasche Calgary Camel"},"content":{"rendered":"<p>Passend zum beliebten Hundemantel Alaska aus 100% nachhaltigen Materialien gibt es nun den Leckerli Beutel Calgary, der das ganze Jahr \u00fcber seinen Einsatz findet. Das leichte, wasserabweisende Material aus recycelten PET-Flaschen ist elegant und pur, das T\u00e4schchen wird jedoch mit einem durchdachten Fach und einer \u00d6ffnung f\u00fcr Kotbeutel sowie einem Karabiner zur einfachen Befestigung an der G\u00fcrtelschlaufe erg\u00e4nzt \u2013 so wird der Leckerli Beutel Calgary zum intelligenten Begleiter im minimalistischen Design f\u00fcr jeden Hundespaziergang.<\/p>\n<ul class=\"description-checklist\">\n<li class=\"description-checklist-item\">Integrierter Kotbeutelspender<\/li>\n<li class=\"description-checklist-item\">Nachhaltige Materialien<\/li>\n<li class=\"description-checklist-item\">Karabiner zur Befestigung<\/li>\n<\/ul>\n<div class=\"second-description-title\">Materialien:<\/div>\n<div class=\"second-description-cat\"><span class=\"second-description-cat-title\">Au\u00dfenmaterial:<\/span>100% recyceltes\u00a0Polyester<\/div>\n<div class=\"second-description-cat\"><span class=\"second-description-cat-title\">Innenfutter:<\/span>\u00a0100% recyceltes Polyester<\/div>\n<div><\/div>\n<div class=\"second-description-title\">Pflege:<\/div>\n<p><strong>Waschen:\u00a0<\/strong>Tasche waschbar bei 30 Grad Feinw\u00e4sche<\/p>\n<div class=\"second-description-title\">Ma\u00dfe:<\/div>\n<p>9,5 x 14,5 cm<\/p>\n","protected":false},"excerpt":{"rendered":"<p>Passend zum beliebten Hundemantel Alaska aus 100% nachhaltigen Materialien gibt es nun den Leckerli Beutel Calgary, der das ganze Jahr \u00fcber seinen Einsatz findet. Das leichte, wasserabweisende Material aus recycelten PET-Flaschen ist elegant und pur, das T\u00e4schchen wird jedoch mit einem durchdachten Fach und einer \u00d6ffnung f\u00fcr Kotbeutel sowie einem Karabiner zur einfachen Befestigung an [&hellip;]<\/p>\n","protected":false},"featured_media":18229,"comment_status":"closed","ping_status":"closed","template":"","meta":[],"product_brand":[],"product_cat":[227,270,335],"product_tag":[],"class_list":{"0":"post-18228","1":"product","2":"type-product","3":"status-publish","4":"has-post-thumbnail","6":"product_cat-leckerliebeutel","7":"product_cat-cloud7","8":"product_cat-cloud7-taschen-und-leckerlibeutel","9":"tm-no-options","11":"first","12":"outofstock","13":"taxable","14":"shipping-taxable","15":"product-type-simple"},"supplier_id":null,"supplier_sku":"","barcode":null,"atum_controlled":true,"out_stock_date":"2025-10-30 13:07:21","out_stock_threshold":null,"inheritable":false,"inbound_stock":0,"stock_on_hold":0,"sold_today":0,"sales_last_days":0,"reserved_stock":0,"customer_returns":0,"warehouse_damage":0,"lost_in_post":0,"other_logs":0,"out_stock_days":0,"lost_sales":0,"has_location":false,"update_date":"2025-10-30T11:07:26","atum_locations":[],"atum_stock_status":"outofstock","restock_status":false,"low_stock_amount":"","sales_update_date":"2024-10-04T12:43:16","calc_backorders":null,"jetpack_sharing_enabled":true,"_links":{"self":[{"href":"https:\/\/www.go4dogs.de\/index.php?rest_route=\/wp\/v2\/product\/18228","targetHints":{"allow":["GET"]}}],"collection":[{"href":"https:\/\/www.go4dogs.de\/index.php?rest_route=\/wp\/v2\/product"}],"about":[{"href":"https:\/\/www.go4dogs.de\/index.php?rest_route=\/wp\/v2\/types\/product"}],"replies":[{"embeddable":true,"href":"https:\/\/www.go4dogs.de\/index.php?rest_route=%2Fwp%2Fv2%2Fcomments&post=18228"}],"wp:featuredmedia":[{"embeddable":true,"href":"https:\/\/www.go4dogs.de\/index.php?rest_route=\/wp\/v2\/media\/18229"}],"wp:attachment":[{"href":"https:\/\/www.go4dogs.de\/index.php?rest_route=%2Fwp%2Fv2%2Fmedia&parent=18228"}],"wp:term":[{"taxonomy":"product_brand","embeddable":true,"href":"https:\/\/www.go4dogs.de\/index.php?rest_route=%2Fwp%2Fv2%2Fproduct_brand&post=18228"},{"taxonomy":"product_cat","embeddable":true,"href":"https:\/\/www.go4dogs.de\/index.php?rest_route=%2Fwp%2Fv2%2Fproduct_cat&post=18228"},{"taxonomy":"product_tag","embeddable":true,"href":"https:\/\/www.go4dogs.de\/index.php?rest_route=%2Fwp%2Fv2%2Fproduct_tag&post=18228"}],"curies":[{"name":"wp","href":"https:\/\/api.w.org\/{rel}","templated":true}]}}