{"id":18210,"date":"2020-12-25T18:23:07","date_gmt":"2020-12-25T16:23:07","guid":{"rendered":"https:\/\/www.go4dogs.de\/?post_type=product&#038;p=18210"},"modified":"2025-11-28T20:09:57","modified_gmt":"2025-11-28T18:09:57","slug":"cloud7-pluesch-shopper-black","status":"publish","type":"product","link":"https:\/\/www.go4dogs.de\/?product=cloud7-pluesch-shopper-black","title":{"rendered":"Cloud7 Pl\u00fcsch Shopper Black"},"content":{"rendered":"<div class=\"product attribute description\">\n<div class=\"value\">\n<div class=\"first-description-pragraph\">\n<p>Ein wahrer Hingucker: Bei dem neuen Shopper von Cloud7 trifft nat\u00fcrliche Wolle im pl\u00fcschigem Look auf minimalistisches, zeitloses Schwarz. Die bequemen Schulterriemen mit einem abgesteppten Bereich zum Tragen in der Hand oder auf der Schulter wurden aus strapazierf\u00e4higem Gurtband gefertigt und k\u00f6nnen dank der passenden L\u00e4nge auch mit Winterjacke angenehm getragen werden. Dabei bietet die Tasche ausreichend Stauraum f\u00fcr einen gro\u00dfen Ordner und bleibt mithilfe der durchdachten Bodenkonstruktion stets stabil in ihrer Form. Noch praktischer f\u00fcr den allt\u00e4glichen Gebrauch wird der Shopper durch eine zus\u00e4tzliche Innentasche mit Rei\u00dfverschluss; hier lassen sich Portemonnaie, Smartphone, Schl\u00fcssel und Co. diebstahlsicher verstauen. Eine dezente Logo-Stickerei auf der Vorderseite vollendet diese besondere, komplett schwarze Handtasche.<\/p>\n<ul class=\"description-checklist\">\n<li class=\"description-checklist-item\">schwarze Schultertasche aus Wolle<\/li>\n<li class=\"description-checklist-item\">Innentasche mit Rei\u00dfverschluss<\/li>\n<li class=\"description-checklist-item\">bequeme Schulterriemen aus Gurtband<\/li>\n<\/ul>\n<\/div>\n<\/div>\n<\/div>\n<div class=\"second-description-pragraph\">\n<div class=\"second-description-title\">Materialien:<\/div>\n<div class=\"second-description-cat\"><span class=\"second-description-cat-title\">Au\u00dfenmaterial:<\/span>100% Wolle<\/div>\n<div class=\"second-description-cat\"><span class=\"second-description-cat-title\">Innenmaterial:<\/span>80% Baumwolle; 20% Polyester<\/div>\n<div class=\"second-description-title\">Gr\u00f6\u00dfe:<\/div>\n<p>40 x 30 x 8 cm<\/p>\n<div class=\"second-description-title\">Pflege:<\/div>\n<p>Sanfter Wollwaschgang mit Hilfe von Feinwaschmittel.<\/p>\n<\/div>\n","protected":false},"excerpt":{"rendered":"<p>Ein wahrer Hingucker: Bei dem neuen Shopper von Cloud7 trifft nat\u00fcrliche Wolle im pl\u00fcschigem Look auf minimalistisches, zeitloses Schwarz. Die bequemen Schulterriemen mit einem abgesteppten Bereich zum Tragen in der Hand oder auf der Schulter wurden aus strapazierf\u00e4higem Gurtband gefertigt und k\u00f6nnen dank der passenden L\u00e4nge auch mit Winterjacke angenehm getragen werden. Dabei bietet die [&hellip;]<\/p>\n","protected":false},"featured_media":18211,"comment_status":"closed","ping_status":"closed","template":"","meta":[],"product_brand":[],"product_cat":[226,270,335],"product_tag":[],"class_list":{"0":"post-18210","1":"product","2":"type-product","3":"status-publish","4":"has-post-thumbnail","6":"product_cat-taschen","7":"product_cat-cloud7","8":"product_cat-cloud7-taschen-und-leckerlibeutel","9":"tm-no-options","11":"first","12":"instock","13":"sale","14":"taxable","15":"shipping-taxable","16":"product-type-simple"},"supplier_id":null,"supplier_sku":"","barcode":null,"atum_controlled":true,"out_stock_date":null,"out_stock_threshold":null,"inheritable":false,"inbound_stock":0,"stock_on_hold":0,"sold_today":0,"sales_last_days":0,"reserved_stock":0,"customer_returns":0,"warehouse_damage":0,"lost_in_post":0,"other_logs":0,"out_stock_days":0,"lost_sales":0,"has_location":false,"update_date":"2025-11-28T18:09:57","atum_locations":[],"atum_stock_status":"instock","restock_status":false,"low_stock_amount":"","sales_update_date":"2023-02-28T12:20:01","calc_backorders":null,"jetpack_sharing_enabled":true,"_links":{"self":[{"href":"https:\/\/www.go4dogs.de\/index.php?rest_route=\/wp\/v2\/product\/18210","targetHints":{"allow":["GET"]}}],"collection":[{"href":"https:\/\/www.go4dogs.de\/index.php?rest_route=\/wp\/v2\/product"}],"about":[{"href":"https:\/\/www.go4dogs.de\/index.php?rest_route=\/wp\/v2\/types\/product"}],"replies":[{"embeddable":true,"href":"https:\/\/www.go4dogs.de\/index.php?rest_route=%2Fwp%2Fv2%2Fcomments&post=18210"}],"wp:featuredmedia":[{"embeddable":true,"href":"https:\/\/www.go4dogs.de\/index.php?rest_route=\/wp\/v2\/media\/18211"}],"wp:attachment":[{"href":"https:\/\/www.go4dogs.de\/index.php?rest_route=%2Fwp%2Fv2%2Fmedia&parent=18210"}],"wp:term":[{"taxonomy":"product_brand","embeddable":true,"href":"https:\/\/www.go4dogs.de\/index.php?rest_route=%2Fwp%2Fv2%2Fproduct_brand&post=18210"},{"taxonomy":"product_cat","embeddable":true,"href":"https:\/\/www.go4dogs.de\/index.php?rest_route=%2Fwp%2Fv2%2Fproduct_cat&post=18210"},{"taxonomy":"product_tag","embeddable":true,"href":"https:\/\/www.go4dogs.de\/index.php?rest_route=%2Fwp%2Fv2%2Fproduct_tag&post=18210"}],"curies":[{"name":"wp","href":"https:\/\/api.w.org\/{rel}","templated":true}]}}