{"id":18182,"date":"2020-12-25T18:02:35","date_gmt":"2020-12-25T16:02:35","guid":{"rendered":"https:\/\/www.go4dogs.de\/?post_type=product&#038;p=18182"},"modified":"2025-12-12T18:39:28","modified_gmt":"2025-12-12T16:39:28","slug":"cloud7-hundepullover-dorset-grey-melange","status":"publish","type":"product","link":"https:\/\/www.go4dogs.de\/?product=cloud7-hundepullover-dorset-grey-melange","title":{"rendered":"Cloud7 Hundepullover Dorset Grey M\u00e9lange"},"content":{"rendered":"<div class=\"product attribute description\">\n<div class=\"value\">\n<div class=\"first-description-pragraph\">\n<p>Der komfortable Hundepullover DORSET ist aus kuscheligem Sweatstoff aus organischer Baumwolle gearbeitet. Der Pullover in M\u00e9lange-Optik ist an den Kanten mit kontrastfarbigen Paspeln eingefasst und zus\u00e4tzlich mit einem Zierstich am R\u00fccken versehen. Die anschmiegsame Innenseite w\u00e4rmt den Vierbeiner bei k\u00fchlem Wetter und auch Hunde, die schnell im Haus frieren. Der Hundesweater l\u00e4sst sich bequem durch Klettverschl\u00fcsse an beiden Seiten des Bauchgurtes an- und ausziehen und je nach Brustumfang justieren. Und damit es auch jede Hunderasse warm hat, gibt es den Pullover in 12 verschiedenen Gr\u00f6\u00dfen.<\/p>\n<ul class=\"description-checklist\">\n<li class=\"description-checklist-item\">kuschelig w\u00e4rmender Stoff<\/li>\n<li>organische Baumwolle<\/li>\n<li class=\"description-checklist-item\">einfaches An- und Ausziehen<\/li>\n<\/ul>\n<\/div>\n<\/div>\n<\/div>\n<div class=\"second-description-pragraph\">\n<div class=\"second-description-title\">Materialien:<\/div>\n<div class=\"second-description-cat\">\n<div class=\"second-description-cat\"><span class=\"second-description-cat-title\">Au\u00dfenmaterial:<\/span>100% organische Baumwolle<\/div>\n<div class=\"second-description-cat\"><span class=\"second-description-cat-title\">Innenfutter:\u00a0<\/span>95% organische Baumwolle, 5% Elasthan<\/div>\n<div class=\"second-description-cat\"><span class=\"second-description-cat-title\">Einfassband:<\/span>100% organische Baumwolle<\/div>\n<div><\/div>\n<div class=\"second-description-title\">Pflege:<\/div>\n<p>30 Grad Wollwaschgang, im separatem W\u00e4schebeutel &amp; mit geschlossenem Klett<\/p>\n<\/div>\n<\/div>\n","protected":false},"excerpt":{"rendered":"<p>Der komfortable Hundepullover DORSET ist aus kuscheligem Sweatstoff aus organischer Baumwolle gearbeitet. Der Pullover in M\u00e9lange-Optik ist an den Kanten mit kontrastfarbigen Paspeln eingefasst und zus\u00e4tzlich mit einem Zierstich am R\u00fccken versehen. Die anschmiegsame Innenseite w\u00e4rmt den Vierbeiner bei k\u00fchlem Wetter und auch Hunde, die schnell im Haus frieren. Der Hundesweater l\u00e4sst sich bequem durch [&hellip;]<\/p>\n","protected":false},"featured_media":18190,"comment_status":"closed","ping_status":"closed","template":"","meta":[],"product_brand":[],"product_cat":[230,270,334],"product_tag":[],"class_list":{"0":"post-18182","1":"product","2":"type-product","3":"status-publish","4":"has-post-thumbnail","6":"product_cat-maentel-bademaentel-pullover","7":"product_cat-cloud7","8":"product_cat-cloud7-maentel","9":"tm-no-options","11":"first","12":"instock","13":"sale","14":"taxable","15":"shipping-taxable","16":"product-type-variable"},"supplier_id":null,"supplier_sku":"","barcode":null,"atum_controlled":true,"out_stock_date":null,"out_stock_threshold":null,"inheritable":true,"inbound_stock":0,"stock_on_hold":2,"sold_today":4,"sales_last_days":4,"reserved_stock":0,"customer_returns":0,"warehouse_damage":0,"lost_in_post":0,"other_logs":0,"out_stock_days":null,"lost_sales":0,"has_location":false,"update_date":"2025-11-24T07:43:59","atum_locations":[],"atum_stock_status":"instock","restock_status":false,"low_stock_amount":"","sales_update_date":"2023-10-19T05:18:15","calc_backorders":null,"jetpack_sharing_enabled":true,"_links":{"self":[{"href":"https:\/\/www.go4dogs.de\/index.php?rest_route=\/wp\/v2\/product\/18182","targetHints":{"allow":["GET"]}}],"collection":[{"href":"https:\/\/www.go4dogs.de\/index.php?rest_route=\/wp\/v2\/product"}],"about":[{"href":"https:\/\/www.go4dogs.de\/index.php?rest_route=\/wp\/v2\/types\/product"}],"replies":[{"embeddable":true,"href":"https:\/\/www.go4dogs.de\/index.php?rest_route=%2Fwp%2Fv2%2Fcomments&post=18182"}],"wp:featuredmedia":[{"embeddable":true,"href":"https:\/\/www.go4dogs.de\/index.php?rest_route=\/wp\/v2\/media\/18190"}],"wp:attachment":[{"href":"https:\/\/www.go4dogs.de\/index.php?rest_route=%2Fwp%2Fv2%2Fmedia&parent=18182"}],"wp:term":[{"taxonomy":"product_brand","embeddable":true,"href":"https:\/\/www.go4dogs.de\/index.php?rest_route=%2Fwp%2Fv2%2Fproduct_brand&post=18182"},{"taxonomy":"product_cat","embeddable":true,"href":"https:\/\/www.go4dogs.de\/index.php?rest_route=%2Fwp%2Fv2%2Fproduct_cat&post=18182"},{"taxonomy":"product_tag","embeddable":true,"href":"https:\/\/www.go4dogs.de\/index.php?rest_route=%2Fwp%2Fv2%2Fproduct_tag&post=18182"}],"curies":[{"name":"wp","href":"https:\/\/api.w.org\/{rel}","templated":true}]}}