{"id":1807,"date":"2017-02-15T19:35:36","date_gmt":"2017-02-15T17:35:36","guid":{"rendered":"http:\/\/www.go4dogs.de\/?post_type=product&#038;p=1807"},"modified":"2024-11-13T20:27:14","modified_gmt":"2024-11-13T18:27:14","slug":"west-paw-hurley-aquablau-gross","status":"publish","type":"product","link":"https:\/\/www.go4dogs.de\/?product=west-paw-hurley-aquablau-gross","title":{"rendered":"West Paw Hurley"},"content":{"rendered":"<p>West Paw Hurley:<\/p>\n<p>Das nahezu unzerst\u00f6rbare Hundespielzeug Hurley von West Paw aus Zogoflex vereint alle Lieblingsspielzeuge eines Hundes in einem &#8211; Ball, Knochen und St\u00f6ckchen. Aufgrund seiner Form springt es in alle Richtungen und l\u00e4\u00dft sich gut im Hundemaul tragen. Da der Auch Wasserratten werden ihn wegen seiner Schwimmf\u00e4higkeit verlieben.<br \/>\nAuch kann man mit ihm Hunde toll Motivieren, sei es auf dem Hundeplatz oder beim Training auf Spazierg\u00e4ngen.<\/p>\n<p><strong>Das Hundespielzeug West Paw Hurley gibt es in drei Gr\u00f6\u00dfen.<\/strong><\/p>\n<p>Mini &#8211; 11 cm<\/p>\n<p>Small &#8211; 15 cm<\/p>\n<p>Large &#8211; 20 cm<\/p>\n<p><strong>Farben:<\/strong><\/p>\n<ul>\n<li>aquablau<\/li>\n<li>limegr\u00fcn<\/li>\n<li>orange<\/li>\n<li>schwarz<\/li>\n<\/ul>\n<p>Da es sich bei Zogoflex um ein recyceltes Material handelt, kann es zu leichten Farbabweichungen kommen.<\/p>\n<p><strong>Hinweis:<\/strong> Wie bei jedem anderen Produkt sollten Sie Ihr Tier bei der Besch\u00e4ftigung mit diesem Spielzeug beaufsichtigen. Bitte \u00fcberpr\u00fcfen Sie das Produkt regelm\u00e4\u00dfig auf Sch\u00e4den und ersetzen Sie das Spielzeug, wenn es defekt ist oder wenn Teile verloren gehen, da ansonsten eine Verletzung des Tieres nicht ausgeschlossen werden kann.<\/p>\n","protected":false},"excerpt":{"rendered":"<p>West Paw Hurley<\/p>\n","protected":false},"featured_media":2453,"comment_status":"closed","ping_status":"closed","template":"","meta":[],"product_brand":[],"product_cat":[218],"product_tag":[],"class_list":{"0":"post-1807","1":"product","2":"type-product","3":"status-publish","4":"has-post-thumbnail","6":"product_cat-zum-werfen-zerren-jagen","7":"tm-no-options","9":"first","10":"instock","11":"taxable","12":"shipping-taxable","13":"product-type-variable"},"supplier_id":null,"supplier_sku":"","barcode":null,"atum_controlled":true,"out_stock_date":null,"out_stock_threshold":null,"inheritable":false,"inbound_stock":0,"stock_on_hold":0,"sold_today":0,"sales_last_days":1,"reserved_stock":0,"customer_returns":0,"warehouse_damage":0,"lost_in_post":0,"other_logs":0,"out_stock_days":null,"lost_sales":0,"has_location":false,"update_date":"2024-11-13T18:27:15","atum_locations":[],"atum_stock_status":"instock","restock_status":false,"low_stock_amount":"","sales_update_date":"2024-05-21T09:12:23","calc_backorders":null,"jetpack_sharing_enabled":true,"_links":{"self":[{"href":"https:\/\/www.go4dogs.de\/index.php?rest_route=\/wp\/v2\/product\/1807","targetHints":{"allow":["GET"]}}],"collection":[{"href":"https:\/\/www.go4dogs.de\/index.php?rest_route=\/wp\/v2\/product"}],"about":[{"href":"https:\/\/www.go4dogs.de\/index.php?rest_route=\/wp\/v2\/types\/product"}],"replies":[{"embeddable":true,"href":"https:\/\/www.go4dogs.de\/index.php?rest_route=%2Fwp%2Fv2%2Fcomments&post=1807"}],"wp:featuredmedia":[{"embeddable":true,"href":"https:\/\/www.go4dogs.de\/index.php?rest_route=\/wp\/v2\/media\/2453"}],"wp:attachment":[{"href":"https:\/\/www.go4dogs.de\/index.php?rest_route=%2Fwp%2Fv2%2Fmedia&parent=1807"}],"wp:term":[{"taxonomy":"product_brand","embeddable":true,"href":"https:\/\/www.go4dogs.de\/index.php?rest_route=%2Fwp%2Fv2%2Fproduct_brand&post=1807"},{"taxonomy":"product_cat","embeddable":true,"href":"https:\/\/www.go4dogs.de\/index.php?rest_route=%2Fwp%2Fv2%2Fproduct_cat&post=1807"},{"taxonomy":"product_tag","embeddable":true,"href":"https:\/\/www.go4dogs.de\/index.php?rest_route=%2Fwp%2Fv2%2Fproduct_tag&post=1807"}],"curies":[{"name":"wp","href":"https:\/\/api.w.org\/{rel}","templated":true}]}}