{"id":17544,"date":"2020-10-14T11:13:30","date_gmt":"2020-10-14T09:13:30","guid":{"rendered":"https:\/\/www.go4dogs.de\/?post_type=product&#038;p=17544"},"modified":"2024-11-12T18:37:07","modified_gmt":"2024-11-12T16:37:07","slug":"selected-meat-kalb-gemuese","status":"publish","type":"product","link":"https:\/\/www.go4dogs.de\/?product=selected-meat-kalb-gemuese","title":{"rendered":"Selected Meat Kalb &#038; Gem\u00fcse"},"content":{"rendered":"<p><span style=\"font: 400 12pt\/22.4px Georgia,Palatino; text-align: justify; color: #333333; text-transform: none; text-indent: 0px; letter-spacing: normal; text-decoration: none; word-spacing: 0px; display: inline !important; white-space: normal; orphans: 2; font-size-adjust: none; font-stretch: 100%; float: none; -webkit-text-stroke-width: 0px; background-color: transparent;\">Hundertprozentig wissen was drin ist? Mit unserer 100% Deklaration und Rohstoffen in Lebensmittelqualit\u00e4t garantieren wir Ihnen ein Produkt &#8211; made in Germany &#8211; dem Sie vertrauen k\u00f6nnen. Dr.Clauder\u00b4s Selected Meat \u2013 das ist ausgew\u00e4hlter Fleischgenuss, schonend dampfgegart, mit purem Geschmack &#8211; so f\u00fcttern Sie Ihren Hund artgerecht und richtig.<\/span><\/p>\n<p><span style=\"font-family: Georgia,Palatino; font-size: 12pt;\"><b>Alleinfuttermittel f\u00fcr erwachsene Hunde.<\/b> <\/span><\/p>\n<p><strong>Zusammensetzung<\/strong>: 43,28% vom Kalb (Herz), 22,36% vom Rind (Herz, Fleisch, Leber, Lunge), 22,36% vom Schwein (Herz, Fleisch, Leber, Lunge), 6% Erbsen, 4% Karotten, 1% Mineralstoffe, 1% Inulin (FOS).<\/p>\n<p><strong>Analytische Bestandteile<\/strong>: Rohprotein 10,5%, Rohfett 6,5%, Rohfaser 0,4%, Rohasche 2,5%, Feuchtigkeit 78%.<\/p>\n<p><strong>Zusatzstoffe\/kg: <\/strong><\/p>\n<p><strong>Ern\u00e4hrungsphysiologische Zusatzstoffe<\/strong>: Vitamine: D3 200IE, E 20IE, B1 10mg, B2 6mg, B6 2mg, B12 75mcg, Niacin 15mg, Calcium-D-Pantothenat 9mg, Fols\u00e4ure 0,35mg, Biotin 300mcg, Cholinchlorid 1.200mg, Spurenelemente: Zink (als Zinksulfat, Monohydrat) 25mg, Mangan (als Mangan(II)-sulfat, Monohydrat) 1,4mg, Jod (als Kalziumjodat, wasserfrei) 0,75mg.<\/p>\n<p><strong>F\u00fctterungshinweise<\/strong>: siehe Tabelle. Bitte zimmerwarm f\u00fcttern.<\/p>\n<p><strong>Anwendungshinweise<\/strong>: Stets frisches Wasser bereitstellen! K\u00fchl und trocken lagern.<\/p>\n<p><strong>Verpackung:<\/strong> 800g Dose, 400g Dose<\/p>\n<p><strong>Bitte beachte:<\/strong> unser Onlineangebot kann \u00fcber das vorr\u00e4tige Futter im Vor-Ort-Gesch\u00e4ft hinausgehen. M\u00f6chtest du das Futter vor Ort abholen, empfehlen wir dir die Bestellung \u00fcber den Onlineshop mit der Auswahl der Funktion \u201eAbholung\u201c oder vorherige R\u00fccksprache mit uns.<\/p>\n","protected":false},"excerpt":{"rendered":"<p>Hundertprozentig wissen was drin ist? Mit unserer 100% Deklaration und Rohstoffen in Lebensmittelqualit\u00e4t garantieren wir Ihnen ein Produkt &#8211; made in Germany &#8211; dem Sie vertrauen k\u00f6nnen. Dr.Clauder\u00b4s Selected Meat \u2013 das ist ausgew\u00e4hlter Fleischgenuss, schonend dampfgegart, mit purem Geschmack &#8211; so f\u00fcttern Sie Ihren Hund artgerecht und richtig. Alleinfuttermittel f\u00fcr erwachsene Hunde. Zusammensetzung: 43,28% [&hellip;]<\/p>\n","protected":false},"featured_media":17548,"comment_status":"closed","ping_status":"closed","template":"","meta":[],"product_brand":[],"product_cat":[201,260],"product_tag":[],"class_list":{"0":"post-17544","1":"product","2":"type-product","3":"status-publish","4":"has-post-thumbnail","6":"product_cat-nassfutter-von-dr-clauders","7":"product_cat-dr-clauders-selected-meat","8":"tm-no-options","10":"first","11":"instock","12":"taxable","13":"shipping-taxable","14":"product-type-variable"},"supplier_id":null,"supplier_sku":"","barcode":null,"atum_controlled":true,"out_stock_date":null,"out_stock_threshold":null,"inheritable":false,"inbound_stock":0,"stock_on_hold":0,"sold_today":0,"sales_last_days":2,"reserved_stock":0,"customer_returns":0,"warehouse_damage":0,"lost_in_post":0,"other_logs":0,"out_stock_days":null,"lost_sales":0,"has_location":false,"update_date":"2024-11-12T16:37:11","atum_locations":[],"atum_stock_status":"instock","restock_status":false,"low_stock_amount":"","sales_update_date":"2023-02-27T11:37:14","calc_backorders":null,"jetpack_sharing_enabled":true,"_links":{"self":[{"href":"https:\/\/www.go4dogs.de\/index.php?rest_route=\/wp\/v2\/product\/17544","targetHints":{"allow":["GET"]}}],"collection":[{"href":"https:\/\/www.go4dogs.de\/index.php?rest_route=\/wp\/v2\/product"}],"about":[{"href":"https:\/\/www.go4dogs.de\/index.php?rest_route=\/wp\/v2\/types\/product"}],"replies":[{"embeddable":true,"href":"https:\/\/www.go4dogs.de\/index.php?rest_route=%2Fwp%2Fv2%2Fcomments&post=17544"}],"wp:featuredmedia":[{"embeddable":true,"href":"https:\/\/www.go4dogs.de\/index.php?rest_route=\/wp\/v2\/media\/17548"}],"wp:attachment":[{"href":"https:\/\/www.go4dogs.de\/index.php?rest_route=%2Fwp%2Fv2%2Fmedia&parent=17544"}],"wp:term":[{"taxonomy":"product_brand","embeddable":true,"href":"https:\/\/www.go4dogs.de\/index.php?rest_route=%2Fwp%2Fv2%2Fproduct_brand&post=17544"},{"taxonomy":"product_cat","embeddable":true,"href":"https:\/\/www.go4dogs.de\/index.php?rest_route=%2Fwp%2Fv2%2Fproduct_cat&post=17544"},{"taxonomy":"product_tag","embeddable":true,"href":"https:\/\/www.go4dogs.de\/index.php?rest_route=%2Fwp%2Fv2%2Fproduct_tag&post=17544"}],"curies":[{"name":"wp","href":"https:\/\/api.w.org\/{rel}","templated":true}]}}