{"id":17475,"date":"2020-10-07T20:35:59","date_gmt":"2020-10-07T18:35:59","guid":{"rendered":"https:\/\/www.go4dogs.de\/?post_type=product&#038;p=17475"},"modified":"2025-11-13T14:07:18","modified_gmt":"2025-11-13T12:07:18","slug":"ruffwear-sicherheits-blinker-the-beacon-waterproof","status":"publish","type":"product","link":"https:\/\/www.go4dogs.de\/?product=ruffwear-sicherheits-blinker-the-beacon-waterproof","title":{"rendered":"Ruffwear Sicherheits-Blinker &#8220;The Beacon\u2122 Waterproof&#8221;"},"content":{"rendered":"<p>Mit dieser leistungsstarken LED-Sicherheitsleuchte wird Ihr Hund auch bei schlechtesten Witterungsverh\u00e4ltnissen nicht \u00fcbersehen. Durch den integrierten Quick Clip l\u00e4sst sich der Beacon\u2122 einfach an Geschirren, Halsb\u00e4ndern oder anderer Ausr\u00fcstung befestigen. Mit 3 einschaltbaren Lichtfarben (rot, gr\u00fcn, blau) sowie 3 unterschiedlichen Leuchtmodi. Wiederaufladbar \u00fcber USB-Kabel.<\/p>\n<p>Material: Plastikgeh\u00e4use mit 4 LEDs. Farbe: wei\u00df.<\/p>\n<p>Der Beacon leuchtet permanent in rot, gr\u00fcn oder blau &#8211; oder er blinkt in rot, gr\u00fcn oder blau &#8211; oder er pulsiert in rot, gr\u00fcn oder blau.<\/p>\n<p>Der Beacon ist wasserdicht bis 1m-Wassertiefe und bis zu 750m weit sichtbar<\/p>\n","protected":false},"excerpt":{"rendered":"<p>Mit dieser leistungsstarken LED-Sicherheitsleuchte wird Ihr Hund auch bei schlechtesten Witterungsverh\u00e4ltnissen nicht \u00fcbersehen. Durch den integrierten Quick Clip l\u00e4sst sich der Beacon\u2122 einfach an Geschirren, Halsb\u00e4ndern oder anderer Ausr\u00fcstung befestigen. Mit 3 einschaltbaren Lichtfarben (rot, gr\u00fcn, blau) sowie 3 unterschiedlichen Leuchtmodi. Wiederaufladbar \u00fcber USB-Kabel. Material: Plastikgeh\u00e4use mit 4 LEDs. Farbe: wei\u00df. Der Beacon leuchtet permanent [&hellip;]<\/p>\n","protected":false},"featured_media":17478,"comment_status":"closed","ping_status":"closed","template":"","meta":[],"product_brand":[],"product_cat":[231],"product_tag":[],"class_list":{"0":"post-17475","1":"product","2":"type-product","3":"status-publish","4":"has-post-thumbnail","6":"product_cat-leuchthalsbaender-und-alles-was-blinkt","7":"tm-no-options","9":"first","10":"instock","11":"taxable","12":"shipping-taxable","13":"product-type-simple"},"supplier_id":null,"supplier_sku":"","barcode":null,"atum_controlled":true,"out_stock_date":null,"out_stock_threshold":null,"inheritable":false,"inbound_stock":0,"stock_on_hold":0,"sold_today":0,"sales_last_days":1,"reserved_stock":0,"customer_returns":0,"warehouse_damage":0,"lost_in_post":0,"other_logs":0,"out_stock_days":1,"lost_sales":5,"has_location":false,"update_date":"2025-11-13T12:07:19","atum_locations":[],"atum_stock_status":"instock","restock_status":false,"low_stock_amount":"","sales_update_date":"2022-11-18T08:12:08","calc_backorders":null,"jetpack_sharing_enabled":true,"_links":{"self":[{"href":"https:\/\/www.go4dogs.de\/index.php?rest_route=\/wp\/v2\/product\/17475","targetHints":{"allow":["GET"]}}],"collection":[{"href":"https:\/\/www.go4dogs.de\/index.php?rest_route=\/wp\/v2\/product"}],"about":[{"href":"https:\/\/www.go4dogs.de\/index.php?rest_route=\/wp\/v2\/types\/product"}],"replies":[{"embeddable":true,"href":"https:\/\/www.go4dogs.de\/index.php?rest_route=%2Fwp%2Fv2%2Fcomments&post=17475"}],"wp:featuredmedia":[{"embeddable":true,"href":"https:\/\/www.go4dogs.de\/index.php?rest_route=\/wp\/v2\/media\/17478"}],"wp:attachment":[{"href":"https:\/\/www.go4dogs.de\/index.php?rest_route=%2Fwp%2Fv2%2Fmedia&parent=17475"}],"wp:term":[{"taxonomy":"product_brand","embeddable":true,"href":"https:\/\/www.go4dogs.de\/index.php?rest_route=%2Fwp%2Fv2%2Fproduct_brand&post=17475"},{"taxonomy":"product_cat","embeddable":true,"href":"https:\/\/www.go4dogs.de\/index.php?rest_route=%2Fwp%2Fv2%2Fproduct_cat&post=17475"},{"taxonomy":"product_tag","embeddable":true,"href":"https:\/\/www.go4dogs.de\/index.php?rest_route=%2Fwp%2Fv2%2Fproduct_tag&post=17475"}],"curies":[{"name":"wp","href":"https:\/\/api.w.org\/{rel}","templated":true}]}}