{"id":17418,"date":"2020-09-30T11:34:26","date_gmt":"2020-09-30T09:34:26","guid":{"rendered":"https:\/\/www.go4dogs.de\/?post_type=product&#038;p=17418"},"modified":"2026-01-03T16:22:28","modified_gmt":"2026-01-03T14:22:28","slug":"beco-hoopring-mit-tau","status":"publish","type":"product","link":"https:\/\/www.go4dogs.de\/?product=beco-hoopring-mit-tau","title":{"rendered":"Beco  Hoopring mit Tau"},"content":{"rendered":"<p>Sinnliches Spielvergn\u00fcgen f\u00fcr umweltbewusste Vierbeiner! Der\u00a0<strong>BECO Hoop Ring mit Tau<\/strong>\u00a0wirkt durch sein verf\u00fchrerisches Vanille-Aroma und seine auff\u00e4llige Farbgestaltung nicht nur ausgesprochen interessant, sondern leistet durch seine nachhaltige Herstellungsweise einen wertvollen Beitrag f\u00fcr mehr \u00f6kologisches Bewusstsein im Alltag. Die integrierte Seilkordel l\u00e4dt zum Tauziehen ein und erm\u00f6glicht besonders weite W\u00fcrfe.<\/p>\n<h2>Material: Reisspelzen-Kautschuk, Baumwolle<\/h2>\n<p>Gr\u00f6\u00dfe:<\/p>\n<ul>\n<li>S: \u00d8 12,0 cm, Seill\u00e4nge 23 cm<\/li>\n<li>L: \u00d8 16,5 cm, Seill\u00e4nge 29 cm<\/li>\n<\/ul>\n<h2>Eigenschaften<\/h2>\n<ul>\n<li>umweltfreundliches Wurf- und Apportierspielzeug f\u00fcr Hunde<\/li>\n<li>integrierte Seilkordel zum weiten Schleudern und Tauziehen<\/li>\n<li>aus nachhaltigem Reisspelzenkautschuk<\/li>\n<li>biologisch abbaubar<\/li>\n<li>100% nat\u00fcrlich und frei von k\u00fcnstlichen Zus\u00e4tzen<\/li>\n<li>robust<\/li>\n<li>ungiftig<\/li>\n<li>dezenter Vanille-Duft<\/li>\n<li>zahnschonend<\/li>\n<li>f\u00f6rdert Ausdauer und Koordinationsverm\u00f6gen mit gro\u00dfem Spa\u00dffaktor<\/li>\n<\/ul>\n<h2>BECO HOOP RING MIT TAU<\/h2>\n<p>Mit ihren neuartigen Spielzeug-Kreationen setzen die innovativen K\u00f6pfe von Beco ein wichtiges Statement f\u00fcr mehr Umweltbewusstsein und Nachhaltigkeit im Alltag. Zur Herstellung ihrer ringf\u00f6rmigen Hoops verwenden die Briten n\u00e4mlich ausschlie\u00dflich zerkleinerte Reisspelzen, die w\u00e4hrend der Lebensmittelverarbeitung anfallen und mit Hilfe von organischem Harz zu einer homogenen, formbaren Masse verbunden werden. Die so entstandenen Wurfringe sind biologisch abbaubar, stabil, pflegeleicht und dank ihrer zahnschonenden Eigenschaften besonders f\u00fcr Hundesenioren und heranwachsende Welpen geeignet, die sich gerade im Zahnwechsel befinden. Die farbenfrohen Ringe verstr\u00f6men au\u00dferdem ein angenehmes Vanille-Aroma, was Ihren vierbeinigen Freund zus\u00e4tzlich zum Spielen animiert. Die integrierte Seilkordel besteht aus reiner Baumwolle und erm\u00f6glicht Ihnen nicht nur W\u00fcrfe \u00fcber weite Distanzen, sondern bietet sich beim gemeinsamen Tauziehen mit Ihrem Hund auch ganz hervorragend zum vergn\u00fcglichen Kr\u00e4ftemessen an.<\/p>\n","protected":false},"excerpt":{"rendered":"<p>Sinnliches Spielvergn\u00fcgen f\u00fcr umweltbewusste Vierbeiner! Der\u00a0BECO Hoop Ring mit Tau\u00a0wirkt durch sein verf\u00fchrerisches Vanille-Aroma und seine auff\u00e4llige Farbgestaltung nicht nur ausgesprochen interessant, sondern leistet durch seine nachhaltige Herstellungsweise einen wertvollen Beitrag f\u00fcr mehr \u00f6kologisches Bewusstsein im Alltag. Die integrierte Seilkordel l\u00e4dt zum Tauziehen ein und erm\u00f6glicht besonders weite W\u00fcrfe. Material: Reisspelzen-Kautschuk, Baumwolle Gr\u00f6\u00dfe: S: \u00d8 [&hellip;]<\/p>\n","protected":false},"featured_media":17425,"comment_status":"closed","ping_status":"closed","template":"","meta":[],"product_brand":[],"product_cat":[218],"product_tag":[],"class_list":{"0":"post-17418","1":"product","2":"type-product","3":"status-publish","4":"has-post-thumbnail","6":"product_cat-zum-werfen-zerren-jagen","7":"tm-no-options","9":"first","10":"outofstock","11":"taxable","12":"shipping-taxable","13":"product-type-variable"},"supplier_id":null,"supplier_sku":"","barcode":null,"atum_controlled":true,"out_stock_date":null,"out_stock_threshold":null,"inheritable":false,"inbound_stock":0,"stock_on_hold":0,"sold_today":null,"sales_last_days":null,"reserved_stock":0,"customer_returns":0,"warehouse_damage":0,"lost_in_post":0,"other_logs":0,"out_stock_days":null,"lost_sales":null,"has_location":false,"update_date":"2024-12-01T19:18:31","atum_locations":[],"atum_stock_status":"instock","restock_status":false,"low_stock_amount":"","sales_update_date":"2024-05-21T09:05:32","calc_backorders":null,"jetpack_sharing_enabled":true,"_links":{"self":[{"href":"https:\/\/www.go4dogs.de\/index.php?rest_route=\/wp\/v2\/product\/17418","targetHints":{"allow":["GET"]}}],"collection":[{"href":"https:\/\/www.go4dogs.de\/index.php?rest_route=\/wp\/v2\/product"}],"about":[{"href":"https:\/\/www.go4dogs.de\/index.php?rest_route=\/wp\/v2\/types\/product"}],"replies":[{"embeddable":true,"href":"https:\/\/www.go4dogs.de\/index.php?rest_route=%2Fwp%2Fv2%2Fcomments&post=17418"}],"wp:featuredmedia":[{"embeddable":true,"href":"https:\/\/www.go4dogs.de\/index.php?rest_route=\/wp\/v2\/media\/17425"}],"wp:attachment":[{"href":"https:\/\/www.go4dogs.de\/index.php?rest_route=%2Fwp%2Fv2%2Fmedia&parent=17418"}],"wp:term":[{"taxonomy":"product_brand","embeddable":true,"href":"https:\/\/www.go4dogs.de\/index.php?rest_route=%2Fwp%2Fv2%2Fproduct_brand&post=17418"},{"taxonomy":"product_cat","embeddable":true,"href":"https:\/\/www.go4dogs.de\/index.php?rest_route=%2Fwp%2Fv2%2Fproduct_cat&post=17418"},{"taxonomy":"product_tag","embeddable":true,"href":"https:\/\/www.go4dogs.de\/index.php?rest_route=%2Fwp%2Fv2%2Fproduct_tag&post=17418"}],"curies":[{"name":"wp","href":"https:\/\/api.w.org\/{rel}","templated":true}]}}