{"id":17344,"date":"2020-09-27T12:45:51","date_gmt":"2020-09-27T10:45:51","guid":{"rendered":"https:\/\/www.go4dogs.de\/?post_type=product&#038;p=17344"},"modified":"2025-11-13T14:07:19","modified_gmt":"2025-11-13T12:07:19","slug":"visio-light-led-langhaar-schlauchhalsband","status":"publish","type":"product","link":"https:\/\/www.go4dogs.de\/?product=visio-light-led-langhaar-schlauchhalsband","title":{"rendered":"Visio Light LED Langhaar Schlauchhalsband"},"content":{"rendered":"<div id=\"tab-label-product.info.description\" class=\"data item title active\" tabindex=\"0\" role=\"tab\" aria-expanded=\"true\" aria-selected=\"false\" aria-controls=\"product.info.description\" aria-labeledby=\"tab-label-product.info.description-title\" data-collapsible=\"true\" data-role=\"collapsible\">\n<p>Das VISIO Light LED Longhair wurde speziell f\u00fcr die Sicherheit Ihres langhaarigen Hundes in der dunklen Jahreszeit entwickelt. Es kann mit Blink- sowie Dauerlicht betrieben werden und besticht durch eine sehr gute Leucht- und Farbintensit\u00e4t. Aufgrund des flachen, breiten Designs liegt es auf dem Fell des Hundes auf und verschwindet nicht darunter. So ist der Hund auch \u00fcber weitere Distanzen gut sichtbar. Die relative Sicht betr\u00e4gt ca. 500 Meter, abh\u00e4ngig vom Ladestand des Akkus und den \u00f6rtlichen Gegebenheiten. Der Leuchtschlauch aus flexiblem Silikon ist leicht, weich und durch individuelles K\u00fcrzen auf den Halsumfang des Hundes einstellbar (f\u00fcr Halsweiten von 20\u00a0bis 65 cm). Aufgrund der verwendeten hochwertigen Materialien ist das Leuchthalsband robust und wetterfest. Dank Spritzwasserschutz kann es auch bei Regen und Schnee problemlos genutzt werden.<\/p>\n<p>Es sind keine Batterien n\u00f6tig. Das Ger\u00e4t kann bequem mit dem mitgelieferten USB-Kabel aufgeladen werden (z. B. am PC\/Laptop). Bei Dauerbeleuchtung betr\u00e4gt die Leuchtdauer ca. 1,5 Stunden, bei Blinkbeleuchtung ca. 2 Stunden. Innerhalb von ca. 1,5 bis 2 Stunden ist der Akku wieder aufgeladen.<\/p>\n<\/div>\n<div id=\"product.info.description\" class=\"data item content\" role=\"tabpanel\" aria-hidden=\"false\" aria-labelledby=\"tab-label-product.info.description\" data-role=\"content\">\n<div class=\"product attribute description\">\n<div class=\"value\">\n<p>Farben: blau, orange, gelb<\/p>\n<\/div>\n<\/div>\n<\/div>\n","protected":false},"excerpt":{"rendered":"<p>Das VISIO Light LED Longhair wurde speziell f\u00fcr die Sicherheit Ihres langhaarigen Hundes in der dunklen Jahreszeit entwickelt. Es kann mit Blink- sowie Dauerlicht betrieben werden und besticht durch eine sehr gute Leucht- und Farbintensit\u00e4t. Aufgrund des flachen, breiten Designs liegt es auf dem Fell des Hundes auf und verschwindet nicht darunter. So ist der [&hellip;]<\/p>\n","protected":false},"featured_media":17359,"comment_status":"closed","ping_status":"closed","template":"","meta":[],"product_brand":[],"product_cat":[231],"product_tag":[],"class_list":{"0":"post-17344","1":"product","2":"type-product","3":"status-publish","4":"has-post-thumbnail","6":"product_cat-leuchthalsbaender-und-alles-was-blinkt","7":"tm-no-options","9":"first","10":"instock","11":"taxable","12":"shipping-taxable","13":"product-type-variable"},"supplier_id":null,"supplier_sku":"","barcode":null,"atum_controlled":true,"out_stock_date":null,"out_stock_threshold":null,"inheritable":true,"inbound_stock":0,"stock_on_hold":0,"sold_today":0,"sales_last_days":1,"reserved_stock":0,"customer_returns":0,"warehouse_damage":0,"lost_in_post":0,"other_logs":0,"out_stock_days":null,"lost_sales":0,"has_location":false,"update_date":"2024-02-28T08:29:12","atum_locations":[],"atum_stock_status":"instock","restock_status":false,"low_stock_amount":"","sales_update_date":"2023-11-07T08:07:14","calc_backorders":null,"jetpack_sharing_enabled":true,"_links":{"self":[{"href":"https:\/\/www.go4dogs.de\/index.php?rest_route=\/wp\/v2\/product\/17344","targetHints":{"allow":["GET"]}}],"collection":[{"href":"https:\/\/www.go4dogs.de\/index.php?rest_route=\/wp\/v2\/product"}],"about":[{"href":"https:\/\/www.go4dogs.de\/index.php?rest_route=\/wp\/v2\/types\/product"}],"replies":[{"embeddable":true,"href":"https:\/\/www.go4dogs.de\/index.php?rest_route=%2Fwp%2Fv2%2Fcomments&post=17344"}],"wp:featuredmedia":[{"embeddable":true,"href":"https:\/\/www.go4dogs.de\/index.php?rest_route=\/wp\/v2\/media\/17359"}],"wp:attachment":[{"href":"https:\/\/www.go4dogs.de\/index.php?rest_route=%2Fwp%2Fv2%2Fmedia&parent=17344"}],"wp:term":[{"taxonomy":"product_brand","embeddable":true,"href":"https:\/\/www.go4dogs.de\/index.php?rest_route=%2Fwp%2Fv2%2Fproduct_brand&post=17344"},{"taxonomy":"product_cat","embeddable":true,"href":"https:\/\/www.go4dogs.de\/index.php?rest_route=%2Fwp%2Fv2%2Fproduct_cat&post=17344"},{"taxonomy":"product_tag","embeddable":true,"href":"https:\/\/www.go4dogs.de\/index.php?rest_route=%2Fwp%2Fv2%2Fproduct_tag&post=17344"}],"curies":[{"name":"wp","href":"https:\/\/api.w.org\/{rel}","templated":true}]}}