{"id":17325,"date":"2020-09-26T23:39:48","date_gmt":"2020-09-26T21:39:48","guid":{"rendered":"https:\/\/www.go4dogs.de\/?post_type=product&#038;p=17325"},"modified":"2025-11-30T15:06:32","modified_gmt":"2025-11-30T13:06:32","slug":"wildes-land-doerrfleisch-ente","status":"publish","type":"product","link":"https:\/\/www.go4dogs.de\/?product=wildes-land-doerrfleisch-ente","title":{"rendered":"Wildes Land D\u00f6rrfleisch Ente"},"content":{"rendered":"<p><strong>D\u00f6rrfleisch Ente<\/strong><\/p>\n<p>Mit dem D\u00f6rrfleisch Ente erh\u00e4lt Ihr Hund ein getreidefreies Naturprodukt als Kausnack. Es hat einen hohen Fleischanteil von 95 % und besteht nur aus nat\u00fcrlichen Zutaten. Diese werden schonend getrocknet und zu einer Rolle geformt. Nat\u00fcrlich enthalten diese Rollen weder Farb- noch Aroma- oder Konservierungsstoffe. Sie erhalten einen praktischen Beutel mit Klettverschluss mit 3 Rollen Entend\u00f6rrfleisch, die ein Gesamtgewicht von 65 g haben.<\/p>\n<p>Das\u00a0D\u00f6rrfleisch\u00a0Ente\u00a0besteht aus rein nat\u00fcrlichen Zutaten und ist getreidefrei. Es ist ein Naturprodukt, das die Urspr\u00fcnglichkeit und die Kraft der Natur widerspiegelt. Der Fleischanteil ist mit 95 % hoch und das Fleisch stammt aus nur einer Proteinquelle. Die wertvollen Rohstoffe und Zutaten werden schonend verarbeitet und zu einer Rolle geformt. Der Geschmack und die gesunden Inhaltsstoffe bleiben auf diese Weise erhalten. Das Resultat ist ein gut vertr\u00e4glicher, nat\u00fcrlicher und artgerechter\u00a0Snack, der den Hunden schmeckt und viel Kauspa\u00df bietet.\u00a0Diese Rollen aus Entend\u00f6rrfleisch enthalten keine Farb-, Aroma- oder Konservierungsstoffe, sondern nur die pure Natur. Dank der Rollenform l\u00e4sst sich das ged\u00f6rrte Fleisch von Ihrem\u00a0Hund\u00a0besonders gut kaufen. Es ist ein willkommener\u00a0Snack\u00a0f\u00fcr zwischendurch oder eine feine Belohnung als positive Best\u00e4rkung nach einem erfolgreichen Training mit Ihrem\u00a0Hund.\u00a0Selbstverst\u00e4ndlich verzichten wir bei der Entwicklung und der Produktion unseres Futters und unserer Snacks auf Tierversuche. Wir stellen unsere Produkte in Deutschland her. Die Rollen aus Entend\u00f6rrfleisch sind ein Kausnack f\u00fcr junge und alte Hunde aller Rassen und Gr\u00f6\u00dfen. Dieser\u00a0Snack\u00a0wird in einem praktischen, wieder verschlie\u00dfbaren Beutel geliefert.<\/p>\n<p><strong>Das Wichtigste zum\u00a0D\u00f6rrfleisch\u00a0Ente\u00a0zusammengefasst:<\/strong><\/p>\n<blockquote>\n<ul>\n<li>Hoher Fleischanteil von 95 %<\/li>\n<li>Bestehend aus rein nat\u00fcrlichen Zutaten<\/li>\n<li>Frei von Farb-, Aroma- und Konservierungsstoffen<\/li>\n<li>Getreide- und glutenfrei<\/li>\n<li>Ohne Tierversuche entwickelt und produziert<\/li>\n<li>Hergestellt in Deutschland<\/li>\n<li>Geeignet f\u00fcr Hunde jeden Alters und aller Gr\u00f6\u00dfen<\/li>\n<\/ul>\n<\/blockquote>\n<div class=\"row mb-3 pb-3\">\n<div class=\"col col-12 col-md-3\"><strong>Zusammensetzung<\/strong><\/div>\n<div class=\"col col-12 col-md-9\">\n<div class=\"row mb-3 pb-3\">\n<div class=\"col col-12 col-md-9\">Fleischerzeugnis von der Ente 95%, nat\u00fcrliches pflanzliches Glycerin 2,6%, Erbsenfaser 1,2%, Mineralstoffe 0,7%, Collagenseitling 0,5%<\/div>\n<\/div>\n<div class=\"row mb-3 pb-3\">\n<div><\/div>\n<div class=\"col col-12 col-md-3\"><strong>Analytische Bestandteile<\/strong><\/div>\n<div class=\"col col-12 col-md-9\">\n<p>Rohprotein 43,8%, Rohfett 21,9%, Rohfaser 1%, Rohasche 9,4%, Feuchtigkeit 13,9%<\/p>\n<\/div>\n<\/div>\n<\/div>\n<\/div>\n","protected":false},"excerpt":{"rendered":"<p>D\u00f6rrfleisch Ente Mit dem D\u00f6rrfleisch Ente erh\u00e4lt Ihr Hund ein getreidefreies Naturprodukt als Kausnack. Es hat einen hohen Fleischanteil von 95 % und besteht nur aus nat\u00fcrlichen Zutaten. Diese werden schonend getrocknet und zu einer Rolle geformt. Nat\u00fcrlich enthalten diese Rollen weder Farb- noch Aroma- oder Konservierungsstoffe. Sie erhalten einen praktischen Beutel mit Klettverschluss mit [&hellip;]<\/p>\n","protected":false},"featured_media":17328,"comment_status":"closed","ping_status":"closed","template":"","meta":[],"product_brand":[],"product_cat":[241],"product_tag":[],"class_list":{"0":"post-17325","1":"product","2":"type-product","3":"status-publish","4":"has-post-thumbnail","6":"product_cat-kauspass","7":"tm-no-options","9":"first","10":"instock","11":"taxable","12":"shipping-taxable","13":"product-type-simple"},"supplier_id":null,"supplier_sku":"","barcode":null,"atum_controlled":true,"out_stock_date":null,"out_stock_threshold":null,"inheritable":false,"inbound_stock":0,"stock_on_hold":0,"sold_today":0,"sales_last_days":3,"reserved_stock":0,"customer_returns":0,"warehouse_damage":0,"lost_in_post":0,"other_logs":0,"out_stock_days":0,"lost_sales":0,"has_location":false,"update_date":"2025-11-30T13:06:33","atum_locations":[],"atum_stock_status":"instock","restock_status":false,"low_stock_amount":"","sales_update_date":"2023-06-01T06:07:10","calc_backorders":null,"jetpack_sharing_enabled":true,"_links":{"self":[{"href":"https:\/\/www.go4dogs.de\/index.php?rest_route=\/wp\/v2\/product\/17325","targetHints":{"allow":["GET"]}}],"collection":[{"href":"https:\/\/www.go4dogs.de\/index.php?rest_route=\/wp\/v2\/product"}],"about":[{"href":"https:\/\/www.go4dogs.de\/index.php?rest_route=\/wp\/v2\/types\/product"}],"replies":[{"embeddable":true,"href":"https:\/\/www.go4dogs.de\/index.php?rest_route=%2Fwp%2Fv2%2Fcomments&post=17325"}],"wp:featuredmedia":[{"embeddable":true,"href":"https:\/\/www.go4dogs.de\/index.php?rest_route=\/wp\/v2\/media\/17328"}],"wp:attachment":[{"href":"https:\/\/www.go4dogs.de\/index.php?rest_route=%2Fwp%2Fv2%2Fmedia&parent=17325"}],"wp:term":[{"taxonomy":"product_brand","embeddable":true,"href":"https:\/\/www.go4dogs.de\/index.php?rest_route=%2Fwp%2Fv2%2Fproduct_brand&post=17325"},{"taxonomy":"product_cat","embeddable":true,"href":"https:\/\/www.go4dogs.de\/index.php?rest_route=%2Fwp%2Fv2%2Fproduct_cat&post=17325"},{"taxonomy":"product_tag","embeddable":true,"href":"https:\/\/www.go4dogs.de\/index.php?rest_route=%2Fwp%2Fv2%2Fproduct_tag&post=17325"}],"curies":[{"name":"wp","href":"https:\/\/api.w.org\/{rel}","templated":true}]}}