{"id":17324,"date":"2020-09-26T23:39:46","date_gmt":"2020-09-26T21:39:46","guid":{"rendered":"https:\/\/www.go4dogs.de\/?post_type=product&#038;p=17324"},"modified":"2025-11-30T15:06:31","modified_gmt":"2025-11-30T13:06:31","slug":"wildes-land-doerrfleisch-pferd","status":"publish","type":"product","link":"https:\/\/www.go4dogs.de\/?product=wildes-land-doerrfleisch-pferd","title":{"rendered":"Wildes Land D\u00f6rrfleisch Pferd"},"content":{"rendered":"<p><strong>D\u00f6rrfleisch Pferd<\/strong><\/p>\n<p>&nbsp;<\/p>\n<p>Das\u00a0D\u00f6rrfleisch\u00a0Pferd\u00a0ist ein getreidefreies Naturprodukt mit einem hohen Fleischanteil von 95 %. Die nat\u00fcrlichen Zutaten werden schonend luftgetrocknet und sind zu einer Rolle geformt. Mit diesem Kausnack bekommt Ihr\u00a0Hund\u00a0pure Natur zum Kauen. Sie erhalten einen praktischen, wieder verschlie\u00dfbaren Beutel mit 3 Rollen, die ein Gesamtgewicht von 65 g haben.<\/p>\n<p>Das\u00a0D\u00f6rrfleisch\u00a0Pferd\u00a0ist ein reines Naturprodukt, das auf der Urspr\u00fcnglichkeit und der Kraft der Natur basiert. Es besteht aus einem hohen Fleischanteil von 95 % und ist getreidefrei. Die nat\u00fcrlichen Zutaten werden schonend luftgetrocknet und zu einer Rolle geformt. Das Resultat ist ein nat\u00fcrlicher und artgerechter\u00a0Snack, der nicht nur gut vertr\u00e4glich ist, sondern den Hunden auch schmeckt und viel Kauspa\u00df bietet.\u00a0Der leckere\u00a0Snack\u00a0enth\u00e4lt keine Farb-, Aroma- oder Konservierungsstoffe, sondern nur die pure Natur. Die hochwertigen Zutaten werden schonend verarbeitet, damit der Geschmack und die Inhaltsstoffe erhalten bleiben. Zu einer Rolle geformt, l\u00e4sst sich das ged\u00f6rrte Pferdefleisch von Ihrem\u00a0Hund\u00a0besonders gut kauen. Es ist ein idealer\u00a0Snack\u00a0f\u00fcr zwischendurch und eine artgerechte Belohnung als positive Best\u00e4rkung.\u00a0Wir verzichten auf Tierversuche, sowohl bei der Entwicklung als auch bei der Produktion unseres Futters und unserer Snacks. Hergestellt werden unsere Produkte in Deutschland. Dieser Kausnack ist f\u00fcr junge und alte Hunde aller Rassen und Gr\u00f6\u00dfen geeignet. Die Rollen mit dem ged\u00f6rrten Pferdefleisch werden in einem praktischen Beutel mit Klettverschluss geliefert. Damit ist dieser auch ideal, wenn Sie mit Ihrem\u00a0Hund\u00a0unterwegs sind, da sich der Beutel einfach wieder verschlie\u00dfen l\u00e4sst.<\/p>\n<p><strong>Das Wichtigste zum\u00a0D\u00f6rrfleisch\u00a0Pferd\u00a0zusammengefasst:<\/strong><\/p>\n<blockquote>\n<ul>\n<li>Hoher Fleischanteil von 95 %<\/li>\n<li>Bestehend aus nat\u00fcrlichen Zutaten<\/li>\n<li>Ohne Farb-, Aroma- und Konservierungsstoffe<\/li>\n<li>Ohne Getreide<\/li>\n<li>Ohne Tierversuche<\/li>\n<li>Hergestellt in Deutschland<\/li>\n<\/ul>\n<\/blockquote>\n<div class=\"row mb-3 pb-3\">\n<div class=\"col col-12 col-md-3\"><strong>Zusammensetzung<\/strong><\/div>\n<div class=\"col col-12 col-md-9\">\n<div class=\"row mb-3 pb-3\">\n<div class=\"col col-12 col-md-9\">95% Fleischerzeugnis vom Pferd, 2,6% nat\u00fcrliches pflanzliches Glycerin, 1,2% Erbsenfaser, 0,7% Mineralstoffe, 0,5% Collagenseitling.<\/div>\n<div><\/div>\n<\/div>\n<div class=\"row mb-3 pb-3\">\n<div class=\"col col-12 col-md-3\"><strong>Analytische Bestandteile<\/strong><\/div>\n<div class=\"col col-12 col-md-9\">\n<p>Rohprotein 35,6%, Rohfett 27,6%, Rohfaser 2,5%, Rohasche 11,4%, Feuchtigkeit 14,8%<\/p>\n<\/div>\n<\/div>\n<\/div>\n<\/div>\n","protected":false},"excerpt":{"rendered":"<p>D\u00f6rrfleisch Pferd &nbsp; Das\u00a0D\u00f6rrfleisch\u00a0Pferd\u00a0ist ein getreidefreies Naturprodukt mit einem hohen Fleischanteil von 95 %. Die nat\u00fcrlichen Zutaten werden schonend luftgetrocknet und sind zu einer Rolle geformt. Mit diesem Kausnack bekommt Ihr\u00a0Hund\u00a0pure Natur zum Kauen. Sie erhalten einen praktischen, wieder verschlie\u00dfbaren Beutel mit 3 Rollen, die ein Gesamtgewicht von 65 g haben. Das\u00a0D\u00f6rrfleisch\u00a0Pferd\u00a0ist ein reines Naturprodukt, [&hellip;]<\/p>\n","protected":false},"featured_media":17327,"comment_status":"closed","ping_status":"closed","template":"","meta":[],"product_brand":[],"product_cat":[241],"product_tag":[],"class_list":{"0":"post-17324","1":"product","2":"type-product","3":"status-publish","4":"has-post-thumbnail","6":"product_cat-kauspass","7":"tm-no-options","9":"first","10":"instock","11":"taxable","12":"shipping-taxable","13":"product-type-simple"},"supplier_id":null,"supplier_sku":"","barcode":null,"atum_controlled":true,"out_stock_date":null,"out_stock_threshold":null,"inheritable":false,"inbound_stock":0,"stock_on_hold":0,"sold_today":0,"sales_last_days":1,"reserved_stock":0,"customer_returns":0,"warehouse_damage":0,"lost_in_post":0,"other_logs":0,"out_stock_days":0,"lost_sales":0,"has_location":false,"update_date":"2025-11-30T13:06:33","atum_locations":[],"atum_stock_status":"instock","restock_status":false,"low_stock_amount":"","sales_update_date":"2023-11-14T05:59:25","calc_backorders":null,"jetpack_sharing_enabled":true,"_links":{"self":[{"href":"https:\/\/www.go4dogs.de\/index.php?rest_route=\/wp\/v2\/product\/17324","targetHints":{"allow":["GET"]}}],"collection":[{"href":"https:\/\/www.go4dogs.de\/index.php?rest_route=\/wp\/v2\/product"}],"about":[{"href":"https:\/\/www.go4dogs.de\/index.php?rest_route=\/wp\/v2\/types\/product"}],"replies":[{"embeddable":true,"href":"https:\/\/www.go4dogs.de\/index.php?rest_route=%2Fwp%2Fv2%2Fcomments&post=17324"}],"wp:featuredmedia":[{"embeddable":true,"href":"https:\/\/www.go4dogs.de\/index.php?rest_route=\/wp\/v2\/media\/17327"}],"wp:attachment":[{"href":"https:\/\/www.go4dogs.de\/index.php?rest_route=%2Fwp%2Fv2%2Fmedia&parent=17324"}],"wp:term":[{"taxonomy":"product_brand","embeddable":true,"href":"https:\/\/www.go4dogs.de\/index.php?rest_route=%2Fwp%2Fv2%2Fproduct_brand&post=17324"},{"taxonomy":"product_cat","embeddable":true,"href":"https:\/\/www.go4dogs.de\/index.php?rest_route=%2Fwp%2Fv2%2Fproduct_cat&post=17324"},{"taxonomy":"product_tag","embeddable":true,"href":"https:\/\/www.go4dogs.de\/index.php?rest_route=%2Fwp%2Fv2%2Fproduct_tag&post=17324"}],"curies":[{"name":"wp","href":"https:\/\/api.w.org\/{rel}","templated":true}]}}