{"id":17211,"date":"2020-09-18T16:40:36","date_gmt":"2020-09-18T14:40:36","guid":{"rendered":"https:\/\/www.go4dogs.de\/?post_type=product&#038;p=17211"},"modified":"2024-11-12T18:26:04","modified_gmt":"2024-11-12T16:26:04","slug":"wildes-land-classic-adult-pferd-400g","status":"publish","type":"product","link":"https:\/\/www.go4dogs.de\/?product=wildes-land-classic-adult-pferd-400g","title":{"rendered":"Wildes Land Classic Adult Pferd 400g"},"content":{"rendered":"<p><strong>Pferd mit S\u00fc\u00dfkartoffeln, Wildkr\u00e4utern und Distel\u00f6l<br \/>\naus der Linie Classic Adult<\/strong><\/p>\n<p>Eine hypoallergene Beschaffenheit von Hundefutter wird heute zudem immer h\u00e4ufiger notwendig, da Allergien auch bei Hunden stark zugenommen haben. Deshalb eignet sich unser Nassfutter Pferd mit S\u00fc\u00dfkartoffeln, Wildkr\u00e4utern und Distel\u00f6l besonders f\u00fcr Hunde geeignet, die unter einer Nahrungsmittel-Allergie leiden. In Kombination mit leckerem Gem\u00fcse, Kr\u00e4utern und \u00d6len bieten Sie Ihrem Vierbeiner einen abwechslungsreichen und hochwertigen Leckerbissen.<\/p>\n<p>Bei der F\u00fctterung unserer Hunde und der Qualit\u00e4t des Futters sollten wir keine Kompromisse eingehen.\u00a0Unsere Rezeptur besteht zu 65 % aus hochwertigem Fleisch und Innereien vom Pferd als einzige tierische Proteinquelle. Wir verwenden ausschlie\u00dflich nur qualitativ hochwertige Zutaten und Rohstoffe in unserem ausgezeichnetem Nassfutter. Auf minderwertige Kohlenhydratquellen wie Weizen verzichten wir komplett und greifen stattdessen auf delikate S\u00fc\u00dfkartoffeln zur\u00fcck. Sie liefert Ihrem Liebling ausreichend Energie f\u00fcr lange Spazierg\u00e4nge in der Natur und gelten als eine der n\u00e4hrstoffreichsten Gem\u00fcsesorten. In Kombination mit Wildkr\u00e4uter und Distel\u00f6l, das f\u00fcr sch\u00f6ne Haut und Fell sorgen kann, ist die hypoallergene Rezeptur ein absolutes Highlight im Futternapf und super verdaulich und leicht bek\u00f6mmlich.<br \/>\nDa wir uns die artgerechnete und nat\u00fcrliche Ern\u00e4hrung unserer tierischen Freunde zum Ziel gesetzt haben, verwenden wir keinerlei Aroma-, Farb- oder Konservierungsstoffe sowie Zucker. Tierversuche sind bei uns ausgeschlossen und werden weder bei der Entwicklung noch in der Produktion eingesetzt. Unsere Herstellung erfolgt mit viel Herz und Verstand f\u00fcr unsere Tier zu 100 % in Deutschland.<\/p>\n<p><strong>Ein kurzer \u00dcberblick \u00fcber das Nassfutter\u00a0<\/strong><strong>Pferd mit S\u00fc\u00dfkartoffeln, Wildkr\u00e4utern und Distel\u00f6l:<\/strong><\/p>\n<blockquote>\n<ul>\n<li>Nat\u00fcrliches Nassfutter mit besonders hohem Fleischanteil (65 %)<\/li>\n<li>Besteht aus leckeren Pferdefleisch- und Innereien<\/li>\n<li>Hypoallergen<\/li>\n<li>Besonders f\u00fcr allergische Hunde geeignet<\/li>\n<li>Ein-Tier-Proteinquelle<\/li>\n<li>Ohne minderwertigem Getreide<\/li>\n<li>Mit S\u00fc\u00dfkartoffeln als Energielieferant<\/li>\n<li>Mit leckeren Wildkr\u00e4utern<\/li>\n<li>Enth\u00e4lt Distel\u00f6l zur Unterst\u00fctzung von Haut und Fell<\/li>\n<li>Keinerlei Aroma-, Farb- oder Konservierungsstoffe sowie Zucker<\/li>\n<li>Tierversuche sind ein No-Go<\/li>\n<li>100% Herstellung in Deutschland<\/li>\n<\/ul>\n<\/blockquote>\n<div class=\"row mb-3 pb-3\">\n<div class=\"col col-12 col-md-3\">\n<div class=\"row mb-3 pb-3\">\n<div class=\"col col-12 col-md-3\"><strong>Zusammensetzung<\/strong><\/div>\n<div class=\"col col-12 col-md-9\">Huhn 62 % (Herz, Fleisch, Leber, M\u00e4gen, H\u00e4lse), Br\u00fche 27,5 %, Karotten 5 %, \u00c4pfel 4 %, Mineralstoffe 1 %, Distel\u00f6l 0,3 %, Yucca-Extrakt 0,1 %, Wildkr\u00e4uter 0,1 % (Basilikum, Kamille, L\u00f6wenzahn, Petersilie, Rosmarin).<\/div>\n<\/div>\n<div class=\"row mb-3 pb-3\">\n<div><\/div>\n<div class=\"col col-12 col-md-3\"><strong>Analytische Bestandteile<\/strong><\/div>\n<div class=\"col col-12 col-md-9\">\n<p>Rohprotein 10,3 %, Rohfett 5,1 %, Rohfaser 0,5 %, Rohasche 2,5 %, Feuchtigkeit 80 %.<\/p>\n<\/div>\n<\/div>\n<\/div>\n<\/div>\n","protected":false},"excerpt":{"rendered":"<p>Pferd mit S\u00fc\u00dfkartoffeln, Wildkr\u00e4utern und Distel\u00f6l aus der Linie Classic Adult Eine hypoallergene Beschaffenheit von Hundefutter wird heute zudem immer h\u00e4ufiger notwendig, da Allergien auch bei Hunden stark zugenommen haben. Deshalb eignet sich unser Nassfutter Pferd mit S\u00fc\u00dfkartoffeln, Wildkr\u00e4utern und Distel\u00f6l besonders f\u00fcr Hunde geeignet, die unter einer Nahrungsmittel-Allergie leiden. In Kombination mit leckerem Gem\u00fcse, [&hellip;]<\/p>\n","protected":false},"featured_media":17214,"comment_status":"closed","ping_status":"closed","template":"","meta":[],"product_brand":[],"product_cat":[268],"product_tag":[],"class_list":{"0":"post-17211","1":"product","2":"type-product","3":"status-publish","4":"has-post-thumbnail","6":"product_cat-nassfutter-von-wildes-land","7":"tm-no-options","9":"first","10":"instock","11":"taxable","12":"shipping-taxable","13":"purchasable","14":"product-type-simple"},"supplier_id":null,"supplier_sku":"","barcode":null,"atum_controlled":true,"out_stock_date":null,"out_stock_threshold":null,"inheritable":false,"inbound_stock":0,"stock_on_hold":0,"sold_today":0,"sales_last_days":0,"reserved_stock":0,"customer_returns":0,"warehouse_damage":0,"lost_in_post":0,"other_logs":0,"out_stock_days":0,"lost_sales":0,"has_location":false,"update_date":"2024-11-12T16:26:06","atum_locations":[],"atum_stock_status":"instock","restock_status":false,"low_stock_amount":"","sales_update_date":"2023-01-13T07:32:35","calc_backorders":null,"jetpack_sharing_enabled":true,"_links":{"self":[{"href":"https:\/\/www.go4dogs.de\/index.php?rest_route=\/wp\/v2\/product\/17211","targetHints":{"allow":["GET"]}}],"collection":[{"href":"https:\/\/www.go4dogs.de\/index.php?rest_route=\/wp\/v2\/product"}],"about":[{"href":"https:\/\/www.go4dogs.de\/index.php?rest_route=\/wp\/v2\/types\/product"}],"replies":[{"embeddable":true,"href":"https:\/\/www.go4dogs.de\/index.php?rest_route=%2Fwp%2Fv2%2Fcomments&post=17211"}],"wp:featuredmedia":[{"embeddable":true,"href":"https:\/\/www.go4dogs.de\/index.php?rest_route=\/wp\/v2\/media\/17214"}],"wp:attachment":[{"href":"https:\/\/www.go4dogs.de\/index.php?rest_route=%2Fwp%2Fv2%2Fmedia&parent=17211"}],"wp:term":[{"taxonomy":"product_brand","embeddable":true,"href":"https:\/\/www.go4dogs.de\/index.php?rest_route=%2Fwp%2Fv2%2Fproduct_brand&post=17211"},{"taxonomy":"product_cat","embeddable":true,"href":"https:\/\/www.go4dogs.de\/index.php?rest_route=%2Fwp%2Fv2%2Fproduct_cat&post=17211"},{"taxonomy":"product_tag","embeddable":true,"href":"https:\/\/www.go4dogs.de\/index.php?rest_route=%2Fwp%2Fv2%2Fproduct_tag&post=17211"}],"curies":[{"name":"wp","href":"https:\/\/api.w.org\/{rel}","templated":true}]}}