{"id":16827,"date":"2020-08-04T21:21:57","date_gmt":"2020-08-04T19:21:57","guid":{"rendered":"https:\/\/www.go4dogs.de\/?post_type=product&#038;p=16827"},"modified":"2024-11-12T18:37:00","modified_gmt":"2024-11-12T16:37:00","slug":"dr-clauders-trainee-snack-lachs","status":"publish","type":"product","link":"https:\/\/www.go4dogs.de\/?product=dr-clauders-trainee-snack-lachs","title":{"rendered":"Dr.Clauder\u00b4s Trainee Snack Lachs"},"content":{"rendered":"<p><span style=\"font-family: Georgia,Palatino;\"><span style=\"text-align: justify; color: #333333; text-transform: none; line-height: 22.4px; text-indent: 0px; letter-spacing: normal; font-size: 16px; font-style: normal; font-variant: normal; font-weight: 400; text-decoration: none; word-spacing: 0px; display: inline !important; white-space: normal; orphans: 2; font-size-adjust: none; font-stretch: 100%; float: none; -webkit-text-stroke-width: 0px; background-color: transparent;\">Dr.Clauder\u2018s Trainee Snacks Lachs bestehen zu 100% aus k\u00f6stlichem Lachs. Durch die schonende Dampftrocknung beh\u00e4lt das Fleisch sein einzigartiges Aroma. 100% Natur. Mit FOS<\/span>.<\/span><\/p>\n<p><span style=\"font-family: Georgia,Palatino;\"><b>Erg\u00e4nzungsfuttermittel f\u00fcr Hunde.<\/b> <\/span><\/p>\n<p><span style=\"font-family: Georgia,Palatino;\"><strong>Zusammensetzung<\/strong><span style=\"text-align: justify; color: #333333; text-transform: none; line-height: 22.4px; text-indent: 0px; letter-spacing: normal; font-size: 16px; font-style: normal; font-variant: normal; font-weight: 400; text-decoration: none; word-spacing: 0px; display: inline !important; white-space: normal; orphans: 2; font-size-adjust: none; font-stretch: 100%; float: none; -webkit-text-stroke-width: 0px; background-color: transparent;\">: Lachs 99,5%, Fructo Oligo Saccharide (FOS) 0,5%. <\/span><\/span><\/p>\n<p><span style=\"font-family: Georgia,Palatino;\"><strong>Analytische Bestandteile<\/strong><span style=\"text-align: justify; color: #333333; text-transform: none; line-height: 22.4px; text-indent: 0px; letter-spacing: normal; font-size: 16px; font-style: normal; font-variant: normal; font-weight: 400; text-decoration: none; word-spacing: 0px; display: inline !important; white-space: normal; orphans: 2; font-size-adjust: none; font-stretch: 100%; float: none; -webkit-text-stroke-width: 0px; background-color: transparent;\">: Rohprotein 60%, Rohfett 7,5%, Rohfaser 0,1%, Rohasche 6,6%, Feuchtigkeit 23%. <\/span><\/span><\/p>\n<p><span style=\"font-family: Georgia,Palatino;\"><strong>F\u00fctterungshinweise<\/strong><span style=\"text-align: justify; color: #333333; text-transform: none; line-height: 22.4px; text-indent: 0px; letter-spacing: normal; font-size: 16px; font-style: normal; font-variant: normal; font-weight: 400; text-decoration: none; word-spacing: 0px; display: inline !important; white-space: normal; orphans: 2; font-size-adjust: none; font-stretch: 100%; float: none; -webkit-text-stroke-width: 0px; background-color: transparent;\">: T\u00e4glich einige St\u00fccke zur Belohnung geben.<\/span><\/span><\/p>\n<p><span style=\"font-family: Georgia,Palatino;\"><strong>Verpackung<\/strong>: 50g Beutel\u00a0 |\u00a0 80g Beutel\u00a0<\/span><\/p>\n","protected":false},"excerpt":{"rendered":"<p>Dr.Clauder\u2018s Trainee Snacks Lachs bestehen zu 100% aus k\u00f6stlichem Lachs. Durch die schonende Dampftrocknung beh\u00e4lt das Fleisch sein einzigartiges Aroma. 100% Natur. Mit FOS. Erg\u00e4nzungsfuttermittel f\u00fcr Hunde. Zusammensetzung: Lachs 99,5%, Fructo Oligo Saccharide (FOS) 0,5%. Analytische Bestandteile: Rohprotein 60%, Rohfett 7,5%, Rohfaser 0,1%, Rohasche 6,6%, Feuchtigkeit 23%. F\u00fctterungshinweise: T\u00e4glich einige St\u00fccke zur Belohnung geben. Verpackung: [&hellip;]<\/p>\n","protected":false},"featured_media":16821,"comment_status":"closed","ping_status":"closed","template":"","meta":[],"product_brand":[],"product_cat":[203,216],"product_tag":[],"class_list":{"0":"post-16827","1":"product","2":"type-product","3":"status-publish","4":"has-post-thumbnail","6":"product_cat-leckerlies","7":"product_cat-leckerlies-von-dr-clauders","8":"tm-no-options","10":"first","11":"instock","12":"taxable","13":"shipping-taxable","14":"product-type-variable"},"supplier_id":null,"supplier_sku":"","barcode":null,"atum_controlled":true,"out_stock_date":null,"out_stock_threshold":null,"inheritable":false,"inbound_stock":0,"stock_on_hold":6,"sold_today":0,"sales_last_days":8,"reserved_stock":0,"customer_returns":0,"warehouse_damage":0,"lost_in_post":0,"other_logs":0,"out_stock_days":null,"lost_sales":0,"has_location":false,"update_date":"2025-08-27T08:52:07","atum_locations":[],"atum_stock_status":"instock","restock_status":false,"low_stock_amount":"","sales_update_date":"2023-03-23T11:26:48","calc_backorders":null,"jetpack_sharing_enabled":true,"_links":{"self":[{"href":"https:\/\/www.go4dogs.de\/index.php?rest_route=\/wp\/v2\/product\/16827","targetHints":{"allow":["GET"]}}],"collection":[{"href":"https:\/\/www.go4dogs.de\/index.php?rest_route=\/wp\/v2\/product"}],"about":[{"href":"https:\/\/www.go4dogs.de\/index.php?rest_route=\/wp\/v2\/types\/product"}],"replies":[{"embeddable":true,"href":"https:\/\/www.go4dogs.de\/index.php?rest_route=%2Fwp%2Fv2%2Fcomments&post=16827"}],"wp:featuredmedia":[{"embeddable":true,"href":"https:\/\/www.go4dogs.de\/index.php?rest_route=\/wp\/v2\/media\/16821"}],"wp:attachment":[{"href":"https:\/\/www.go4dogs.de\/index.php?rest_route=%2Fwp%2Fv2%2Fmedia&parent=16827"}],"wp:term":[{"taxonomy":"product_brand","embeddable":true,"href":"https:\/\/www.go4dogs.de\/index.php?rest_route=%2Fwp%2Fv2%2Fproduct_brand&post=16827"},{"taxonomy":"product_cat","embeddable":true,"href":"https:\/\/www.go4dogs.de\/index.php?rest_route=%2Fwp%2Fv2%2Fproduct_cat&post=16827"},{"taxonomy":"product_tag","embeddable":true,"href":"https:\/\/www.go4dogs.de\/index.php?rest_route=%2Fwp%2Fv2%2Fproduct_tag&post=16827"}],"curies":[{"name":"wp","href":"https:\/\/api.w.org\/{rel}","templated":true}]}}