{"id":16327,"date":"2020-07-02T10:59:24","date_gmt":"2020-07-02T08:59:24","guid":{"rendered":"https:\/\/www.go4dogs.de\/?post_type=product&#038;p=16327"},"modified":"2025-06-30T17:24:19","modified_gmt":"2025-06-30T15:24:19","slug":"kuehlspielzeug-einhorn-flamingo","status":"publish","type":"product","link":"https:\/\/www.go4dogs.de\/?product=kuehlspielzeug-einhorn-flamingo","title":{"rendered":"K\u00fchlspielzeug Einhorn \/ Flamingo"},"content":{"rendered":"<h5><span style=\"display: inline !important; float: none; background-color: #ffffff; color: #333333; font-family: 'Open Sans','Helvetica Neue',Helvetica,Arial,sans-serif; font-size: 14px; font-style: normal; font-variant: normal; font-weight: 400; letter-spacing: normal; orphans: 2; text-align: left; text-decoration: none; text-indent: 0px; text-transform: none; -webkit-text-stroke-width: 0px; white-space: normal; word-spacing: 0px;\">Diese hippen Wasserspielzeuge haben au\u00dfen ein robustes Mesh-Material und innen einen Schwamm. So saugt das Textilspielzeug ordentlich Wasser auf und sorgt beim Spielen durch das dann herumspritzende Wasser f\u00fcr eine willkommene Abk\u00fchlung an hei\u00dfen Sommertagen. Ein positiver Nebeneffekt ist, dass der Hund beim Bei\u00dfen und Spielen ganz automatisch frisches, k\u00fchles Wasser trinkt. Das Spielzeug ist in den Varianten Einhorn oder Flamingo erh\u00e4ltlich.<\/span><\/h5>\n<h5>Flamingo: <span style=\"display: inline !important; float: none; background-color: #ffffff; color: #333333; font-family: 'Open Sans','Helvetica Neue',Helvetica,Arial,sans-serif; font-size: 14px; font-style: normal; font-variant: normal; font-weight: 400; letter-spacing: normal; -ms-hyphens: auto; orphans: 2; overflow-wrap: break-word; text-align: left; text-decoration: none; text-indent: 0px; text-transform: none; -webkit-text-stroke-width: 0px; white-space: normal; word-spacing: 0px;\">L: 17 cm B: 17 cm H: 17 cm pink<\/span><\/h5>\n<h5>Einhorn: <span style=\"display: inline !important; float: none; background-color: #ffffff; color: #333333; font-family: 'Open Sans','Helvetica Neue',Helvetica,Arial,sans-serif; font-size: 14px; font-style: normal; font-variant: normal; font-weight: 400; letter-spacing: normal; -ms-hyphens: auto; orphans: 2; overflow-wrap: break-word; text-align: left; text-decoration: none; text-indent: 0px; text-transform: none; -webkit-text-stroke-width: 0px; white-space: normal; word-spacing: 0px;\">L: 17 cm B: 17 cm H: 21 cm weiss<\/span><\/h5>\n","protected":false},"excerpt":{"rendered":"<p>Diese hippen Wasserspielzeuge haben au\u00dfen ein robustes Mesh-Material und innen einen Schwamm. So saugt das Textilspielzeug ordentlich Wasser auf und sorgt beim Spielen durch das dann herumspritzende Wasser f\u00fcr eine willkommene Abk\u00fchlung an hei\u00dfen Sommertagen. Ein positiver Nebeneffekt ist, dass der Hund beim Bei\u00dfen und Spielen ganz automatisch frisches, k\u00fchles Wasser trinkt. Das Spielzeug ist [&hellip;]<\/p>\n","protected":false},"featured_media":16332,"comment_status":"closed","ping_status":"closed","template":"","meta":[],"product_brand":[],"product_cat":[218,220,266],"product_tag":[],"class_list":{"0":"post-16327","1":"product","2":"type-product","3":"status-publish","4":"has-post-thumbnail","6":"product_cat-zum-werfen-zerren-jagen","7":"product_cat-zum-kuscheln","8":"product_cat-alles-fuer-den-sommer-und-die-warmen-tage","9":"tm-no-options","11":"first","12":"instock","13":"taxable","14":"shipping-taxable","15":"product-type-variable"},"supplier_id":null,"supplier_sku":"","barcode":null,"atum_controlled":true,"out_stock_date":null,"out_stock_threshold":null,"inheritable":false,"inbound_stock":0,"stock_on_hold":0,"sold_today":0,"sales_last_days":1,"reserved_stock":0,"customer_returns":0,"warehouse_damage":0,"lost_in_post":0,"other_logs":0,"out_stock_days":null,"lost_sales":0,"has_location":false,"update_date":"2025-07-02T09:00:49","atum_locations":[],"atum_stock_status":"instock","restock_status":false,"low_stock_amount":"","sales_update_date":"2024-05-21T09:05:32","calc_backorders":null,"jetpack_sharing_enabled":true,"_links":{"self":[{"href":"https:\/\/www.go4dogs.de\/index.php?rest_route=\/wp\/v2\/product\/16327","targetHints":{"allow":["GET"]}}],"collection":[{"href":"https:\/\/www.go4dogs.de\/index.php?rest_route=\/wp\/v2\/product"}],"about":[{"href":"https:\/\/www.go4dogs.de\/index.php?rest_route=\/wp\/v2\/types\/product"}],"replies":[{"embeddable":true,"href":"https:\/\/www.go4dogs.de\/index.php?rest_route=%2Fwp%2Fv2%2Fcomments&post=16327"}],"wp:featuredmedia":[{"embeddable":true,"href":"https:\/\/www.go4dogs.de\/index.php?rest_route=\/wp\/v2\/media\/16332"}],"wp:attachment":[{"href":"https:\/\/www.go4dogs.de\/index.php?rest_route=%2Fwp%2Fv2%2Fmedia&parent=16327"}],"wp:term":[{"taxonomy":"product_brand","embeddable":true,"href":"https:\/\/www.go4dogs.de\/index.php?rest_route=%2Fwp%2Fv2%2Fproduct_brand&post=16327"},{"taxonomy":"product_cat","embeddable":true,"href":"https:\/\/www.go4dogs.de\/index.php?rest_route=%2Fwp%2Fv2%2Fproduct_cat&post=16327"},{"taxonomy":"product_tag","embeddable":true,"href":"https:\/\/www.go4dogs.de\/index.php?rest_route=%2Fwp%2Fv2%2Fproduct_tag&post=16327"}],"curies":[{"name":"wp","href":"https:\/\/api.w.org\/{rel}","templated":true}]}}