{"id":15059,"date":"2020-02-24T15:11:40","date_gmt":"2020-02-24T13:11:40","guid":{"rendered":"https:\/\/www.go4dogs.de\/?post_type=product&#038;p=15059"},"modified":"2024-11-12T09:54:42","modified_gmt":"2024-11-12T07:54:42","slug":"hunter-reisenapf-road-refresher","status":"publish","type":"product","link":"https:\/\/www.go4dogs.de\/?product=hunter-reisenapf-road-refresher","title":{"rendered":"Hunter Reisenapf Road Refresher"},"content":{"rendered":"<div class=\"content--full-box\">\n<p>Der HUNTER Reisenapf Road Refresher\u2122 erm\u00f6glicht die optimale Versorgung Ihres Hundes mit Wasser, wenn Sie gemeinsam auf Reisen sind \u2013 auch w\u00e4hrend der Fahrt. Durch die ideale Form und die besondere Konstruktion des Napfes kann dieser mit Wasser gef\u00fcllt und im Fahrzeug ohne Risiko hingestellt werden, sodass Ihr Tier jederzeit trinken kann. Eine integrierte Platte im Napf sorgt daf\u00fcr, dass das Wasser auch bei Bewegung des Napfes nicht versch\u00fcttet wird. Zudem sorgen Klettverschl\u00fcsse an der Unterseite f\u00fcr einen stabilen Halt des Napfes. Der Reisenapf Road Refresher\u2122 kann einfach auseinander- und wieder zusammengesteckt werden, sodass einer gr\u00fcndlichen Reinigung nichts im Wege steht. Tipp: Der Reisenapf ist auch ideal f\u00fcr Zuhause geeignet, um unn\u00f6tige Wasserpf\u00fctzen um den Trinknapf herum zu vermeiden.<\/p>\n<\/div>\n<div class=\"content--divider\"><\/div>\n<div class=\"content--half-box\">\n<ul>\n<li>kein Versch\u00fctten von Wasser<\/li>\n<li>hohe Rutschfestigkeit dank Klettbefestigung<\/li>\n<li>einfach auseinander- und zusammensteckbar<\/li>\n<li>abwaschbar<\/li>\n<li>Gr\u00f6\u00dfe: 1,4l; Ma\u00dfe: 25 x 10 cm<\/li>\n<\/ul>\n<\/div>\n","protected":false},"excerpt":{"rendered":"<p>Der HUNTER Reisenapf Road Refresher\u2122 erm\u00f6glicht die optimale Versorgung Ihres Hundes mit Wasser, wenn Sie gemeinsam auf Reisen sind \u2013 auch w\u00e4hrend der Fahrt. Durch die ideale Form und die besondere Konstruktion des Napfes kann dieser mit Wasser gef\u00fcllt und im Fahrzeug ohne Risiko hingestellt werden, sodass Ihr Tier jederzeit trinken kann. Eine integrierte Platte [&hellip;]<\/p>\n","protected":false},"featured_media":15060,"comment_status":"closed","ping_status":"closed","template":"","meta":[],"product_brand":[],"product_cat":[254],"product_tag":[],"class_list":{"0":"post-15059","1":"product","2":"type-product","3":"status-publish","4":"has-post-thumbnail","6":"product_cat-naepfe-2","7":"tm-no-options","9":"first","10":"instock","11":"taxable","12":"shipping-taxable","13":"product-type-simple"},"supplier_id":null,"supplier_sku":"","barcode":null,"atum_controlled":true,"out_stock_date":null,"out_stock_threshold":null,"inheritable":false,"inbound_stock":0,"stock_on_hold":0,"sold_today":0,"sales_last_days":0,"reserved_stock":0,"customer_returns":0,"warehouse_damage":0,"lost_in_post":0,"other_logs":0,"out_stock_days":0,"lost_sales":0,"has_location":false,"update_date":"2024-11-12T07:54:48","atum_locations":[],"atum_stock_status":"instock","restock_status":false,"low_stock_amount":"","sales_update_date":"2023-05-11T05:33:49","calc_backorders":null,"jetpack_sharing_enabled":true,"_links":{"self":[{"href":"https:\/\/www.go4dogs.de\/index.php?rest_route=\/wp\/v2\/product\/15059","targetHints":{"allow":["GET"]}}],"collection":[{"href":"https:\/\/www.go4dogs.de\/index.php?rest_route=\/wp\/v2\/product"}],"about":[{"href":"https:\/\/www.go4dogs.de\/index.php?rest_route=\/wp\/v2\/types\/product"}],"replies":[{"embeddable":true,"href":"https:\/\/www.go4dogs.de\/index.php?rest_route=%2Fwp%2Fv2%2Fcomments&post=15059"}],"wp:featuredmedia":[{"embeddable":true,"href":"https:\/\/www.go4dogs.de\/index.php?rest_route=\/wp\/v2\/media\/15060"}],"wp:attachment":[{"href":"https:\/\/www.go4dogs.de\/index.php?rest_route=%2Fwp%2Fv2%2Fmedia&parent=15059"}],"wp:term":[{"taxonomy":"product_brand","embeddable":true,"href":"https:\/\/www.go4dogs.de\/index.php?rest_route=%2Fwp%2Fv2%2Fproduct_brand&post=15059"},{"taxonomy":"product_cat","embeddable":true,"href":"https:\/\/www.go4dogs.de\/index.php?rest_route=%2Fwp%2Fv2%2Fproduct_cat&post=15059"},{"taxonomy":"product_tag","embeddable":true,"href":"https:\/\/www.go4dogs.de\/index.php?rest_route=%2Fwp%2Fv2%2Fproduct_tag&post=15059"}],"curies":[{"name":"wp","href":"https:\/\/api.w.org\/{rel}","templated":true}]}}