{"id":15051,"date":"2020-02-24T15:05:57","date_gmt":"2020-02-24T13:05:57","guid":{"rendered":"https:\/\/www.go4dogs.de\/?post_type=product&#038;p=15051"},"modified":"2025-12-05T12:48:59","modified_gmt":"2025-12-05T10:48:59","slug":"hunter-melamin-napf-grau","status":"publish","type":"product","link":"https:\/\/www.go4dogs.de\/?product=hunter-melamin-napf-grau","title":{"rendered":"Hunter Melamin Napf grau"},"content":{"rendered":"<div class=\"content--full-box\">\n<p>Der formsch\u00f6ne und trendige Melamin-Napf von HUNTER passt sich mit seinem eleganten und unauff\u00e4lligen Design jeder Umgebung perfekt an. Das hochwertige und leichte Melamingeh\u00e4use ist besonders langlebig und weist zudem eine hohe Kratzfestigkeit auf. Der herausnehmbare Edelstahlnapf (auch einzeln als Ersatznapf erh\u00e4ltlich) mit HUNTER Logo sowie das Melamingeh\u00e4use lassen sich ganz leicht abwaschen und sind somit besonders pflegeleicht.<\/p>\n<\/div>\n<div class=\"content--divider\"><\/div>\n<div class=\"content--half-box\">\n<ul>\n<li>Melamin-Geh\u00e4use<\/li>\n<li>herausnehmbarer Edelstahlnapf<\/li>\n<li>abwaschbar<\/li>\n<li>hohe Rutschfestigkeit dank Gummi-Aufs\u00e4tze<\/li>\n<li>Melamin: langlebig und hohe Kratzfestigkeit<\/li>\n<li>Gr\u00f6\u00dfe: 160ml, 350ml, 700ml<\/li>\n<\/ul>\n<\/div>\n","protected":false},"excerpt":{"rendered":"<p>Der formsch\u00f6ne und trendige Melamin-Napf von HUNTER passt sich mit seinem eleganten und unauff\u00e4lligen Design jeder Umgebung perfekt an. Das hochwertige und leichte Melamingeh\u00e4use ist besonders langlebig und weist zudem eine hohe Kratzfestigkeit auf. Der herausnehmbare Edelstahlnapf (auch einzeln als Ersatznapf erh\u00e4ltlich) mit HUNTER Logo sowie das Melamingeh\u00e4use lassen sich ganz leicht abwaschen und sind [&hellip;]<\/p>\n","protected":false},"featured_media":15027,"comment_status":"closed","ping_status":"closed","template":"","meta":[],"product_brand":[],"product_cat":[254],"product_tag":[],"class_list":{"0":"post-15051","1":"product","2":"type-product","3":"status-publish","4":"has-post-thumbnail","6":"product_cat-naepfe-2","7":"tm-no-options","9":"first","10":"instock","11":"sale","12":"taxable","13":"shipping-taxable","14":"product-type-variable"},"supplier_id":null,"supplier_sku":"","barcode":null,"atum_controlled":true,"out_stock_date":null,"out_stock_threshold":null,"inheritable":false,"inbound_stock":null,"stock_on_hold":null,"sold_today":null,"sales_last_days":null,"reserved_stock":null,"customer_returns":null,"warehouse_damage":null,"lost_in_post":null,"other_logs":null,"out_stock_days":null,"lost_sales":null,"has_location":null,"update_date":"2024-11-12T07:54:48","atum_locations":[],"atum_stock_status":"instock","restock_status":false,"low_stock_amount":"","sales_update_date":null,"calc_backorders":null,"jetpack_sharing_enabled":true,"_links":{"self":[{"href":"https:\/\/www.go4dogs.de\/index.php?rest_route=\/wp\/v2\/product\/15051","targetHints":{"allow":["GET"]}}],"collection":[{"href":"https:\/\/www.go4dogs.de\/index.php?rest_route=\/wp\/v2\/product"}],"about":[{"href":"https:\/\/www.go4dogs.de\/index.php?rest_route=\/wp\/v2\/types\/product"}],"replies":[{"embeddable":true,"href":"https:\/\/www.go4dogs.de\/index.php?rest_route=%2Fwp%2Fv2%2Fcomments&post=15051"}],"wp:featuredmedia":[{"embeddable":true,"href":"https:\/\/www.go4dogs.de\/index.php?rest_route=\/wp\/v2\/media\/15027"}],"wp:attachment":[{"href":"https:\/\/www.go4dogs.de\/index.php?rest_route=%2Fwp%2Fv2%2Fmedia&parent=15051"}],"wp:term":[{"taxonomy":"product_brand","embeddable":true,"href":"https:\/\/www.go4dogs.de\/index.php?rest_route=%2Fwp%2Fv2%2Fproduct_brand&post=15051"},{"taxonomy":"product_cat","embeddable":true,"href":"https:\/\/www.go4dogs.de\/index.php?rest_route=%2Fwp%2Fv2%2Fproduct_cat&post=15051"},{"taxonomy":"product_tag","embeddable":true,"href":"https:\/\/www.go4dogs.de\/index.php?rest_route=%2Fwp%2Fv2%2Fproduct_tag&post=15051"}],"curies":[{"name":"wp","href":"https:\/\/api.w.org\/{rel}","templated":true}]}}