{"id":14839,"date":"2020-02-23T18:03:08","date_gmt":"2020-02-23T16:03:08","guid":{"rendered":"https:\/\/www.go4dogs.de\/?post_type=product&#038;p=14839"},"modified":"2024-11-12T09:54:46","modified_gmt":"2024-11-12T07:54:46","slug":"hunter-keramik-napf-lund-weiss","status":"publish","type":"product","link":"https:\/\/www.go4dogs.de\/?product=hunter-keramik-napf-lund-weiss","title":{"rendered":"Hunter Keramik-Napf Lund wei\u00df"},"content":{"rendered":"<div class=\"content--full-box\">\n<p>L\u00e4ssig und modern integriert sich der Keramiknapf LUND vom ersten Moment an in Ihr Zuhause. Die angenehm nat\u00fcrlichen Farben und die klassische Form mit edel gepr\u00e4gter Hunde-Silhouette vermitteln ein Gef\u00fchl von Urspr\u00fcnglichkeit und Best\u00e4ndigkeit. Dank umlaufendem Silikonrand am Boden und dem verh\u00e4ltnism\u00e4\u00dfig hohen Eigengewicht steht der Napf besonders sicher und wird auch von sensiblen Hunden gern angenommen. Wer auf der Suche nach einem langlebigen, stabilen und pflegeleichten Napf ist, in dem Futter und Wasser tagt\u00e4glich besonders stilvoll serviert werden k\u00f6nnen, sollte bei LUND hellh\u00f6rig werden.<\/p>\n<\/div>\n<div class=\"content--divider\"><\/div>\n<div class=\"content--half-box\">\n<ul>\n<li>Napf aus Keramik<\/li>\n<li>sicherer Stand dank hohem Eigengewicht<\/li>\n<li>umlaufender Silikonrand<\/li>\n<li>best\u00e4ndig und pflegeleicht<\/li>\n<li>mit edler HUNTER-Pr\u00e4gung<\/li>\n<\/ul>\n<\/div>\n","protected":false},"excerpt":{"rendered":"<p>L\u00e4ssig und modern integriert sich der Keramiknapf LUND vom ersten Moment an in Ihr Zuhause. Die angenehm nat\u00fcrlichen Farben und die klassische Form mit edel gepr\u00e4gter Hunde-Silhouette vermitteln ein Gef\u00fchl von Urspr\u00fcnglichkeit und Best\u00e4ndigkeit. Dank umlaufendem Silikonrand am Boden und dem verh\u00e4ltnism\u00e4\u00dfig hohen Eigengewicht steht der Napf besonders sicher und wird auch von sensiblen Hunden [&hellip;]<\/p>\n","protected":false},"featured_media":14848,"comment_status":"closed","ping_status":"closed","template":"","meta":[],"product_brand":[],"product_cat":[254],"product_tag":[],"class_list":{"0":"post-14839","1":"product","2":"type-product","3":"status-publish","4":"has-post-thumbnail","6":"product_cat-naepfe-2","7":"tm-no-options","9":"first","10":"instock","11":"taxable","12":"shipping-taxable","13":"product-type-variable"},"supplier_id":null,"supplier_sku":"","barcode":null,"atum_controlled":true,"out_stock_date":null,"out_stock_threshold":null,"inheritable":false,"inbound_stock":null,"stock_on_hold":null,"sold_today":null,"sales_last_days":null,"reserved_stock":null,"customer_returns":null,"warehouse_damage":null,"lost_in_post":null,"other_logs":null,"out_stock_days":null,"lost_sales":null,"has_location":null,"update_date":"2024-11-12T07:54:49","atum_locations":[],"atum_stock_status":"instock","restock_status":false,"low_stock_amount":"","sales_update_date":null,"calc_backorders":null,"jetpack_sharing_enabled":true,"_links":{"self":[{"href":"https:\/\/www.go4dogs.de\/index.php?rest_route=\/wp\/v2\/product\/14839","targetHints":{"allow":["GET"]}}],"collection":[{"href":"https:\/\/www.go4dogs.de\/index.php?rest_route=\/wp\/v2\/product"}],"about":[{"href":"https:\/\/www.go4dogs.de\/index.php?rest_route=\/wp\/v2\/types\/product"}],"replies":[{"embeddable":true,"href":"https:\/\/www.go4dogs.de\/index.php?rest_route=%2Fwp%2Fv2%2Fcomments&post=14839"}],"wp:featuredmedia":[{"embeddable":true,"href":"https:\/\/www.go4dogs.de\/index.php?rest_route=\/wp\/v2\/media\/14848"}],"wp:attachment":[{"href":"https:\/\/www.go4dogs.de\/index.php?rest_route=%2Fwp%2Fv2%2Fmedia&parent=14839"}],"wp:term":[{"taxonomy":"product_brand","embeddable":true,"href":"https:\/\/www.go4dogs.de\/index.php?rest_route=%2Fwp%2Fv2%2Fproduct_brand&post=14839"},{"taxonomy":"product_cat","embeddable":true,"href":"https:\/\/www.go4dogs.de\/index.php?rest_route=%2Fwp%2Fv2%2Fproduct_cat&post=14839"},{"taxonomy":"product_tag","embeddable":true,"href":"https:\/\/www.go4dogs.de\/index.php?rest_route=%2Fwp%2Fv2%2Fproduct_tag&post=14839"}],"curies":[{"name":"wp","href":"https:\/\/api.w.org\/{rel}","templated":true}]}}