{"id":14569,"date":"2020-01-16T17:01:38","date_gmt":"2020-01-16T15:01:38","guid":{"rendered":"https:\/\/www.go4dogs.de\/?post_type=product&#038;p=14569"},"modified":"2020-02-24T15:18:23","modified_gmt":"2020-02-24T13:18:23","slug":"keramiknapf-lieblingshund","status":"publish","type":"product","link":"https:\/\/www.go4dogs.de\/?product=keramiknapf-lieblingshund","title":{"rendered":"Keramiknapf &#8220;Lieblingshund&#8221;"},"content":{"rendered":"<h5>mit diesem edlen Napf wissen alle Vierbeiner wo das Futter steht!!<\/h5>\n<h5>Unser Napf besteht aus einer schicken Beschriftung auf einer Keramiksch\u00fcssel.<\/h5>\n<h5>Die kleine Sch\u00fcssel hat einen Durchmesser von 15cm, ist ca. 6cm hoch und fasst 500ml. Das Gewicht des Napfes liegt bei ca. 525g.<\/h5>\n<h5>Die gro\u00dfe Sch\u00fcssel hat einen Durchmesser von 18cm, ist ca. 8cm hoch und fasst 1000ml. Das Gewicht des Napfes liegt bei ca. 980g.<\/h5>\n<h5><b>Pflegeanleitung:<\/b><\/h5>\n<h5>Unsere N\u00e4pfe und Dosen werden mit Vinyl beplottet.<\/h5>\n<h5>Sie k\u00f6nnen ganz normal von Hand abgewaschen werden.<\/h5>\n<h5>Obwohl das Material Sp\u00fclmaschinenfest ist, raten wir f\u00fcr die Langlebigkeit von einer Reinigung in der Sp\u00fclmaschine ab.<\/h5>\n","protected":false},"excerpt":{"rendered":"<p>mit diesem edlen Napf wissen alle Vierbeiner wo das Futter steht!! Unser Napf besteht aus einer schicken Beschriftung auf einer Keramiksch\u00fcssel. Die kleine Sch\u00fcssel hat einen Durchmesser von 15cm, ist ca. 6cm hoch und fasst 500ml. Das Gewicht des Napfes liegt bei ca. 525g. Die gro\u00dfe Sch\u00fcssel hat einen Durchmesser von 18cm, ist ca. 8cm [&hellip;]<\/p>\n","protected":false},"featured_media":14558,"comment_status":"closed","ping_status":"closed","template":"","meta":[],"product_brand":[],"product_cat":[245,254],"product_tag":[],"class_list":{"0":"post-14569","1":"product","2":"type-product","3":"status-publish","4":"has-post-thumbnail","6":"product_cat-naepfe","7":"product_cat-naepfe-2","8":"tm-no-options","10":"first","11":"instock","12":"taxable","13":"shipping-taxable","14":"product-type-variable"},"supplier_id":null,"supplier_sku":"","barcode":null,"atum_controlled":true,"out_stock_date":null,"out_stock_threshold":null,"inheritable":false,"inbound_stock":null,"stock_on_hold":null,"sold_today":null,"sales_last_days":null,"reserved_stock":null,"customer_returns":null,"warehouse_damage":null,"lost_in_post":null,"other_logs":null,"out_stock_days":null,"lost_sales":null,"has_location":null,"update_date":null,"atum_locations":[],"atum_stock_status":"instock","restock_status":false,"low_stock_amount":"","sales_update_date":null,"calc_backorders":null,"jetpack_sharing_enabled":true,"_links":{"self":[{"href":"https:\/\/www.go4dogs.de\/index.php?rest_route=\/wp\/v2\/product\/14569","targetHints":{"allow":["GET"]}}],"collection":[{"href":"https:\/\/www.go4dogs.de\/index.php?rest_route=\/wp\/v2\/product"}],"about":[{"href":"https:\/\/www.go4dogs.de\/index.php?rest_route=\/wp\/v2\/types\/product"}],"replies":[{"embeddable":true,"href":"https:\/\/www.go4dogs.de\/index.php?rest_route=%2Fwp%2Fv2%2Fcomments&post=14569"}],"wp:featuredmedia":[{"embeddable":true,"href":"https:\/\/www.go4dogs.de\/index.php?rest_route=\/wp\/v2\/media\/14558"}],"wp:attachment":[{"href":"https:\/\/www.go4dogs.de\/index.php?rest_route=%2Fwp%2Fv2%2Fmedia&parent=14569"}],"wp:term":[{"taxonomy":"product_brand","embeddable":true,"href":"https:\/\/www.go4dogs.de\/index.php?rest_route=%2Fwp%2Fv2%2Fproduct_brand&post=14569"},{"taxonomy":"product_cat","embeddable":true,"href":"https:\/\/www.go4dogs.de\/index.php?rest_route=%2Fwp%2Fv2%2Fproduct_cat&post=14569"},{"taxonomy":"product_tag","embeddable":true,"href":"https:\/\/www.go4dogs.de\/index.php?rest_route=%2Fwp%2Fv2%2Fproduct_tag&post=14569"}],"curies":[{"name":"wp","href":"https:\/\/api.w.org\/{rel}","templated":true}]}}