{"id":14533,"date":"2020-01-13T18:55:38","date_gmt":"2020-01-13T16:55:38","guid":{"rendered":"https:\/\/www.go4dogs.de\/?post_type=product&#038;p=14533"},"modified":"2020-02-24T15:18:23","modified_gmt":"2020-02-24T13:18:23","slug":"keramiknapf-foodstation","status":"publish","type":"product","link":"https:\/\/www.go4dogs.de\/?product=keramiknapf-foodstation","title":{"rendered":"Wunsch-Keramiknapf mit deinem Namen deines Hundes etc."},"content":{"rendered":"<p>mit diesem edlen Napf wissen alle Vierbeiner wo das Futter steht!!<\/p>\n<p>Unser Napf besteht aus einer schicken Beschriftung auf einer Keramiksch\u00fcssel.<\/p>\n<p>Diese Beschriftung kannst du selbst w\u00e4hlen und der Napf wird speziell f\u00fcr dich angefertigt.<\/p>\n<p><span style=\"display: inline !important; float: none; background-color: #ffffff; color: #333333; cursor: text; font-family: Georgia,'Times New Roman','Bitstream Charter',Times,serif; font-size: 16px; font-style: normal; font-variant: normal; font-weight: 400; letter-spacing: normal; orphans: 2; text-align: left; text-decoration: none; text-indent: 0px; text-transform: none; -webkit-text-stroke-width: 0px; white-space: normal; word-spacing: 0px;\">Die kleine Sch\u00fcssel hat einen Durchmesser von 15cm, ist ca. 6cm hoch und fasst 500ml. Das Gewicht des Napfes liegt bei ca. 525g.<br \/>\n<\/span>Die gro\u00dfe Sch\u00fcssel hat einen Durchmesser von 18cm, ist ca. 8cm hoch und fasst 1000ml. Das Gewicht des Napfes liegt bei ca. 980g.<\/p>\n<p><b>Pflegeanleitung:<\/b><\/p>\n<p>Unsere N\u00e4pfe und Dosen werden mit Vinyl beplottet.<\/p>\n<p>Sie k\u00f6nnen ganz normal von Hand abgewaschen werden.<\/p>\n<p>Obwohl das Material Sp\u00fclmaschinenfest ist, raten wir f\u00fcr die Langlebigkeit von einer Reinigung in der Sp\u00fclmaschine ab.<\/p>\n","protected":false},"excerpt":{"rendered":"<p>mit diesem edlen Napf wissen alle Vierbeiner wo das Futter steht!! Unser Napf besteht aus einer schicken Beschriftung auf einer Keramiksch\u00fcssel. Diese Beschriftung kannst du selbst w\u00e4hlen und der Napf wird speziell f\u00fcr dich angefertigt. Die kleine Sch\u00fcssel hat einen Durchmesser von 15cm, ist ca. 6cm hoch und fasst 500ml. Das Gewicht des Napfes liegt [&hellip;]<\/p>\n","protected":false},"featured_media":14532,"comment_status":"closed","ping_status":"closed","template":"","meta":[],"product_brand":[],"product_cat":[245,254],"product_tag":[],"class_list":{"0":"post-14533","1":"product","2":"type-product","3":"status-publish","4":"has-post-thumbnail","6":"product_cat-naepfe","7":"product_cat-naepfe-2","8":"tm-has-options","10":"first","11":"instock","12":"taxable","13":"shipping-taxable","14":"product-type-simple"},"supplier_id":null,"supplier_sku":"","barcode":null,"atum_controlled":true,"out_stock_date":null,"out_stock_threshold":null,"inheritable":false,"inbound_stock":null,"stock_on_hold":0,"sold_today":0,"sales_last_days":0,"reserved_stock":null,"customer_returns":null,"warehouse_damage":null,"lost_in_post":null,"other_logs":null,"out_stock_days":0,"lost_sales":0,"has_location":null,"update_date":"2025-04-03T12:46:22","atum_locations":[],"atum_stock_status":"instock","restock_status":false,"low_stock_amount":"","sales_update_date":"2025-04-03T12:46:22","calc_backorders":null,"jetpack_sharing_enabled":true,"_links":{"self":[{"href":"https:\/\/www.go4dogs.de\/index.php?rest_route=\/wp\/v2\/product\/14533","targetHints":{"allow":["GET"]}}],"collection":[{"href":"https:\/\/www.go4dogs.de\/index.php?rest_route=\/wp\/v2\/product"}],"about":[{"href":"https:\/\/www.go4dogs.de\/index.php?rest_route=\/wp\/v2\/types\/product"}],"replies":[{"embeddable":true,"href":"https:\/\/www.go4dogs.de\/index.php?rest_route=%2Fwp%2Fv2%2Fcomments&post=14533"}],"wp:featuredmedia":[{"embeddable":true,"href":"https:\/\/www.go4dogs.de\/index.php?rest_route=\/wp\/v2\/media\/14532"}],"wp:attachment":[{"href":"https:\/\/www.go4dogs.de\/index.php?rest_route=%2Fwp%2Fv2%2Fmedia&parent=14533"}],"wp:term":[{"taxonomy":"product_brand","embeddable":true,"href":"https:\/\/www.go4dogs.de\/index.php?rest_route=%2Fwp%2Fv2%2Fproduct_brand&post=14533"},{"taxonomy":"product_cat","embeddable":true,"href":"https:\/\/www.go4dogs.de\/index.php?rest_route=%2Fwp%2Fv2%2Fproduct_cat&post=14533"},{"taxonomy":"product_tag","embeddable":true,"href":"https:\/\/www.go4dogs.de\/index.php?rest_route=%2Fwp%2Fv2%2Fproduct_tag&post=14533"}],"curies":[{"name":"wp","href":"https:\/\/api.w.org\/{rel}","templated":true}]}}