{"id":14437,"date":"2020-01-08T17:24:38","date_gmt":"2020-01-08T15:24:38","guid":{"rendered":"https:\/\/www.go4dogs.de\/?post_type=product&#038;p=14437"},"modified":"2020-01-08T17:24:39","modified_gmt":"2020-01-08T15:24:39","slug":"rinder-ohren-honiggelb-menge-1-1-stueck","status":"publish","type":"product","link":"https:\/\/www.go4dogs.de\/?product=rinder-ohren-honiggelb-menge-1-1-stueck","title":{"rendered":"Rinder Ohren honiggelb (Menge 1 = 1 St\u00fcck)"},"content":{"rendered":"<h1>Honiggelbe getrocknete Rinderohren f\u00fcr ungetr\u00fcbtes Kauvergn\u00fcgen<\/h1>\n<h3>Arm an Fett, aber reich an Geschmack: Ein unwiederstehlich leckerer Snack f\u00fcr Hunde<\/h3>\n<p>Getrocknete Rinderohren sind ein wahres Kau-Highlight f\u00fcr alle Hunde, egal ob Gro\u00df oder Klein, Jung oder Alt. Im Gegensatz zu Schweineohren sind getrocknete Rinderohren fast <strong>fettfrei<\/strong> und somit auch f\u00fcr figurbewusste Vierbeiner ein tolles Leckerli, an dem sie reuelos losschlemmen d\u00fcrfen. Der proteinreiche Leckerbissen ist trotz seiner hellen Farbe vollkommen <strong>naturbelassen<\/strong> und wird ohne k\u00fcnstliche Zus\u00e4tze und Konservierungsstoffe schonend ged\u00f6rrt. So wird der Kausnack auf nat\u00fcrliche Art und Weise getrocknet und haltbar gemacht, ohne dass wertvolle Vitamine und N\u00e4hrstoffe verloren gehen. Heraus kommt ein knuspriger Snack mit hohem Knorpelanteil, der f\u00fcr absoluten Kauspa\u00df sorgt und den Hund nicht nur artgerecht besch\u00e4ftigt, sondern ihn auch ausgeglichen und zufrieden macht.<\/p>\n<p>Gl\u00fccklich werden auch die Herrchen, denn durch das hingebungsvolle Nagen und Kauen an den z\u00e4hen Rinderohren wird auch die Gebissmuskulatur des Hundes trainiert und sein <strong>Gebiss gepflegt und gereinigt<\/strong>. Futterreste und Zahnbel\u00e4ge werden so spielend einfach und sogar noch auf leckere Art und Weise gel\u00f6st. Mundgeruch und schlechte Z\u00e4hne geh\u00f6ren damit der Vergangenheit an!<\/p>\n<p>Ein hochwertiger Naturkauartikel f\u00fcr Hunde in einem sehr guten Preis-Leistungsverh\u00e4ltnis. Lassen auch Sie sich von unserer ausgezeichneten Qualit\u00e4t \u00fcberzeugen.<\/p>\n<p>Unsere Rinderohren honiggelb haben eine Gr\u00f6\u00dfe von ca. 14-15cm.<\/p>\n<p>&nbsp;<\/p>\n<h3>Alle Vorteile im \u00dcberblick:<\/h3>\n<ul>\n<li>100% Rind (Monoprotein)<\/li>\n<li>Ohne k\u00fcnstliche Zus\u00e4tze wie Konservierungstoffe oder Geschmacksverst\u00e4rker<\/li>\n<li>Gluten- und laktosefrei<\/li>\n<li>Fettarm<\/li>\n<li>Sehr proteinreich<\/li>\n<li>Von z\u00e4her Konsistenz<\/li>\n<li>Nat\u00fcrliche Zahnpflege und -reinigung<\/li>\n<li>Artgerechte Besch\u00e4ftigung f\u00fcr den Hund<\/li>\n<\/ul>\n<p>&nbsp;<\/p>\n<h4>Zusammensetzung:<\/h4>\n<p>Dieser Artikel ist zu 100% Rind (Monoprotein), ohne Zusatz von Getreide oder anderen Streckmitteln.<\/p>\n<p>Unsere Rinderohren honiggelb sind glutenfrei, ohne Chemie und Konservierungsstoffe.<\/p>\n<p>Inhaltsstoffe (Analyse unterliegt den nat\u00fcrlichen Schwankungen): Protein 91,8%, Fett 2,5%, Asche 5,7%.<\/p>\n<p>&nbsp;<\/p>\n<p>&nbsp;<\/p>\n<p>Bitte beachten Sie: Da dieser Artikel ein reines Naturprodukt ist, kann die Gr\u00f6\u00dfe, die Form und die Farbe vom Foto abweichen.<\/p>\n","protected":false},"excerpt":{"rendered":"<p>Honiggelbe getrocknete Rinderohren f\u00fcr ungetr\u00fcbtes Kauvergn\u00fcgen Arm an Fett, aber reich an Geschmack: Ein unwiederstehlich leckerer Snack f\u00fcr Hunde Getrocknete Rinderohren sind ein wahres Kau-Highlight f\u00fcr alle Hunde, egal ob Gro\u00df oder Klein, Jung oder Alt. Im Gegensatz zu Schweineohren sind getrocknete Rinderohren fast fettfrei und somit auch f\u00fcr figurbewusste Vierbeiner ein tolles Leckerli, an [&hellip;]<\/p>\n","protected":false},"featured_media":14438,"comment_status":"closed","ping_status":"closed","template":"","meta":[],"product_brand":[],"product_cat":[241],"product_tag":[],"class_list":{"0":"post-14437","1":"product","2":"type-product","3":"status-publish","4":"has-post-thumbnail","6":"product_cat-kauspass","7":"tm-no-options","9":"first","10":"instock","11":"taxable","12":"shipping-taxable","13":"product-type-simple"},"supplier_id":null,"supplier_sku":"","barcode":null,"atum_controlled":true,"out_stock_date":null,"out_stock_threshold":null,"inheritable":false,"inbound_stock":0,"stock_on_hold":0,"sold_today":0,"sales_last_days":10,"reserved_stock":0,"customer_returns":0,"warehouse_damage":0,"lost_in_post":0,"other_logs":0,"out_stock_days":0,"lost_sales":0,"has_location":false,"update_date":"2025-02-14T15:29:16","atum_locations":[],"atum_stock_status":"instock","restock_status":false,"low_stock_amount":"","sales_update_date":"2025-02-14T15:29:15","calc_backorders":null,"jetpack_sharing_enabled":true,"_links":{"self":[{"href":"https:\/\/www.go4dogs.de\/index.php?rest_route=\/wp\/v2\/product\/14437","targetHints":{"allow":["GET"]}}],"collection":[{"href":"https:\/\/www.go4dogs.de\/index.php?rest_route=\/wp\/v2\/product"}],"about":[{"href":"https:\/\/www.go4dogs.de\/index.php?rest_route=\/wp\/v2\/types\/product"}],"replies":[{"embeddable":true,"href":"https:\/\/www.go4dogs.de\/index.php?rest_route=%2Fwp%2Fv2%2Fcomments&post=14437"}],"wp:featuredmedia":[{"embeddable":true,"href":"https:\/\/www.go4dogs.de\/index.php?rest_route=\/wp\/v2\/media\/14438"}],"wp:attachment":[{"href":"https:\/\/www.go4dogs.de\/index.php?rest_route=%2Fwp%2Fv2%2Fmedia&parent=14437"}],"wp:term":[{"taxonomy":"product_brand","embeddable":true,"href":"https:\/\/www.go4dogs.de\/index.php?rest_route=%2Fwp%2Fv2%2Fproduct_brand&post=14437"},{"taxonomy":"product_cat","embeddable":true,"href":"https:\/\/www.go4dogs.de\/index.php?rest_route=%2Fwp%2Fv2%2Fproduct_cat&post=14437"},{"taxonomy":"product_tag","embeddable":true,"href":"https:\/\/www.go4dogs.de\/index.php?rest_route=%2Fwp%2Fv2%2Fproduct_tag&post=14437"}],"curies":[{"name":"wp","href":"https:\/\/api.w.org\/{rel}","templated":true}]}}