{"id":14431,"date":"2020-01-08T17:10:29","date_gmt":"2020-01-08T15:10:29","guid":{"rendered":"https:\/\/www.go4dogs.de\/?post_type=product&#038;p=14431"},"modified":"2025-11-30T15:06:31","modified_gmt":"2025-11-30T13:06:31","slug":"pferde-knochen-m-achillessehne-klein","status":"publish","type":"product","link":"https:\/\/www.go4dogs.de\/?product=pferde-knochen-m-achillessehne-klein","title":{"rendered":"Pferde-Knochen m. Achillessehne klein"},"content":{"rendered":"<h1>Hypoallergener Pferde-Knochen f\u00fcr Hunde<\/h1>\n<h3>Verspricht pures Kauvergn\u00fcgen \u2013 selbst bei allergischen Hunden<\/h3>\n<p>Immer mehr Hunde reagieren sensibel auf herk\u00f6mmliche Fleischsorten. Dann stehen viele Hundebesitzer, deren Hunde solche Unvertr\u00e4glichkeiten oder sogar Allergien entwickeln, auf einmal vor der gro\u00dfen Herausforderung, das richtige Futter f\u00fcr ihr Tier zu finden. Auch die Nachfrage nach gut vertr\u00e4glichen Kauartikeln und Snacks f\u00fcr Hunde w\u00e4chst, denn nat\u00fcrlich wollen Herrchen und Frauchen ihrem Vierbeiner auch mal eine schmackhafte Freude zwischendurch machen.<\/p>\n<p>Kauartikel vom Pferd haben sich bei allergisch reagierenden Hunden als besonders <strong>gut vertr\u00e4glich<\/strong> erwiesen und werden daher als Alternative bei Unvertr\u00e4glichkeiten gegen Rind, Schwein oder Gefl\u00fcgel eingesetzt. Damit auch gro\u00dfe kaufreudige Hunde nicht auf Ihren Knochen verzichten m\u00fcssen, haben wir unseren harten Pferde-Knochen mit Achillessehne im Angebot.<\/p>\n<p>Der hypoallergene Pferde-Knochen ist sehr hart und nur etwas f\u00fcr Hunde, die wirklich gerne zubei\u00dfen und nicht an schweren Knochen verzweifeln (f\u00fcr kaufreudige, aber kleinere oder j\u00fcngere Hunde haben wir die etwas weichere <a href=\"https:\/\/pets-best.de\/produkt\/pferde-kopfhaut\/\">Pferde-Kopfhaut<\/a> als Alternative). Das Besondere an diesem Kauartikel ist die Verbindung vom Pferde-Unterbeinknochen mit der Achillessehne. Hunde lieben das Zusammenspiel aus <strong>z\u00e4her Sehne<\/strong>, an dem noch ein paar Fleischreste anhaften und der H\u00e4rte des Knochens, in dessen Inneren das hei\u00df ersehnte Knochenmark liegt.<\/p>\n<p>Der Pferde-Knochen f\u00fcr Hunde ist sehr fett- und damit <strong>kalorienarm<\/strong> und kann daher vollkommen (figur-) bedenkenlos gegeben werden. Das stete Kauen und Nagen an dem schweren Knochen stillt au\u00dferdem nicht nur den angeborenen Kautrieb des Hundes, sondern sorgt auch daf\u00fcr, dass Z\u00e4hne und Zahnfleisch auf nat\u00fcrliche Art und Weise gereinigt werden und so Zahnstein und schmerzhaften Zahnproblemen vorgebeut werden kann. Eine wahre Win-Win Situation auf beiden Seiten: Leckeres Kauvergn\u00fcgen f\u00fcr den Hund und die Gewissheit seinem Hund nur das Beste zu geben f\u00fcr den Hundehalter.<\/p>\n<p>Unser Pets Best Pferde-Knochen mit Achilessehne hat eine L\u00e4nge von ca. 18cm.<\/p>\n<p>&nbsp;<\/p>\n<h3>Alle Vorteile im \u00dcberblick:<\/h3>\n<ul>\n<li>100% Pferd (Monoprotein)<\/li>\n<li>Ohne k\u00fcnstliche Zus\u00e4tze wie Konservierungstoffe oder Geschmacksverst\u00e4rker<\/li>\n<li>Gluten- und laktosefrei<\/li>\n<li>Hypoallergen und damit Allergiker geeignet<\/li>\n<li>Langer Kauspa\u00df<\/li>\n<li>Artgerechte Besch\u00e4ftigung<\/li>\n<li>Nat\u00fcrliche Zahnpflege<\/li>\n<\/ul>\n<p>&nbsp;<\/p>\n<h4>Zusammensetzung:<\/h4>\n<p>Dieser Artikel ist zu 100% Pferd (Monoprotein), ohne Zusatz von Getreide oder anderen Streckmitteln.<\/p>\n<p>Unser Pferde Knochen mit Achillessehne ist glutenfrei, ohne Chemie und Konservierungsstoffe.<\/p>\n<p>Inhaltsstoffe (Analyse unterliegt den nat\u00fcrlichen Schwankungen): Protein 68,8%, Fett 7,5%, Asche 6,5%.<\/p>\n<p>&nbsp;<\/p>\n<p>&nbsp;<\/p>\n<p>Bitte beachten Sie: Da dieser Artikel ein reines Naturprodukt ist, kann die Gr\u00f6\u00dfe, die Form und die Farbe vom Foto abweichen.<\/p>\n","protected":false},"excerpt":{"rendered":"<p>Hypoallergener Pferde-Knochen f\u00fcr Hunde Verspricht pures Kauvergn\u00fcgen \u2013 selbst bei allergischen Hunden Immer mehr Hunde reagieren sensibel auf herk\u00f6mmliche Fleischsorten. Dann stehen viele Hundebesitzer, deren Hunde solche Unvertr\u00e4glichkeiten oder sogar Allergien entwickeln, auf einmal vor der gro\u00dfen Herausforderung, das richtige Futter f\u00fcr ihr Tier zu finden. Auch die Nachfrage nach gut vertr\u00e4glichen Kauartikeln und Snacks [&hellip;]<\/p>\n","protected":false},"featured_media":14432,"comment_status":"closed","ping_status":"closed","template":"","meta":[],"product_brand":[],"product_cat":[241],"product_tag":[],"class_list":{"0":"post-14431","1":"product","2":"type-product","3":"status-publish","4":"has-post-thumbnail","6":"product_cat-kauspass","7":"tm-no-options","9":"first","10":"outofstock","11":"taxable","12":"shipping-taxable","13":"product-type-simple"},"supplier_id":null,"supplier_sku":"","barcode":null,"atum_controlled":true,"out_stock_date":null,"out_stock_threshold":null,"inheritable":false,"inbound_stock":0,"stock_on_hold":1,"sold_today":1,"sales_last_days":1,"reserved_stock":0,"customer_returns":0,"warehouse_damage":0,"lost_in_post":0,"other_logs":0,"out_stock_days":0,"lost_sales":0,"has_location":false,"update_date":"2025-11-30T13:06:33","atum_locations":[],"atum_stock_status":"outofstock","restock_status":false,"low_stock_amount":"","sales_update_date":"2025-06-24T14:36:19","calc_backorders":null,"jetpack_sharing_enabled":true,"_links":{"self":[{"href":"https:\/\/www.go4dogs.de\/index.php?rest_route=\/wp\/v2\/product\/14431","targetHints":{"allow":["GET"]}}],"collection":[{"href":"https:\/\/www.go4dogs.de\/index.php?rest_route=\/wp\/v2\/product"}],"about":[{"href":"https:\/\/www.go4dogs.de\/index.php?rest_route=\/wp\/v2\/types\/product"}],"replies":[{"embeddable":true,"href":"https:\/\/www.go4dogs.de\/index.php?rest_route=%2Fwp%2Fv2%2Fcomments&post=14431"}],"wp:featuredmedia":[{"embeddable":true,"href":"https:\/\/www.go4dogs.de\/index.php?rest_route=\/wp\/v2\/media\/14432"}],"wp:attachment":[{"href":"https:\/\/www.go4dogs.de\/index.php?rest_route=%2Fwp%2Fv2%2Fmedia&parent=14431"}],"wp:term":[{"taxonomy":"product_brand","embeddable":true,"href":"https:\/\/www.go4dogs.de\/index.php?rest_route=%2Fwp%2Fv2%2Fproduct_brand&post=14431"},{"taxonomy":"product_cat","embeddable":true,"href":"https:\/\/www.go4dogs.de\/index.php?rest_route=%2Fwp%2Fv2%2Fproduct_cat&post=14431"},{"taxonomy":"product_tag","embeddable":true,"href":"https:\/\/www.go4dogs.de\/index.php?rest_route=%2Fwp%2Fv2%2Fproduct_tag&post=14431"}],"curies":[{"name":"wp","href":"https:\/\/api.w.org\/{rel}","templated":true}]}}