{"id":14427,"date":"2020-01-08T16:39:06","date_gmt":"2020-01-08T14:39:06","guid":{"rendered":"https:\/\/www.go4dogs.de\/?post_type=product&#038;p=14427"},"modified":"2025-11-30T15:06:31","modified_gmt":"2025-11-30T13:06:31","slug":"kamel-kau-kopfhaut-ultrahart-menge-1-100g","status":"publish","type":"product","link":"https:\/\/www.go4dogs.de\/?product=kamel-kau-kopfhaut-ultrahart-menge-1-100g","title":{"rendered":"Kamel Kau (Kopfhaut) ultrahart (Menge 1 = 100g)"},"content":{"rendered":"<h1>Ultraharte Kamel-Kopfhaut Streifen<\/h1>\n<h3>Unser Kaml-Kau verspricht langanhaltenden Kaugenuss deLuxe<\/h3>\n<p>Unsere nussig braune Kamel Kopfhaut (Kamel Kau) ist noch h\u00e4rter als jede Rinder-Kopfhaut und verspricht ungetr\u00fcbtes, <strong>stundenlanges Kauvergn\u00fcgen<\/strong>. Dieser Hundesnack ist auch f\u00fcr gro\u00dfe, sehr hartn\u00e4ckige Hunde bestens geeignet, denn die ultra harte Kamel-Kopfhaut verschwindet nicht einfach nach dem ersten Bissen, sondern daran muss richtig geackert werden. Ein idealer Kauartikel, um auch gro\u00dfe Hunde l\u00e4ngerfristig zu besch\u00e4ftigen und zu f\u00f6rdern.<\/p>\n<p>Ein Snack, der richtig gl\u00fccklich macht, denn durch den l\u00e4ngeren Kauvorgang werden haufenweise Endorphine ausgesch\u00fcttet. Das lange Kauen st\u00e4rkt au\u00dferdem die Kaumuskulatur und beugt der Entstehung von Karies und Zahnstein vor. Geschmacklich ist es \u00e4hnlich dem Rindfleisch, aber aufgrund seiner exotischen Herkunft und Proteinquelle ist es auch <strong>f\u00fcr Allergiker-Hunde<\/strong> bestens geeignet und wird von diesen erfahrungsgem\u00e4\u00df sehr gerne gefressen.<\/p>\n<p>Unsere Kamel-Kopfhaut ist ein reines Naturprodukt ohne Zus\u00e4tze, von Tieren, die ganzj\u00e4hrig auf der Weide gehalten werden und keine Hormone oder \u00e4hnliches zugesetzt bekommen. Ein rein nat\u00fcrliches Leckerli, dem kein knabberfreudiger Hund wiederstehen kann.<\/p>\n<p>Unsere Kamel-Kopfhaut Streifen haben eine L\u00e4nge von ca. 15 cm.<\/p>\n<p>&nbsp;<\/p>\n<h3>Alle Vorteile im \u00dcberblick:<\/h3>\n<ul>\n<li>100% Kamel (Monoprotein)<\/li>\n<li>Ohne k\u00fcnstliche Zus\u00e4tze wie Konservierungstoffe oder Geschmacksverst\u00e4rker<\/li>\n<li>Gluten- und laktosefrei<\/li>\n<li>Hypoallergen und daher auch f\u00fcr Allergiker-Hunde geeignet<\/li>\n<li>Lang anhaltendes Kauvergn\u00fcgen<\/li>\n<li>Nat\u00fcrliche Zahnpflege<\/li>\n<\/ul>\n<p>&nbsp;<\/p>\n<h4>Zusammensetzung:<\/h4>\n<p>Dieser Artikel ist zu 100% Kamel (Monoprotein), ohne Zusatz von Getreide oder anderen Streckmitteln.<\/p>\n<p>Unsere Kamel Kopfhaut (Kamel Kau) ist glutenfrei, ohne Chemie und Konservierungsstoffe.<\/p>\n<p>Inhaltsstoffe (Analyse unterliegt den nat\u00fcrlichen Schwankungen): Protein 77,4%, Fett 5,7%, Asche 3,5%.<\/p>\n<p>&nbsp;<\/p>\n<p>&nbsp;<\/p>\n<p>Bitte beachten Sie: Da dieser Artikel ein reines Naturprodukt ist, kann die Gr\u00f6\u00dfe, die Form und die Farbe vom Foto abweichen.<\/p>\n","protected":false},"excerpt":{"rendered":"<p>Ultraharte Kamel-Kopfhaut Streifen Unser Kaml-Kau verspricht langanhaltenden Kaugenuss deLuxe Unsere nussig braune Kamel Kopfhaut (Kamel Kau) ist noch h\u00e4rter als jede Rinder-Kopfhaut und verspricht ungetr\u00fcbtes, stundenlanges Kauvergn\u00fcgen. Dieser Hundesnack ist auch f\u00fcr gro\u00dfe, sehr hartn\u00e4ckige Hunde bestens geeignet, denn die ultra harte Kamel-Kopfhaut verschwindet nicht einfach nach dem ersten Bissen, sondern daran muss richtig geackert [&hellip;]<\/p>\n","protected":false},"featured_media":14428,"comment_status":"closed","ping_status":"closed","template":"","meta":[],"product_brand":[],"product_cat":[241],"product_tag":[],"class_list":{"0":"post-14427","1":"product","2":"type-product","3":"status-publish","4":"has-post-thumbnail","6":"product_cat-kauspass","7":"tm-no-options","9":"first","10":"outofstock","11":"taxable","12":"shipping-taxable","13":"product-type-simple"},"supplier_id":null,"supplier_sku":"","barcode":null,"atum_controlled":true,"out_stock_date":null,"out_stock_threshold":null,"inheritable":false,"inbound_stock":0,"stock_on_hold":0,"sold_today":0,"sales_last_days":0,"reserved_stock":0,"customer_returns":0,"warehouse_damage":0,"lost_in_post":0,"other_logs":0,"out_stock_days":0,"lost_sales":0,"has_location":false,"update_date":"2025-11-30T13:06:33","atum_locations":[],"atum_stock_status":"outofstock","restock_status":false,"low_stock_amount":"","sales_update_date":"2024-01-25T11:59:49","calc_backorders":null,"jetpack_sharing_enabled":true,"_links":{"self":[{"href":"https:\/\/www.go4dogs.de\/index.php?rest_route=\/wp\/v2\/product\/14427","targetHints":{"allow":["GET"]}}],"collection":[{"href":"https:\/\/www.go4dogs.de\/index.php?rest_route=\/wp\/v2\/product"}],"about":[{"href":"https:\/\/www.go4dogs.de\/index.php?rest_route=\/wp\/v2\/types\/product"}],"replies":[{"embeddable":true,"href":"https:\/\/www.go4dogs.de\/index.php?rest_route=%2Fwp%2Fv2%2Fcomments&post=14427"}],"wp:featuredmedia":[{"embeddable":true,"href":"https:\/\/www.go4dogs.de\/index.php?rest_route=\/wp\/v2\/media\/14428"}],"wp:attachment":[{"href":"https:\/\/www.go4dogs.de\/index.php?rest_route=%2Fwp%2Fv2%2Fmedia&parent=14427"}],"wp:term":[{"taxonomy":"product_brand","embeddable":true,"href":"https:\/\/www.go4dogs.de\/index.php?rest_route=%2Fwp%2Fv2%2Fproduct_brand&post=14427"},{"taxonomy":"product_cat","embeddable":true,"href":"https:\/\/www.go4dogs.de\/index.php?rest_route=%2Fwp%2Fv2%2Fproduct_cat&post=14427"},{"taxonomy":"product_tag","embeddable":true,"href":"https:\/\/www.go4dogs.de\/index.php?rest_route=%2Fwp%2Fv2%2Fproduct_tag&post=14427"}],"curies":[{"name":"wp","href":"https:\/\/api.w.org\/{rel}","templated":true}]}}