{"id":14424,"date":"2020-01-08T16:31:09","date_gmt":"2020-01-08T14:31:09","guid":{"rendered":"https:\/\/www.go4dogs.de\/?post_type=product&#038;p=14424"},"modified":"2020-01-08T16:31:09","modified_gmt":"2020-01-08T14:31:09","slug":"platte-flunder-menge-1-1-stueck","status":"publish","type":"product","link":"https:\/\/www.go4dogs.de\/?product=platte-flunder-menge-1-1-stueck","title":{"rendered":"Platte Flunder (Menge 1 = 1 St\u00fcck)"},"content":{"rendered":"<h1>Leckere Flunder f\u00fcr Hunde<\/h1>\n<h3>Der besondere Belohnungshappen f\u00fcr jeden Hund<\/h3>\n<p>Haben Sie schon mal den alten Spruch \u201eplatt wie eine Flunder\u201c geh\u00f6rt? Egal ob der Spruch im Falle des Falles als Kompliment gemeint ist oder nicht, an der Flunder selbst gibt es nichts auszusetzen. Ganz im Gegenteil: Sie mag vielleicht nicht ganz so popul\u00e4r sein wie andere Plattfische, hat unsere Aufmerksamkeit aber auf jeden Fall verdient! Denn auch was seine Vorz\u00fcge hinsichtlich Geschmack und N\u00e4hrstoffe angeht, braucht sich die Flunder keineswegs hinter Verwandten wie der Seezunge oder dem Steinbutt zu verstecken. <span class=\"field-content\">Bei ihrer Ern\u00e4hrung von Krebsen und kleinen Fischen versteht sich von selbst, dass Flundern ausgesprochen lecker schmecken. Ihr Fleisch ist wei\u00df, zart und angenehm fest und begeistert nicht nur uns Menschen mit seinem <strong>mild-w\u00fcrzigen Geschmack<\/strong>. <\/span><\/p>\n<p>Die <strong>eiwei\u00dfreiche<\/strong> Flunder gilt unter den Plattfischen als erste Wahl f\u00fcr alle Fischfans, die auf Ihre Figur achten und auf die kalorien\u00e4rmere Variante zur\u00fcckgreifen m\u00f6chten. Gleichzeitig geizt sie nicht mit Ihren Reizen \u2013 leicht verdaulichen Proteinen, Vitaminen (insbesondere aus dem B-Komplex), <strong>Omega-3-Fetts\u00e4uren<\/strong>, Mineralstoffen und Spurenelementen.<\/p>\n<p>Unsere platte Flunder f\u00fcr Hunde werden im Ganzen schonend luftgetrocknet, um die N\u00e4hrstoffe und Vitamine zu erhalten und den Fisch <strong>ohne k\u00fcstliche Zus\u00e4tze<\/strong> haltbar zu machen. Gleichzeitig werden die Gr\u00e4ten weich, so dass diese nicht splittern oder irgendwo h\u00e4ngen bleiben, sondern ganz einfach mitverspeist werden k\u00f6nnen. Ein lecker knuspriger Snack aus <strong>100% reinem, frisch getrocknetem Fisch<\/strong>.<\/p>\n<p>&nbsp;<\/p>\n<h3>Alle Vorteile im \u00dcberblick:<\/h3>\n<ul>\n<li>100% Fisch (Monoprotein)<\/li>\n<li>Ohne k\u00fcnstliche Zus\u00e4tze wie Konservierungstoffe oder Geschmacksverst\u00e4rker<\/li>\n<li>Gluten- und laktosefrei<\/li>\n<li>Reich an Omega-3-Fetts\u00e4uren<\/li>\n<li>Leicht verdaulich<\/li>\n<\/ul>\n<p>&nbsp;<\/p>\n<h4>Zusammensetzung:<\/h4>\n<p>Dieser Artikel ist zu 100% Flunder (Monoprotein), ohne Zusatz von Getreide oder anderen Streckmitteln.<\/p>\n<p>Unsere platte Flunder ist glutenfrei, ohne Chemie und Konservierungsstoffe.<\/p>\n<p>Inhaltsstoffe (Analyse unterliegt den nat\u00fcrlichen Schwankungen): Protein 57,3%, Fett 11,8%, Asche 16,4%.<\/p>\n","protected":false},"excerpt":{"rendered":"<p>Leckere Flunder f\u00fcr Hunde Der besondere Belohnungshappen f\u00fcr jeden Hund Haben Sie schon mal den alten Spruch \u201eplatt wie eine Flunder\u201c geh\u00f6rt? Egal ob der Spruch im Falle des Falles als Kompliment gemeint ist oder nicht, an der Flunder selbst gibt es nichts auszusetzen. Ganz im Gegenteil: Sie mag vielleicht nicht ganz so popul\u00e4r sein [&hellip;]<\/p>\n","protected":false},"featured_media":14423,"comment_status":"closed","ping_status":"closed","template":"","meta":[],"product_brand":[],"product_cat":[241],"product_tag":[],"class_list":{"0":"post-14424","1":"product","2":"type-product","3":"status-publish","4":"has-post-thumbnail","6":"product_cat-kauspass","7":"tm-no-options","9":"first","10":"instock","11":"taxable","12":"shipping-taxable","13":"product-type-simple"},"supplier_id":null,"supplier_sku":"","barcode":null,"atum_controlled":true,"out_stock_date":null,"out_stock_threshold":null,"inheritable":false,"inbound_stock":0,"stock_on_hold":0,"sold_today":0,"sales_last_days":3,"reserved_stock":0,"customer_returns":0,"warehouse_damage":0,"lost_in_post":0,"other_logs":0,"out_stock_days":0,"lost_sales":0,"has_location":false,"update_date":"2024-08-09T08:52:22","atum_locations":[],"atum_stock_status":"instock","restock_status":false,"low_stock_amount":"","sales_update_date":"2024-08-09T08:52:22","calc_backorders":null,"jetpack_sharing_enabled":true,"_links":{"self":[{"href":"https:\/\/www.go4dogs.de\/index.php?rest_route=\/wp\/v2\/product\/14424","targetHints":{"allow":["GET"]}}],"collection":[{"href":"https:\/\/www.go4dogs.de\/index.php?rest_route=\/wp\/v2\/product"}],"about":[{"href":"https:\/\/www.go4dogs.de\/index.php?rest_route=\/wp\/v2\/types\/product"}],"replies":[{"embeddable":true,"href":"https:\/\/www.go4dogs.de\/index.php?rest_route=%2Fwp%2Fv2%2Fcomments&post=14424"}],"wp:featuredmedia":[{"embeddable":true,"href":"https:\/\/www.go4dogs.de\/index.php?rest_route=\/wp\/v2\/media\/14423"}],"wp:attachment":[{"href":"https:\/\/www.go4dogs.de\/index.php?rest_route=%2Fwp%2Fv2%2Fmedia&parent=14424"}],"wp:term":[{"taxonomy":"product_brand","embeddable":true,"href":"https:\/\/www.go4dogs.de\/index.php?rest_route=%2Fwp%2Fv2%2Fproduct_brand&post=14424"},{"taxonomy":"product_cat","embeddable":true,"href":"https:\/\/www.go4dogs.de\/index.php?rest_route=%2Fwp%2Fv2%2Fproduct_cat&post=14424"},{"taxonomy":"product_tag","embeddable":true,"href":"https:\/\/www.go4dogs.de\/index.php?rest_route=%2Fwp%2Fv2%2Fproduct_tag&post=14424"}],"curies":[{"name":"wp","href":"https:\/\/api.w.org\/{rel}","templated":true}]}}