{"id":14414,"date":"2020-01-07T20:55:05","date_gmt":"2020-01-07T18:55:05","guid":{"rendered":"https:\/\/www.go4dogs.de\/?post_type=product&#038;p=14414"},"modified":"2025-11-28T12:19:16","modified_gmt":"2025-11-28T10:19:16","slug":"kong-wobbler-2","status":"publish","type":"product","link":"https:\/\/www.go4dogs.de\/?product=kong-wobbler-2","title":{"rendered":"KONG Wobbler"},"content":{"rendered":"<p><span style=\"display: inline !important; float: none; background-color: #ffffff; color: #333333; font-family: 'Open Sans','Helvetica Neue',Helvetica,Arial,sans-serif; font-size: 14px; font-style: normal; font-variant: normal; font-weight: 400; letter-spacing: normal; orphans: 2; text-align: left; text-decoration: none; text-indent: 0px; text-transform: none; -webkit-text-stroke-width: 0px; white-space: normal; word-spacing: 0px;\">Der Wobbler ist ein KONG-Spielzeug, das Futter abgibt und wie ein Futterbeh\u00e4lter aufrecht steht, bis er von der Pfote oder der Nase eines Hundes umgestupst wird und Futter abgibt, wobei er schaukelt, sich dreht und rollt. Durch die unvorhersehbaren Bewegungen stellt das Spielzeug eine bleibende Herausforderung dar, sogar f\u00fcr erfahrenen Wobbler-Gebraucher. Verwenden Sie den Wobbler als Alternative zum Hundenapf und als Hilfe f\u00fcr die Verl\u00e4ngerung der Futterzeit und Anregung zur Bewegung.<\/span><\/p>\n<p>Gr\u00f6\u00dfe: S (15cm hoch); M (18cm hoch)<\/p>\n","protected":false},"excerpt":{"rendered":"<p>Der Wobbler ist ein KONG-Spielzeug, das Futter abgibt und wie ein Futterbeh\u00e4lter aufrecht steht, bis er von der Pfote oder der Nase eines Hundes umgestupst wird und Futter abgibt, wobei er schaukelt, sich dreht und rollt. Durch die unvorhersehbaren Bewegungen stellt das Spielzeug eine bleibende Herausforderung dar, sogar f\u00fcr erfahrenen Wobbler-Gebraucher. Verwenden Sie den Wobbler [&hellip;]<\/p>\n","protected":false},"featured_media":14419,"comment_status":"closed","ping_status":"closed","template":"","meta":[],"product_brand":[],"product_cat":[219],"product_tag":[],"class_list":{"0":"post-14414","1":"product","2":"type-product","3":"status-publish","4":"has-post-thumbnail","6":"product_cat-zum-beschaeftigen","7":"tm-no-options","9":"first","10":"instock","11":"taxable","12":"shipping-taxable","13":"product-type-variable"},"supplier_id":null,"supplier_sku":"","barcode":null,"atum_controlled":true,"out_stock_date":null,"out_stock_threshold":null,"inheritable":false,"inbound_stock":0,"stock_on_hold":0,"sold_today":null,"sales_last_days":null,"reserved_stock":0,"customer_returns":0,"warehouse_damage":0,"lost_in_post":0,"other_logs":0,"out_stock_days":null,"lost_sales":null,"has_location":false,"update_date":"2024-12-01T18:57:29","atum_locations":[],"atum_stock_status":"instock","restock_status":false,"low_stock_amount":"","sales_update_date":"2023-01-14T16:32:25","calc_backorders":null,"jetpack_sharing_enabled":true,"_links":{"self":[{"href":"https:\/\/www.go4dogs.de\/index.php?rest_route=\/wp\/v2\/product\/14414","targetHints":{"allow":["GET"]}}],"collection":[{"href":"https:\/\/www.go4dogs.de\/index.php?rest_route=\/wp\/v2\/product"}],"about":[{"href":"https:\/\/www.go4dogs.de\/index.php?rest_route=\/wp\/v2\/types\/product"}],"replies":[{"embeddable":true,"href":"https:\/\/www.go4dogs.de\/index.php?rest_route=%2Fwp%2Fv2%2Fcomments&post=14414"}],"wp:featuredmedia":[{"embeddable":true,"href":"https:\/\/www.go4dogs.de\/index.php?rest_route=\/wp\/v2\/media\/14419"}],"wp:attachment":[{"href":"https:\/\/www.go4dogs.de\/index.php?rest_route=%2Fwp%2Fv2%2Fmedia&parent=14414"}],"wp:term":[{"taxonomy":"product_brand","embeddable":true,"href":"https:\/\/www.go4dogs.de\/index.php?rest_route=%2Fwp%2Fv2%2Fproduct_brand&post=14414"},{"taxonomy":"product_cat","embeddable":true,"href":"https:\/\/www.go4dogs.de\/index.php?rest_route=%2Fwp%2Fv2%2Fproduct_cat&post=14414"},{"taxonomy":"product_tag","embeddable":true,"href":"https:\/\/www.go4dogs.de\/index.php?rest_route=%2Fwp%2Fv2%2Fproduct_tag&post=14414"}],"curies":[{"name":"wp","href":"https:\/\/api.w.org\/{rel}","templated":true}]}}