{"id":13368,"date":"2019-10-23T17:30:58","date_gmt":"2019-10-23T15:30:58","guid":{"rendered":"https:\/\/www.go4dogs.de\/?post_type=product&#038;p=13368"},"modified":"2020-01-03T22:40:46","modified_gmt":"2020-01-03T20:40:46","slug":"leckerlidose-lieblingshund-1400ml","status":"publish","type":"product","link":"https:\/\/www.go4dogs.de\/?product=leckerlidose-lieblingshund-1400ml","title":{"rendered":"Leckerlidose &#8220;Lieblingshund&#8221; 1400ml"},"content":{"rendered":"<p>die edle Vorratsdose f\u00fcr Feinschmecker!!<\/p>\n<p>Die Farbe &#8220;deiner&#8221; Herzen kannst du frei w\u00e4hlen &#8211; gib deinen Wunsch einfach \u00fcber die Bestellbemerkungen an.<\/p>\n<p>Unsere Dose besteht aus einer schicken Beschriftung auf einer Porzellandose mit Bambusdeckel.<\/p>\n<p>Die Dose hat einen Durchmesser von ca. 13cm, ist ca. 17cm hoch und fasst 1400ml.<\/p>\n<p>H\u00e4ttest du gerne den Namen deines Hundes oder Anderes auf deiner Dose &#8211; sprich uns gerne vorher an.<\/p>\n<p><b>Pflegeanleitung:<\/b><\/p>\n<p>Unsere N\u00e4pfe und Dosen werden mit Vinyl beplottet.<\/p>\n<p>Sie k\u00f6nnen ganz normal von Hand abgewaschen werden.<\/p>\n<p>Obwohl das Material Sp\u00fclmaschinenfest ist, raten wir f\u00fcr die Langlebigkeit von einer Reinigung in der Sp\u00fclmaschine ab.<\/p>\n","protected":false},"excerpt":{"rendered":"<p>die edle Vorratsdose f\u00fcr Feinschmecker!! Die Farbe &#8220;deiner&#8221; Herzen kannst du frei w\u00e4hlen &#8211; gib deinen Wunsch einfach \u00fcber die Bestellbemerkungen an. Unsere Dose besteht aus einer schicken Beschriftung auf einer Porzellandose mit Bambusdeckel. Die Dose hat einen Durchmesser von ca. 13cm, ist ca. 17cm hoch und fasst 1400ml. H\u00e4ttest du gerne den Namen deines [&hellip;]<\/p>\n","protected":false},"featured_media":13367,"comment_status":"closed","ping_status":"closed","template":"","meta":[],"product_brand":[],"product_cat":[246],"product_tag":[],"class_list":{"0":"post-13368","1":"product","2":"type-product","3":"status-publish","4":"has-post-thumbnail","6":"product_cat-leckerliedosen","7":"tm-no-options","9":"first","10":"instock","11":"taxable","12":"shipping-taxable","13":"product-type-simple"},"supplier_id":null,"supplier_sku":"","barcode":null,"atum_controlled":true,"out_stock_date":null,"out_stock_threshold":null,"inheritable":false,"inbound_stock":null,"stock_on_hold":null,"sold_today":null,"sales_last_days":null,"reserved_stock":null,"customer_returns":null,"warehouse_damage":null,"lost_in_post":null,"other_logs":null,"out_stock_days":null,"lost_sales":null,"has_location":null,"update_date":null,"atum_locations":[],"atum_stock_status":"instock","restock_status":false,"low_stock_amount":"","sales_update_date":null,"calc_backorders":null,"jetpack_sharing_enabled":true,"_links":{"self":[{"href":"https:\/\/www.go4dogs.de\/index.php?rest_route=\/wp\/v2\/product\/13368","targetHints":{"allow":["GET"]}}],"collection":[{"href":"https:\/\/www.go4dogs.de\/index.php?rest_route=\/wp\/v2\/product"}],"about":[{"href":"https:\/\/www.go4dogs.de\/index.php?rest_route=\/wp\/v2\/types\/product"}],"replies":[{"embeddable":true,"href":"https:\/\/www.go4dogs.de\/index.php?rest_route=%2Fwp%2Fv2%2Fcomments&post=13368"}],"wp:featuredmedia":[{"embeddable":true,"href":"https:\/\/www.go4dogs.de\/index.php?rest_route=\/wp\/v2\/media\/13367"}],"wp:attachment":[{"href":"https:\/\/www.go4dogs.de\/index.php?rest_route=%2Fwp%2Fv2%2Fmedia&parent=13368"}],"wp:term":[{"taxonomy":"product_brand","embeddable":true,"href":"https:\/\/www.go4dogs.de\/index.php?rest_route=%2Fwp%2Fv2%2Fproduct_brand&post=13368"},{"taxonomy":"product_cat","embeddable":true,"href":"https:\/\/www.go4dogs.de\/index.php?rest_route=%2Fwp%2Fv2%2Fproduct_cat&post=13368"},{"taxonomy":"product_tag","embeddable":true,"href":"https:\/\/www.go4dogs.de\/index.php?rest_route=%2Fwp%2Fv2%2Fproduct_tag&post=13368"}],"curies":[{"name":"wp","href":"https:\/\/api.w.org\/{rel}","templated":true}]}}