{"id":12330,"date":"2019-09-29T11:24:39","date_gmt":"2019-09-29T09:24:39","guid":{"rendered":"https:\/\/www.go4dogs.de\/?post_type=product&#038;p=12330"},"modified":"2024-11-12T18:22:47","modified_gmt":"2024-11-12T16:22:47","slug":"blue-signora","status":"publish","type":"product","link":"https:\/\/www.go4dogs.de\/?product=blue-signora","title":{"rendered":"Blue Signora"},"content":{"rendered":"<p><span style=\"color: #000000; font-family: Book Antiqua,Palatino; font-size: 12pt;\"><strong>Hier kannst du dir deine Wunschleine aus Kletterseil selbst zusammenstellen!<\/strong><\/span><\/p>\n<p><span style=\"font-family: Book Antiqua,Palatino; font-size: 12pt;\"><span style=\"color: #000000;\">Leinen aus Kletter- und Premiumseil bieten wir nur als v<\/span><span style=\"color: #000000;\">erstellbare F\u00fchrleine in 2m-L\u00e4nge mit drei verstellbaren Ringen an.<br \/>\nH\u00e4ttest du die Leine gern in einer anderen Ausf\u00fchrung, schreibe uns bitte vorab an.<\/span><\/span><\/p>\n<p><span style=\"color: #000000; font-family: Book Antiqua,Palatino; font-size: 12pt;\">W\u00e4hle in den Optionen deine Karabinerart, die Farbe deine Beschl\u00e4ge und deine Takelfarben. Abweichende L\u00e4ngen bitte vorab erfragen!<\/span><\/p>\n<p><span style=\"font-family: Book Antiqua,Palatino; font-size: 12pt;\">Dieses Produkt wird nach deiner Bestellung speziell f\u00fcr dich per Hand gefertigt. Es ist daher von der R\u00fcckgabe ausgeschlossen.<\/span><\/p>\n","protected":false},"excerpt":{"rendered":"<p>Hier kannst du dir deine Wunschleine aus Kletterseil selbst zusammenstellen! Leinen aus Kletter- und Premiumseil bieten wir nur als verstellbare F\u00fchrleine in 2m-L\u00e4nge mit drei verstellbaren Ringen an. H\u00e4ttest du die Leine gern in einer anderen Ausf\u00fchrung, schreibe uns bitte vorab an. W\u00e4hle in den Optionen deine Karabinerart, die Farbe deine Beschl\u00e4ge und deine Takelfarben. [&hellip;]<\/p>\n","protected":false},"featured_media":12321,"comment_status":"closed","ping_status":"closed","template":"","meta":[],"product_brand":[],"product_cat":[215],"product_tag":[],"class_list":{"0":"post-12330","1":"product","2":"type-product","3":"status-publish","4":"has-post-thumbnail","6":"product_cat-premium-und-kletterseile","7":"tm-has-options","9":"first","10":"instock","11":"taxable","12":"shipping-taxable","13":"product-type-simple"},"supplier_id":null,"supplier_sku":"","barcode":null,"atum_controlled":true,"out_stock_date":null,"out_stock_threshold":null,"inheritable":false,"inbound_stock":null,"stock_on_hold":null,"sold_today":null,"sales_last_days":null,"reserved_stock":null,"customer_returns":null,"warehouse_damage":null,"lost_in_post":null,"other_logs":null,"out_stock_days":null,"lost_sales":null,"has_location":null,"update_date":"2024-11-12T16:22:54","atum_locations":[],"atum_stock_status":"instock","restock_status":false,"low_stock_amount":"","sales_update_date":null,"calc_backorders":null,"jetpack_sharing_enabled":true,"_links":{"self":[{"href":"https:\/\/www.go4dogs.de\/index.php?rest_route=\/wp\/v2\/product\/12330","targetHints":{"allow":["GET"]}}],"collection":[{"href":"https:\/\/www.go4dogs.de\/index.php?rest_route=\/wp\/v2\/product"}],"about":[{"href":"https:\/\/www.go4dogs.de\/index.php?rest_route=\/wp\/v2\/types\/product"}],"replies":[{"embeddable":true,"href":"https:\/\/www.go4dogs.de\/index.php?rest_route=%2Fwp%2Fv2%2Fcomments&post=12330"}],"wp:featuredmedia":[{"embeddable":true,"href":"https:\/\/www.go4dogs.de\/index.php?rest_route=\/wp\/v2\/media\/12321"}],"wp:attachment":[{"href":"https:\/\/www.go4dogs.de\/index.php?rest_route=%2Fwp%2Fv2%2Fmedia&parent=12330"}],"wp:term":[{"taxonomy":"product_brand","embeddable":true,"href":"https:\/\/www.go4dogs.de\/index.php?rest_route=%2Fwp%2Fv2%2Fproduct_brand&post=12330"},{"taxonomy":"product_cat","embeddable":true,"href":"https:\/\/www.go4dogs.de\/index.php?rest_route=%2Fwp%2Fv2%2Fproduct_cat&post=12330"},{"taxonomy":"product_tag","embeddable":true,"href":"https:\/\/www.go4dogs.de\/index.php?rest_route=%2Fwp%2Fv2%2Fproduct_tag&post=12330"}],"curies":[{"name":"wp","href":"https:\/\/api.w.org\/{rel}","templated":true}]}}