{"id":11718,"date":"2019-09-12T14:35:55","date_gmt":"2019-09-12T12:35:55","guid":{"rendered":"https:\/\/www.go4dogs.de\/?post_type=product&#038;p=11718"},"modified":"2025-11-13T14:06:41","modified_gmt":"2025-11-13T12:06:41","slug":"hunter-hundemantel-uppsala-cozy","status":"publish","type":"product","link":"https:\/\/www.go4dogs.de\/?product=hunter-hundemantel-uppsala-cozy","title":{"rendered":"Hunter Hundemantel Uppsala Cozy"},"content":{"rendered":"<div class=\"content--full-box\">\n<p>Das Modell UPPSALA COZY werden all jene lieben, die den Winter am liebsten in Pl\u00fcsch verpackt verbringen und den Fr\u00fchling herbeisehnen. Dank des besonders w\u00e4rmenden Pl\u00fcsch-Innenfutters hat klirrende K\u00e4lte keine Chance. Die geschlossene Bauchseite und die elastischen Fixiergummis f\u00fcr die Hinterl\u00e4ufe (variabel in Position und L\u00e4nge) sorgen f\u00fcr einen perfekten Sitz, ganz unabh\u00e4ngig vom K\u00f6rperbau Ihres Hundes. Der Kragen des Hundemantels ist mittels Gummizug weitenregulierbar, und neben einer \u00d6ffnung f\u00fcr den D-Ring eines Halsbandes ist der Mantel dank wasserfestem und individuell verstellbarem Zwei-Wege-Rei\u00dfverschluss auch f\u00fcr \u00bbGeschirrtr\u00e4ger\u00ab ideal geeignet. Der stufenlos verstellbare Bauchgurt mit Klickverschluss garantiert volle Flexibilit\u00e4t \u2013 und reflektierende Paspeln sorgen f\u00fcr ein Maximum an Sichtbarkeit auch bei schwierigen Sichtverh\u00e4ltnissen. Wer den Hundemantel UPPSALA COZY tr\u00e4gt vermisst die \u00bbgute warme Stube\u00ab kaum und genie\u00dft die klirrende K\u00e4lte mit Leichtigkeit!<\/p>\n<\/div>\n<div class=\"content--divider\"><\/div>\n<div class=\"content--half-box\">\n<ul>\n<li>\u00d6ffnung zum Befestigen einer Leine am Halsband<\/li>\n<li>weitenregulierbarer Kragen durch Gummizug<\/li>\n<li>wasserfester-verstellbarer Zwei-Wege-Rei\u00dfverschluss auf der Oberseite (f\u00fcr Geschirre)<\/li>\n<li>optimierter, stufenlos l\u00e4ngenverstellbarer Bauchgurt mit Klickverschluss<\/li>\n<li>umlaufend reflektierende Paspel<\/li>\n<li>elastische Fixiergummis f\u00fcr die Hinterl\u00e4ufe, variabel in der Position und L\u00e4nge<\/li>\n<li>geschlossene Bauchseite<\/li>\n<li>wasserabweisend, winddicht, leicht<\/li>\n<li>ergonomische Passform<\/li>\n<li>w\u00e4rmende Pl\u00fcsch-Innenf\u00fctterung<\/li>\n<\/ul>\n<div class=\"content--icons \">Messanleitung:<\/div>\n<div>\n<p>Am Besten messen Sie die R\u00fcckenl\u00e4nge Ihres Hundes, indem Sie mit einem flexiblen<br \/>\nMa\u00dfband die Strecke zwischen Schulterbl\u00e4ttern und Rutenansatz ermitteln. F\u00fcr ein optimales Messergebnis sollte der Hund gerade stehen.<\/p>\n<p>Anhand der gemessenen R\u00fcckenl\u00e4nge ( C ) kann die korrekte Mantel-, Westen-, oder Pullovergr\u00f6\u00dfe ermittelt werden. Bitte beachten Sie f\u00fcr die Gr\u00f6\u00dfenwahl jeweils auch die Angaben zu Hals- und Brustumfang ( A + B) des jeweiligen Bekleidungsst\u00fcckes, sowie die Informationen zur Beschaffenheit der verwendeten Materialien oder Verstellm\u00f6glichkeiten.<a href=\"https:\/\/www.go4dogs.de\/wp-content\/uploads\/2019\/09\/messanleitung_hundebekleidung_600x600.jpg\"><img fetchpriority=\"high\" decoding=\"async\" class=\"alignnone size-medium wp-image-11723\" src=\"https:\/\/www.go4dogs.de\/wp-content\/uploads\/2019\/09\/messanleitung_hundebekleidung_600x600-300x296.jpg\" alt=\"\" width=\"300\" height=\"296\" srcset=\"https:\/\/www.go4dogs.de\/wp-content\/uploads\/2019\/09\/messanleitung_hundebekleidung_600x600-300x296.jpg 300w, https:\/\/www.go4dogs.de\/wp-content\/uploads\/2019\/09\/messanleitung_hundebekleidung_600x600-555x548.jpg 555w, https:\/\/www.go4dogs.de\/wp-content\/uploads\/2019\/09\/messanleitung_hundebekleidung_600x600.jpg 600w\" sizes=\"(max-width: 300px) 100vw, 300px\" \/><\/a><\/p>\n<p>Gr\u00f6\u00dfentabelle:<\/p>\n<p><a href=\"https:\/\/www.go4dogs.de\/wp-content\/uploads\/2019\/09\/Gr\u00f6\u00dfentabelle.jpg\"><img decoding=\"async\" class=\"alignnone wp-image-11724\" src=\"https:\/\/www.go4dogs.de\/wp-content\/uploads\/2019\/09\/Gr\u00f6\u00dfentabelle-300x147.jpg\" alt=\"\" width=\"633\" height=\"310\" srcset=\"https:\/\/www.go4dogs.de\/wp-content\/uploads\/2019\/09\/Gr\u00f6\u00dfentabelle-300x147.jpg 300w, https:\/\/www.go4dogs.de\/wp-content\/uploads\/2019\/09\/Gr\u00f6\u00dfentabelle-768x375.jpg 768w, https:\/\/www.go4dogs.de\/wp-content\/uploads\/2019\/09\/Gr\u00f6\u00dfentabelle-1024x500.jpg 1024w, https:\/\/www.go4dogs.de\/wp-content\/uploads\/2019\/09\/Gr\u00f6\u00dfentabelle-555x271.jpg 555w, https:\/\/www.go4dogs.de\/wp-content\/uploads\/2019\/09\/Gr\u00f6\u00dfentabelle.jpg 1187w\" sizes=\"(max-width: 633px) 100vw, 633px\" \/><\/a><\/p>\n<\/div>\n<\/div>\n","protected":false},"excerpt":{"rendered":"<p>Das Modell UPPSALA COZY werden all jene lieben, die den Winter am liebsten in Pl\u00fcsch verpackt verbringen und den Fr\u00fchling herbeisehnen. Dank des besonders w\u00e4rmenden Pl\u00fcsch-Innenfutters hat klirrende K\u00e4lte keine Chance. Die geschlossene Bauchseite und die elastischen Fixiergummis f\u00fcr die Hinterl\u00e4ufe (variabel in Position und L\u00e4nge) sorgen f\u00fcr einen perfekten Sitz, ganz unabh\u00e4ngig vom K\u00f6rperbau [&hellip;]<\/p>\n","protected":false},"featured_media":11729,"comment_status":"closed","ping_status":"closed","template":"","meta":[],"product_brand":[],"product_cat":[230],"product_tag":[],"class_list":{"0":"post-11718","1":"product","2":"type-product","3":"status-publish","4":"has-post-thumbnail","6":"product_cat-maentel-bademaentel-pullover","7":"tm-no-options","9":"first","10":"instock","11":"taxable","12":"shipping-taxable","13":"product-type-variable"},"supplier_id":null,"supplier_sku":"","barcode":null,"atum_controlled":true,"out_stock_date":null,"out_stock_threshold":null,"inheritable":true,"inbound_stock":0,"stock_on_hold":0,"sold_today":0,"sales_last_days":2,"reserved_stock":0,"customer_returns":0,"warehouse_damage":0,"lost_in_post":0,"other_logs":0,"out_stock_days":null,"lost_sales":0,"has_location":false,"update_date":"2024-12-14T12:26:51","atum_locations":[],"atum_stock_status":"instock","restock_status":false,"low_stock_amount":"","sales_update_date":"2023-03-10T16:59:43","calc_backorders":null,"jetpack_sharing_enabled":true,"_links":{"self":[{"href":"https:\/\/www.go4dogs.de\/index.php?rest_route=\/wp\/v2\/product\/11718","targetHints":{"allow":["GET"]}}],"collection":[{"href":"https:\/\/www.go4dogs.de\/index.php?rest_route=\/wp\/v2\/product"}],"about":[{"href":"https:\/\/www.go4dogs.de\/index.php?rest_route=\/wp\/v2\/types\/product"}],"replies":[{"embeddable":true,"href":"https:\/\/www.go4dogs.de\/index.php?rest_route=%2Fwp%2Fv2%2Fcomments&post=11718"}],"wp:featuredmedia":[{"embeddable":true,"href":"https:\/\/www.go4dogs.de\/index.php?rest_route=\/wp\/v2\/media\/11729"}],"wp:attachment":[{"href":"https:\/\/www.go4dogs.de\/index.php?rest_route=%2Fwp%2Fv2%2Fmedia&parent=11718"}],"wp:term":[{"taxonomy":"product_brand","embeddable":true,"href":"https:\/\/www.go4dogs.de\/index.php?rest_route=%2Fwp%2Fv2%2Fproduct_brand&post=11718"},{"taxonomy":"product_cat","embeddable":true,"href":"https:\/\/www.go4dogs.de\/index.php?rest_route=%2Fwp%2Fv2%2Fproduct_cat&post=11718"},{"taxonomy":"product_tag","embeddable":true,"href":"https:\/\/www.go4dogs.de\/index.php?rest_route=%2Fwp%2Fv2%2Fproduct_tag&post=11718"}],"curies":[{"name":"wp","href":"https:\/\/api.w.org\/{rel}","templated":true}]}}