{"id":11603,"date":"2019-09-07T16:40:58","date_gmt":"2019-09-07T14:40:58","guid":{"rendered":"https:\/\/www.go4dogs.de\/?post_type=product&#038;p=11603"},"modified":"2025-11-20T13:58:01","modified_gmt":"2025-11-20T11:58:01","slug":"west-paw-zogoflex-echo-rondo-hundespielball","status":"publish","type":"product","link":"https:\/\/www.go4dogs.de\/?product=west-paw-zogoflex-echo-rondo-hundespielball","title":{"rendered":"West Paw Zogoflex Echo Rondo Hundespielball"},"content":{"rendered":"<h2>Zogoflex Echo Rondo Hundespielball<\/h2>\n<article class=\"info-left__description info-left__description--content\">\n<div>\n<p><img decoding=\"async\" class=\"info-left__logo\" title=\"\" src=\"https:\/\/uploads.zoobio.de\/resize\/brands\/2016\/03\/31\/56fd00b75cc4e_200x200.png\" alt=\"West Paw\" \/>Ah, wie viel Spa\u00df Fangspiel bringen kann! Ihr Hund wird bestimmt viel Freude mit diesem Rando Ball haben. Der Ball aus der Zogoflex Echo Kollektion h\u00fcpft durch seine spezielle Form unvorhersehbar, was das Fangen spannender macht.\u00a0Rnmdo wurde aus ungiftigem und robustem Material in den USA gefertigt. Durch eine \u00d6ffnung in der Mitte ist der Ball flexibler und leichter. Mit Rondo, der f\u00fcr durchschnittliche Kauer entwickelt wurde, wird Ihr Hund auf\u00a0\u00a0Wolke sieben schweben.<\/p>\n<ul>\n<li>Beide Gr\u00f6\u00dfen sind f\u00fcr gew\u00f6hnliche Launcher geeignet<\/li>\n<li>Flachboden und\u00a0eingekerbte Seiten schaffen\u00a0sprunghafte Bewegung<\/li>\n<li>Eine \u00d6ffnung in der Mitte macht den Ball\u00a0leichter und sorgt f\u00fcr Flexib\u00e4lit\u00e4t<\/li>\n<li>Einfach einzufangen, lustig zu\u00a0zerquetschen\u00a0und zu kauen<\/li>\n<li>Pflegeleicht, kann in der Geschirrsp\u00fclmaschine gereinigt oder einfach mit Wasser aussp\u00fclt werden<\/li>\n<li>Schwimmf\u00e4hig: ideal zum Spielen am Wasser<\/li>\n<li>Purer Spa\u00df: latexfrei, ungiftig, frei von\u00a0BPA<\/li>\n<li>100%\u00a0biologisch abbaubar<\/li>\n<\/ul>\n<\/div>\n<\/article>\n<article class=\"info-left__description info-left__description--content\">\n<div>\n<table border=\"1\" cellspacing=\"1\" cellpadding=\"1\">\n<tbody>\n<tr>\n<td><strong>Gr\u00f6\u00dfe<\/strong><\/td>\n<td><strong>Ma\u00dfe<\/strong><\/td>\n<\/tr>\n<tr>\n<td>S<\/td>\n<td>ca. 6 cm<\/td>\n<\/tr>\n<tr>\n<td>L<\/td>\n<td>ca. 9 cm<\/td>\n<\/tr>\n<\/tbody>\n<\/table>\n<\/div>\n<div><\/div>\n<div>\n<p><strong>Hundespielb\u00e4lle West Paw Zogoflex Echo Rondo Hundespielball Varianten:<\/strong><\/p>\n<ul>\n<li>Zogoflex Echo Rondo Hundespielball Dunkelviolett<\/li>\n<li>Zogoflex Echo Rondo Hundespielball Lime<\/li>\n<li>Zogoflex Echo Rondo Hundespielball Orange<\/li>\n<\/ul>\n<\/div>\n<\/article>\n","protected":false},"excerpt":{"rendered":"<p>West Paw Bumi<\/p>\n","protected":false},"featured_media":11611,"comment_status":"closed","ping_status":"closed","template":"","meta":[],"product_brand":[],"product_cat":[218],"product_tag":[],"class_list":{"0":"post-11603","1":"product","2":"type-product","3":"status-publish","4":"has-post-thumbnail","6":"product_cat-zum-werfen-zerren-jagen","7":"tm-no-options","9":"first","10":"instock","11":"taxable","12":"shipping-taxable","13":"product-type-variable"},"supplier_id":null,"supplier_sku":"","barcode":null,"atum_controlled":true,"out_stock_date":null,"out_stock_threshold":null,"inheritable":true,"inbound_stock":0,"stock_on_hold":0,"sold_today":0,"sales_last_days":2,"reserved_stock":0,"customer_returns":0,"warehouse_damage":0,"lost_in_post":0,"other_logs":0,"out_stock_days":null,"lost_sales":0,"has_location":false,"update_date":"2025-11-27T09:53:43","atum_locations":[],"atum_stock_status":"instock","restock_status":false,"low_stock_amount":"","sales_update_date":"2024-05-21T09:05:32","calc_backorders":null,"jetpack_sharing_enabled":true,"_links":{"self":[{"href":"https:\/\/www.go4dogs.de\/index.php?rest_route=\/wp\/v2\/product\/11603","targetHints":{"allow":["GET"]}}],"collection":[{"href":"https:\/\/www.go4dogs.de\/index.php?rest_route=\/wp\/v2\/product"}],"about":[{"href":"https:\/\/www.go4dogs.de\/index.php?rest_route=\/wp\/v2\/types\/product"}],"replies":[{"embeddable":true,"href":"https:\/\/www.go4dogs.de\/index.php?rest_route=%2Fwp%2Fv2%2Fcomments&post=11603"}],"wp:featuredmedia":[{"embeddable":true,"href":"https:\/\/www.go4dogs.de\/index.php?rest_route=\/wp\/v2\/media\/11611"}],"wp:attachment":[{"href":"https:\/\/www.go4dogs.de\/index.php?rest_route=%2Fwp%2Fv2%2Fmedia&parent=11603"}],"wp:term":[{"taxonomy":"product_brand","embeddable":true,"href":"https:\/\/www.go4dogs.de\/index.php?rest_route=%2Fwp%2Fv2%2Fproduct_brand&post=11603"},{"taxonomy":"product_cat","embeddable":true,"href":"https:\/\/www.go4dogs.de\/index.php?rest_route=%2Fwp%2Fv2%2Fproduct_cat&post=11603"},{"taxonomy":"product_tag","embeddable":true,"href":"https:\/\/www.go4dogs.de\/index.php?rest_route=%2Fwp%2Fv2%2Fproduct_tag&post=11603"}],"curies":[{"name":"wp","href":"https:\/\/api.w.org\/{rel}","templated":true}]}}