{"id":11490,"date":"2019-09-05T17:35:12","date_gmt":"2019-09-05T15:35:12","guid":{"rendered":"https:\/\/www.go4dogs.de\/?post_type=product&#038;p=11490"},"modified":"2024-11-12T18:37:01","modified_gmt":"2024-11-12T16:37:01","slug":"dr-clauders-country-line-rind","status":"publish","type":"product","link":"https:\/\/www.go4dogs.de\/?product=dr-clauders-country-line-rind","title":{"rendered":"Dr.Clauder\u00b4s Country Line Rind"},"content":{"rendered":"<p><span style=\"font-family: Georgia,Palatino; font-size: 12pt;\">Dr.Clauder\u2018s Country Line Snacks Rind bestehen zu 100% aus k\u00f6stlichem Rinderfleisch. Durch die schonende Dampftrocknung beh\u00e4lt das Fleisch sein einzigartiges Aroma. 100% Natur. Zugesetzte Hefe-Beta- Glucane k\u00f6nnen das Immunsystem positiv unterst\u00fctzen.<\/span><\/p>\n<p><span style=\"font-family: Georgia,Palatino; font-size: 12pt;\"><strong>Erg\u00e4nzungsfuttermittel f\u00fcr Hunde.<\/strong><\/span><\/p>\n<p><span style=\"font-family: Georgia,Palatino; font-size: 12pt;\"><strong>Zusammensetzung<\/strong>: Rinderfilet 99,5%, Hefe-Beta Glucane 0,5%. <\/span><\/p>\n<p><span style=\"font-family: Georgia,Palatino; font-size: 12pt;\"><strong>Analytische Bestandteile<\/strong>: Rohprotein 35%, Rohfett 4,9%, Rohfaser 0,3%, Rohasche 4,2%, Feuchtigkeit 23%.. <\/span><\/p>\n<p><span style=\"font-family: Georgia,Palatino; font-size: 12pt;\"><strong>F\u00fctterungshinweise<\/strong>: T\u00e4glich einige St\u00fccke zur Belohnung geben. <\/span><\/p>\n<p><span style=\"font-family: Georgia,Palatino; font-size: 12pt;\"><strong>Anwendungshinweise<\/strong>: Stets frisches Wasser bereitstellen!<\/span><\/p>\n<p><span style=\"font-family: Georgia,Palatino; font-size: 12pt;\"><strong>Verpackung<\/strong>: 170g Beutel<\/span><\/p>\n<p>&nbsp;<\/p>\n","protected":false},"excerpt":{"rendered":"<p>Dr.Clauder\u2018s Country Line Snacks Rind bestehen zu 100% aus k\u00f6stlichem Rinderfleisch. Durch die schonende Dampftrocknung beh\u00e4lt das Fleisch sein einzigartiges Aroma. 100% Natur. Zugesetzte Hefe-Beta- Glucane k\u00f6nnen das Immunsystem positiv unterst\u00fctzen. Erg\u00e4nzungsfuttermittel f\u00fcr Hunde. Zusammensetzung: Rinderfilet 99,5%, Hefe-Beta Glucane 0,5%. Analytische Bestandteile: Rohprotein 35%, Rohfett 4,9%, Rohfaser 0,3%, Rohasche 4,2%, Feuchtigkeit 23%.. F\u00fctterungshinweise: T\u00e4glich einige [&hellip;]<\/p>\n","protected":false},"featured_media":11491,"comment_status":"closed","ping_status":"closed","template":"","meta":[],"product_brand":[],"product_cat":[203,216],"product_tag":[],"class_list":{"0":"post-11490","1":"product","2":"type-product","3":"status-publish","4":"has-post-thumbnail","6":"product_cat-leckerlies","7":"product_cat-leckerlies-von-dr-clauders","8":"tm-no-options","10":"first","11":"instock","12":"taxable","13":"shipping-taxable","14":"product-type-simple"},"supplier_id":null,"supplier_sku":"","barcode":null,"atum_controlled":true,"out_stock_date":null,"out_stock_threshold":null,"inheritable":false,"inbound_stock":0,"stock_on_hold":0,"sold_today":0,"sales_last_days":0,"reserved_stock":0,"customer_returns":0,"warehouse_damage":0,"lost_in_post":0,"other_logs":0,"out_stock_days":0,"lost_sales":0,"has_location":false,"update_date":"2024-11-12T16:37:11","atum_locations":[],"atum_stock_status":"instock","restock_status":false,"low_stock_amount":"","sales_update_date":"2023-03-18T16:06:31","calc_backorders":null,"jetpack_sharing_enabled":true,"_links":{"self":[{"href":"https:\/\/www.go4dogs.de\/index.php?rest_route=\/wp\/v2\/product\/11490","targetHints":{"allow":["GET"]}}],"collection":[{"href":"https:\/\/www.go4dogs.de\/index.php?rest_route=\/wp\/v2\/product"}],"about":[{"href":"https:\/\/www.go4dogs.de\/index.php?rest_route=\/wp\/v2\/types\/product"}],"replies":[{"embeddable":true,"href":"https:\/\/www.go4dogs.de\/index.php?rest_route=%2Fwp%2Fv2%2Fcomments&post=11490"}],"wp:featuredmedia":[{"embeddable":true,"href":"https:\/\/www.go4dogs.de\/index.php?rest_route=\/wp\/v2\/media\/11491"}],"wp:attachment":[{"href":"https:\/\/www.go4dogs.de\/index.php?rest_route=%2Fwp%2Fv2%2Fmedia&parent=11490"}],"wp:term":[{"taxonomy":"product_brand","embeddable":true,"href":"https:\/\/www.go4dogs.de\/index.php?rest_route=%2Fwp%2Fv2%2Fproduct_brand&post=11490"},{"taxonomy":"product_cat","embeddable":true,"href":"https:\/\/www.go4dogs.de\/index.php?rest_route=%2Fwp%2Fv2%2Fproduct_cat&post=11490"},{"taxonomy":"product_tag","embeddable":true,"href":"https:\/\/www.go4dogs.de\/index.php?rest_route=%2Fwp%2Fv2%2Fproduct_tag&post=11490"}],"curies":[{"name":"wp","href":"https:\/\/api.w.org\/{rel}","templated":true}]}}