{"id":11471,"date":"2019-09-05T16:20:02","date_gmt":"2019-09-05T14:20:02","guid":{"rendered":"https:\/\/www.go4dogs.de\/?post_type=product&#038;p=11471"},"modified":"2024-11-13T20:58:38","modified_gmt":"2024-11-13T18:58:38","slug":"doog-walkie-tasche-uni-shoulder-bag","status":"publish","type":"product","link":"https:\/\/www.go4dogs.de\/?product=doog-walkie-tasche-uni-shoulder-bag","title":{"rendered":"Doog Walkie-Tasche uni Shoulder Bag"},"content":{"rendered":"<div class=\"content--title\"><span style=\"font-family: Georgia,Palatino; font-size: 12pt;\">Doog Walkie-Tasche uni<\/span><\/div>\n<div class=\"product--description\">\n<p><span style=\"font-family: Georgia,Palatino; font-size: 12pt;\"><strong>Genial!<\/strong>\u00a0Alles Notwendige in einer Tasche zusammengefasst.<\/span><br \/>\n<span style=\"font-family: Georgia,Palatino; font-size: 12pt;\">Mit Magnetverschluss, einer inliegenden wasserdichten Tasche f\u00fcr das Smartphone z.B., Platz f\u00fcr anderen Kram, ein Netz f\u00fcr Ball oder Flasche und ein Pupsbeutelspender auf der vorderen Seite.<\/span><\/p>\n<p><span style=\"font-family: Georgia,Palatino; font-size: 12pt;\">Abmessungen<\/span><br \/>\n<span style=\"font-family: Georgia,Palatino; font-size: 12pt;\">18 x 24 x 10cm<\/span><\/p>\n<\/div>\n<p><span style=\"font-family: Georgia,Palatino; font-size: 12pt;\">In vier Farben!<\/span><\/p>\n","protected":false},"excerpt":{"rendered":"<p>Doog Walkie-Tasche uni Genial!\u00a0Alles Notwendige in einer Tasche zusammengefasst. Mit Magnetverschluss, einer inliegenden wasserdichten Tasche f\u00fcr das Smartphone z.B., Platz f\u00fcr anderen Kram, ein Netz f\u00fcr Ball oder Flasche und ein Pupsbeutelspender auf der vorderen Seite. Abmessungen 18 x 24 x 10cm In vier Farben!<\/p>\n","protected":false},"featured_media":11479,"comment_status":"closed","ping_status":"closed","template":"","meta":[],"product_brand":[],"product_cat":[226],"product_tag":[],"class_list":{"0":"post-11471","1":"product","2":"type-product","3":"status-publish","4":"has-post-thumbnail","6":"product_cat-taschen","7":"tm-no-options","9":"first","10":"instock","11":"taxable","12":"shipping-taxable","13":"product-type-variable"},"supplier_id":null,"supplier_sku":"","barcode":null,"atum_controlled":true,"out_stock_date":null,"out_stock_threshold":null,"inheritable":false,"inbound_stock":null,"stock_on_hold":0,"sold_today":0,"sales_last_days":1,"reserved_stock":null,"customer_returns":null,"warehouse_damage":null,"lost_in_post":null,"other_logs":null,"out_stock_days":null,"lost_sales":0,"has_location":null,"update_date":"2024-11-13T18:58:39","atum_locations":[],"atum_stock_status":"instock","restock_status":false,"low_stock_amount":"","sales_update_date":null,"calc_backorders":null,"jetpack_sharing_enabled":true,"_links":{"self":[{"href":"https:\/\/www.go4dogs.de\/index.php?rest_route=\/wp\/v2\/product\/11471","targetHints":{"allow":["GET"]}}],"collection":[{"href":"https:\/\/www.go4dogs.de\/index.php?rest_route=\/wp\/v2\/product"}],"about":[{"href":"https:\/\/www.go4dogs.de\/index.php?rest_route=\/wp\/v2\/types\/product"}],"replies":[{"embeddable":true,"href":"https:\/\/www.go4dogs.de\/index.php?rest_route=%2Fwp%2Fv2%2Fcomments&post=11471"}],"wp:featuredmedia":[{"embeddable":true,"href":"https:\/\/www.go4dogs.de\/index.php?rest_route=\/wp\/v2\/media\/11479"}],"wp:attachment":[{"href":"https:\/\/www.go4dogs.de\/index.php?rest_route=%2Fwp%2Fv2%2Fmedia&parent=11471"}],"wp:term":[{"taxonomy":"product_brand","embeddable":true,"href":"https:\/\/www.go4dogs.de\/index.php?rest_route=%2Fwp%2Fv2%2Fproduct_brand&post=11471"},{"taxonomy":"product_cat","embeddable":true,"href":"https:\/\/www.go4dogs.de\/index.php?rest_route=%2Fwp%2Fv2%2Fproduct_cat&post=11471"},{"taxonomy":"product_tag","embeddable":true,"href":"https:\/\/www.go4dogs.de\/index.php?rest_route=%2Fwp%2Fv2%2Fproduct_tag&post=11471"}],"curies":[{"name":"wp","href":"https:\/\/api.w.org\/{rel}","templated":true}]}}