{"id":10186,"date":"2019-07-04T17:34:09","date_gmt":"2019-07-04T15:34:09","guid":{"rendered":"https:\/\/www.go4dogs.de\/?post_type=product&#038;p=10186"},"modified":"2024-11-12T18:37:01","modified_gmt":"2024-11-12T16:37:01","slug":"dr-clauders-sensitive-adult-fisch-reis","status":"publish","type":"product","link":"https:\/\/www.go4dogs.de\/?product=dr-clauders-sensitive-adult-fisch-reis","title":{"rendered":"Dr.Clauder&#8217;s Sensitive Adult Fisch &#038; Reis"},"content":{"rendered":"<p><span style=\"font-family: Georgia,Palatino; font-size: 12pt;\">Deckt alle wichtigen Bed\u00fcrfnisse dieser Hunde ab, inklusive: &#8211; optimierte Verdaulichkeit durch pr\u00e4biotisch wirkende Ballaststoffe (FOS) &#8211; Hohe Bek\u00f6mmlichkeit und Allergenreduktion durch tierische und pflanzliche Einzeleiwei\u00dfquellen, &#8211; ausgewogenes Verh\u00e4ltnis von Eiwei\u00df zu Energie, &#8211; mit Omega Complex 3, 6 und 9 aus Fisch, Fisch\u00f6len und Oliven\u00f6l, &#8211; hohe Futterverwertung, &#8211; enth\u00e4lt FOS, &#8211; Ohne Verwendung von Weizen, &#8211; ohne Konservierungsstoffe.<\/span><\/p>\n<p><span style=\"font-family: Georgia,Palatino; font-size: 12pt;\"><b>Alleinfuttermittel f\u00fcr erwachsene Hunde.<\/b> <\/span><\/p>\n<p><span style=\"font-family: Georgia,Palatino; font-size: 12pt;\"><strong>Zusammensetzung<\/strong>: Fischmehl (20%, Lachs 5%, Kabeljau 5%, Sardine 5%, Forelle 5%), Reis (20%), Reismehl, Reiskleie, Reisprotein, Leinsamen, R\u00fcbentrockenschnitzel, Gefl\u00fcgelfett, Proteinhydrolysat, Fisch\u00f6l (1,5%, als nat\u00fcrliche Quelle f\u00fcr Omega-3 &amp; Omega-6-Fetts\u00e4uren), Chicoreepulver (1% getrocknet), Hefe (getrocknet, inkl. 0,05% Glucane), Oliven\u00f6l (0,1% als nat\u00fcrliche Quelle f\u00fcr Omega-9-Fetts\u00e4uren). <\/span><\/p>\n<p><span style=\"font-family: Georgia,Palatino; font-size: 12pt;\"><strong>Analytische Bestandteile<\/strong>: Rohprotein 24%, Rohfett 13%, Rohfaser 3%, Rohasche 6,5%, Calcium 1,15%, Phosphor 0,9%. <\/span><\/p>\n<p><span style=\"font-family: Georgia,Palatino; font-size: 12pt;\"><strong>Zusatzstoffe\/kg: <\/strong><\/span><\/p>\n<p><span style=\"font-family: Georgia,Palatino; font-size: 12pt;\"><strong>Ern\u00e4hrungsphysiologische Zusatzstoffe<\/strong>: Vitamine A 13.500IE, D3 1.350IE, E 250mg, B1 3mg, B2 6mg, B6 2mg, B12 45mcg, C 100mg, Biotin 200mcg, Fols\u00e4ure 1mg, Nicotins\u00e4ure 18mg, Pantothens\u00e4ure 18mg, Cholinchlorid 1.200mg, Kupfer (als Kupfer(II)-sulfat, Pentahydrat) 11mg, Zink (als Zinkoxid) 77mg, Jod (als Kalziumjodat, wasserfrei) 2mg, Selen (als Natriumselenit) 0,2mg. <\/span><\/p>\n<p><span style=\"font-family: Georgia,Palatino; font-size: 12pt;\"><strong>Technologische Zusatzstoffe<\/strong>: Mit Antioxidans: EG Zusatzstoffe (stark tocopherolhaltige Extrakte nat\u00fcrlichen Ursprungs, Propylgallat). <\/span><\/p>\n<p><span style=\"font-family: Georgia,Palatino; font-size: 12pt;\"><strong>F\u00fctterungshinweise<\/strong>: siehe Tabelle. <\/span><\/p>\n<p><span style=\"font-family: Georgia,Palatino; font-size: 12pt;\"><strong>Anwendungshinweise<\/strong>: Stets frisches Wasser bereit stellen! Vor Feuchtigkeit sch\u00fctzen! K\u00fchl und trocken aufbewahren!<\/span><\/p>\n<p><span style=\"font-family: Georgia,Palatino; font-size: 12pt;\"><strong>Verpackung<\/strong>: 350g Beutel\u00a0 |\u00a0 4kg Beutel\u00a0 | 12,5kg Beutel<\/span><\/p>\n","protected":false},"excerpt":{"rendered":"<p>Deckt alle wichtigen Bed\u00fcrfnisse dieser Hunde ab, inklusive: &#8211; optimierte Verdaulichkeit durch pr\u00e4biotisch wirkende Ballaststoffe (FOS) &#8211; Hohe Bek\u00f6mmlichkeit und Allergenreduktion durch tierische und pflanzliche Einzeleiwei\u00dfquellen, &#8211; ausgewogenes Verh\u00e4ltnis von Eiwei\u00df zu Energie, &#8211; mit Omega Complex 3, 6 und 9 aus Fisch, Fisch\u00f6len und Oliven\u00f6l, &#8211; hohe Futterverwertung, &#8211; enth\u00e4lt FOS, &#8211; Ohne Verwendung [&hellip;]<\/p>\n","protected":false},"featured_media":10190,"comment_status":"closed","ping_status":"closed","template":"","meta":[],"product_brand":[],"product_cat":[200],"product_tag":[],"class_list":{"0":"post-10186","1":"product","2":"type-product","3":"status-publish","4":"has-post-thumbnail","6":"product_cat-trockenfutter-von-dr-clauders","7":"tm-no-options","9":"first","10":"instock","11":"taxable","12":"shipping-taxable","13":"product-type-variable"},"supplier_id":null,"supplier_sku":"","barcode":null,"atum_controlled":true,"out_stock_date":null,"out_stock_threshold":null,"inheritable":false,"inbound_stock":null,"stock_on_hold":null,"sold_today":null,"sales_last_days":null,"reserved_stock":null,"customer_returns":null,"warehouse_damage":null,"lost_in_post":null,"other_logs":null,"out_stock_days":null,"lost_sales":null,"has_location":null,"update_date":"2024-11-12T16:37:11","atum_locations":[],"atum_stock_status":"instock","restock_status":false,"low_stock_amount":"","sales_update_date":null,"calc_backorders":null,"jetpack_sharing_enabled":true,"_links":{"self":[{"href":"https:\/\/www.go4dogs.de\/index.php?rest_route=\/wp\/v2\/product\/10186","targetHints":{"allow":["GET"]}}],"collection":[{"href":"https:\/\/www.go4dogs.de\/index.php?rest_route=\/wp\/v2\/product"}],"about":[{"href":"https:\/\/www.go4dogs.de\/index.php?rest_route=\/wp\/v2\/types\/product"}],"replies":[{"embeddable":true,"href":"https:\/\/www.go4dogs.de\/index.php?rest_route=%2Fwp%2Fv2%2Fcomments&post=10186"}],"wp:featuredmedia":[{"embeddable":true,"href":"https:\/\/www.go4dogs.de\/index.php?rest_route=\/wp\/v2\/media\/10190"}],"wp:attachment":[{"href":"https:\/\/www.go4dogs.de\/index.php?rest_route=%2Fwp%2Fv2%2Fmedia&parent=10186"}],"wp:term":[{"taxonomy":"product_brand","embeddable":true,"href":"https:\/\/www.go4dogs.de\/index.php?rest_route=%2Fwp%2Fv2%2Fproduct_brand&post=10186"},{"taxonomy":"product_cat","embeddable":true,"href":"https:\/\/www.go4dogs.de\/index.php?rest_route=%2Fwp%2Fv2%2Fproduct_cat&post=10186"},{"taxonomy":"product_tag","embeddable":true,"href":"https:\/\/www.go4dogs.de\/index.php?rest_route=%2Fwp%2Fv2%2Fproduct_tag&post=10186"}],"curies":[{"name":"wp","href":"https:\/\/api.w.org\/{rel}","templated":true}]}}