{"id":344,"date":"2015-04-20T21:02:25","date_gmt":"2015-04-20T19:02:25","guid":{"rendered":"http:\/\/www.go4dogs.de\/?page_id=344"},"modified":"2026-01-29T07:51:49","modified_gmt":"2026-01-29T05:51:49","slug":"kontakt-2","status":"publish","type":"page","link":"https:\/\/www.go4dogs.de\/?page_id=344","title":{"rendered":"Kontakt \/ \u00d6ffnungszeiten"},"content":{"rendered":"\n<p><\/p>\n\n\n<p style=\"text-align: left;\"><span style=\"font-size: 12pt;\"><a href=\"http:\/\/www.go4dogs.de\/wp-content\/uploads\/2015\/02\/dogpoint-pos-grauweiss-himbeer-e1429556814603.png\"><img decoding=\"async\" class=\" size-medium wp-image-220 alignnone\" src=\"http:\/\/www.go4dogs.de\/wp-content\/uploads\/2015\/02\/dogpoint-pos-grauweiss-himbeer-300x93.png\" alt=\"dogpoint-pos-grauweiss-himbeer\" width=\"300\" height=\"93\" \/><\/a><\/span><\/p>\n<p style=\"text-align: left;\"><span style=\"font-family: Georgia,Palatino; font-size: 12pt;\">Inh. Sascha Berrang<\/span><br \/><span style=\"font-family: Georgia,Palatino; font-size: 12pt;\">Hanauer Stra\u00dfe 30 \u0399 63755 Alzenau<\/span><br \/><span style=\"font-family: Georgia,Palatino; font-size: 12pt;\">Mobil 01 60\/ 880 94 84<\/span><br \/><span style=\"font-family: Georgia, Palatino; font-size: 12pt;\"> Email: sascha@go4dogs.de<\/span><\/p>\n<p style=\"text-align: left;\"><span style=\"color: #c6183e; font-family: Georgia, Palatino; font-size: 12pt;\"><strong>\u00d6ffnungszeiten:<\/strong><\/span><\/p>\n<p style=\"text-align: left;\"><span style=\"color: #000000; font-family: Georgia, Palatino; font-size: 12pt;\"><strong>Euer dogpoint wird in wenigen Wochen f\u00fcr immer schlie\u00dfen. Ich befinde mich daher schon im Ausverkauf. Daher haben wir aktuell nur noch sehr reduziert ge\u00f6ffnet.<\/strong><\/span><\/p>\n<p>KW 5: Donnerstag (29.1.) von 13 &#8211; 18 Uhr; Freitag (30.1.) von 9 &#8211; 12h und 15 &#8211; 18 Uhr; Samstag (31.1.) von 9 &#8211; 13 Uhr<br \/>KW 6: voraussichtlich Freitag (6.2.) von 13 &#8211; 18 Uhr<\/p>","protected":false},"excerpt":{"rendered":"<p>Inh. Sascha BerrangHanauer Stra\u00dfe 30 \u0399 63755 AlzenauMobil 01 60\/ 880 94 84 Email: sascha@go4dogs.de \u00d6ffnungszeiten: Euer dogpoint wird in wenigen Wochen f\u00fcr immer schlie\u00dfen. Ich befinde mich daher schon im Ausverkauf. Daher haben wir aktuell nur noch sehr reduziert ge\u00f6ffnet. KW 5: Donnerstag (29.1.) von 13 &#8211; 18 Uhr; Freitag (30.1.) von 9 &#8211; [&hellip;]<\/p>\n","protected":false},"author":1,"featured_media":0,"parent":0,"menu_order":4,"comment_status":"closed","ping_status":"closed","template":"","meta":{"footnotes":""},"class_list":["post-344","page","type-page","status-publish","hentry"],"jetpack_sharing_enabled":true,"_links":{"self":[{"href":"https:\/\/www.go4dogs.de\/index.php?rest_route=\/wp\/v2\/pages\/344","targetHints":{"allow":["GET"]}}],"collection":[{"href":"https:\/\/www.go4dogs.de\/index.php?rest_route=\/wp\/v2\/pages"}],"about":[{"href":"https:\/\/www.go4dogs.de\/index.php?rest_route=\/wp\/v2\/types\/page"}],"author":[{"embeddable":true,"href":"https:\/\/www.go4dogs.de\/index.php?rest_route=\/wp\/v2\/users\/1"}],"replies":[{"embeddable":true,"href":"https:\/\/www.go4dogs.de\/index.php?rest_route=%2Fwp%2Fv2%2Fcomments&post=344"}],"version-history":[{"count":86,"href":"https:\/\/www.go4dogs.de\/index.php?rest_route=\/wp\/v2\/pages\/344\/revisions"}],"predecessor-version":[{"id":23842,"href":"https:\/\/www.go4dogs.de\/index.php?rest_route=\/wp\/v2\/pages\/344\/revisions\/23842"}],"wp:attachment":[{"href":"https:\/\/www.go4dogs.de\/index.php?rest_route=%2Fwp%2Fv2%2Fmedia&parent=344"}],"curies":[{"name":"wp","href":"https:\/\/api.w.org\/{rel}","templated":true}]}}