{"id":172,"date":"2015-02-07T21:36:11","date_gmt":"2015-02-07T19:36:11","guid":{"rendered":"http:\/\/www.go4dogs.de\/?page_id=172"},"modified":"2025-01-02T21:09:30","modified_gmt":"2025-01-02T19:09:30","slug":"impressum","status":"publish","type":"page","link":"https:\/\/www.go4dogs.de\/?page_id=172","title":{"rendered":"Impressum"},"content":{"rendered":"\t\t<div data-elementor-type=\"wp-page\" data-elementor-id=\"172\" class=\"elementor elementor-172\">\n\t\t\t\t\t\t<section class=\"elementor-section elementor-top-section elementor-element elementor-element-5c30dc5e elementor-section-boxed elementor-section-height-default elementor-section-height-default\" data-id=\"5c30dc5e\" data-element_type=\"section\" data-e-type=\"section\">\n\t\t\t\t\t\t<div class=\"elementor-container elementor-column-gap-default\">\n\t\t\t\t\t<div class=\"elementor-column elementor-col-100 elementor-top-column elementor-element elementor-element-1228a845\" data-id=\"1228a845\" data-element_type=\"column\" data-e-type=\"column\">\n\t\t\t<div class=\"elementor-widget-wrap elementor-element-populated\">\n\t\t\t\t\t\t<div class=\"elementor-element elementor-element-103ab524 elementor-widget elementor-widget-text-editor\" data-id=\"103ab524\" data-element_type=\"widget\" data-e-type=\"widget\" data-widget_type=\"text-editor.default\">\n\t\t\t\t<div class=\"elementor-widget-container\">\n\t\t\t\t\t\t\t\t\t<p><strong>Impressum<\/strong><br>Gesetzliche Anbieterkennung:<br>Sascha Berrang<br>dogpoint Sascha Berrang <br>Hanauer Stra\u00dfe 30<br>63755 Alzenau<br>Deutschland<br>Telefon: +491608809484<br>E-Mail: sascha@go4dogs.de<br>USt-IdNr.: DE297867012<\/p><p>\n<\/p><p><br><strong>Alternative Streitbeilegung:<\/strong><br>.<br>Die Europ\u00e4ische Kommission stellt eine Plattform f\u00fcr die au\u00dfergerichtliche Online-Streitbeilegung (OS-Plattform) bereit, aufrufbar<br>unter https:\/\/ec.europa.eu\/odr<br>Wir sind nicht bereit und nicht verpflichtet, an Streitbeilegungsverfahren vor Verbraucherschlichtungsstellen teilzunehmen.<\/p>\t\t\t\t\t\t\t\t<\/div>\n\t\t\t\t<\/div>\n\t\t\t\t\t<\/div>\n\t\t<\/div>\n\t\t\t\t\t<\/div>\n\t\t<\/section>\n\t\t\t\t<\/div>\n\t\t","protected":false},"excerpt":{"rendered":"<p>ImpressumGesetzliche Anbieterkennung:Sascha Berrangdogpoint Sascha Berrang Hanauer Stra\u00dfe 3063755 AlzenauDeutschlandTelefon: +491608809484E-Mail: sascha@go4dogs.deUSt-IdNr.: DE297867012 Alternative Streitbeilegung:.Die Europ\u00e4ische Kommission stellt eine Plattform f\u00fcr die au\u00dfergerichtliche Online-Streitbeilegung (OS-Plattform) bereit, aufrufbarunter https:\/\/ec.europa.eu\/odrWir sind nicht bereit und nicht verpflichtet, an Streitbeilegungsverfahren vor Verbraucherschlichtungsstellen teilzunehmen.<\/p>\n","protected":false},"author":1,"featured_media":0,"parent":0,"menu_order":5,"comment_status":"closed","ping_status":"closed","template":"","meta":{"footnotes":""},"class_list":["post-172","page","type-page","status-publish","hentry"],"jetpack_sharing_enabled":true,"_links":{"self":[{"href":"https:\/\/www.go4dogs.de\/index.php?rest_route=\/wp\/v2\/pages\/172","targetHints":{"allow":["GET"]}}],"collection":[{"href":"https:\/\/www.go4dogs.de\/index.php?rest_route=\/wp\/v2\/pages"}],"about":[{"href":"https:\/\/www.go4dogs.de\/index.php?rest_route=\/wp\/v2\/types\/page"}],"author":[{"embeddable":true,"href":"https:\/\/www.go4dogs.de\/index.php?rest_route=\/wp\/v2\/users\/1"}],"replies":[{"embeddable":true,"href":"https:\/\/www.go4dogs.de\/index.php?rest_route=%2Fwp%2Fv2%2Fcomments&post=172"}],"version-history":[{"count":10,"href":"https:\/\/www.go4dogs.de\/index.php?rest_route=\/wp\/v2\/pages\/172\/revisions"}],"predecessor-version":[{"id":23139,"href":"https:\/\/www.go4dogs.de\/index.php?rest_route=\/wp\/v2\/pages\/172\/revisions\/23139"}],"wp:attachment":[{"href":"https:\/\/www.go4dogs.de\/index.php?rest_route=%2Fwp%2Fv2%2Fmedia&parent=172"}],"curies":[{"name":"wp","href":"https:\/\/api.w.org\/{rel}","templated":true}]}}